{"id":994,"date":"2023-01-12T17:10:54","date_gmt":"2023-01-12T17:10:54","guid":{"rendered":"https:\/\/tybou.eu\/wordpress\/fa\/?post_type=product&#038;p=994"},"modified":"2025-08-25T11:52:30","modified_gmt":"2025-08-25T11:52:30","slug":"fond-bouteille-boni-78mm","status":"publish","type":"product","link":"https:\/\/tybou.eu\/wordpress\/fa\/product\/fond-bouteille-boni-78mm\/","title":{"rendered":"Fond bouteille boni 78mm"},"content":{"rendered":"<p>Fond de bouteille pour bouteille \u00ab\u00a0ronde\u00a0\u00bb avec les parois de 78mm de diam\u00e8tre (comme les bouteilles de 1l d&rsquo;eau p\u00e9tillante boni). Il faut 2 bouteilles pour chaque museli\u00e8re-pi\u00e8ge de frelon asiatique.<\/p>\n<p>R\u00e9alis\u00e9 \u00e0 l&rsquo;imprimante 3D, en PLA (amidon de ma\u00efs). La couleur d\u00e9pendra du PLA utilis\u00e9 au moment de la production. Si jamais vous souhaitez une couleur particuli\u00e8re, me contacter au pr\u00e9alable.<\/p>\n<p>\u00c0 fixer en sortie de la museli\u00e8re-pi\u00e8ge d\u00e9crite ici : <a href=\"https:\/\/tybou.eu\/wordpress\/blog\/2022\/04\/02\/museliere-piege-frelons-asiatique\/\">cliquer ici<\/a>.<\/p>\n<p>Un exemple en images et vid\u00e9o de la pr\u00e9paration des bouteilles est disponible ici : <a href=\"https:\/\/tybou.eu\/wordpress\/fa\/2022\/05\/02\/bouteilles-laterales-pour-museliere-piege\/\">cliquer ici<\/a>.<\/p>\n","protected":false},"excerpt":{"rendered":"<p>Fond pour bouteille de section ronde, 7,8cm.<br \/>\n(bouteilles boni de 1l d&rsquo;eau p\u00e9tillante par exemple).<br \/>\nAchat \u00e0 l&rsquo;unit\u00e9 ou par paire.<\/p>\n","protected":false},"featured_media":1000,"comment_status":"open","ping_status":"closed","template":"","meta":[],"product_brand":[],"product_cat":[26,34,31,27],"product_tag":[],"class_list":{"0":"post-994","1":"product","2":"type-product","3":"status-publish","4":"has-post-thumbnail","6":"product_cat-capture","7":"product_cat-fond-bouteille-sortie","8":"product_cat-museliere","9":"product_cat-pla","11":"first","12":"onbackorder","13":"shipping-taxable","14":"purchasable","15":"product-type-variable","16":"has-default-attributes"},"_links":{"self":[{"href":"https:\/\/tybou.eu\/wordpress\/fa\/wp-json\/wp\/v2\/product\/994","targetHints":{"allow":["GET"]}}],"collection":[{"href":"https:\/\/tybou.eu\/wordpress\/fa\/wp-json\/wp\/v2\/product"}],"about":[{"href":"https:\/\/tybou.eu\/wordpress\/fa\/wp-json\/wp\/v2\/types\/product"}],"replies":[{"embeddable":true,"href":"https:\/\/tybou.eu\/wordpress\/fa\/wp-json\/wp\/v2\/comments?post=994"}],"wp:featuredmedia":[{"embeddable":true,"href":"https:\/\/tybou.eu\/wordpress\/fa\/wp-json\/wp\/v2\/media\/1000"}],"wp:attachment":[{"href":"https:\/\/tybou.eu\/wordpress\/fa\/wp-json\/wp\/v2\/media?parent=994"}],"wp:term":[{"taxonomy":"product_brand","embeddable":true,"href":"https:\/\/tybou.eu\/wordpress\/fa\/wp-json\/wp\/v2\/product_brand?post=994"},{"taxonomy":"product_cat","embeddable":true,"href":"https:\/\/tybou.eu\/wordpress\/fa\/wp-json\/wp\/v2\/product_cat?post=994"},{"taxonomy":"product_tag","embeddable":true,"href":"https:\/\/tybou.eu\/wordpress\/fa\/wp-json\/wp\/v2\/product_tag?post=994"}],"curies":[{"name":"wp","href":"https:\/\/api.w.org\/{rel}","templated":true}]}}