{"id":981,"date":"2023-01-12T16:44:08","date_gmt":"2023-01-12T16:44:08","guid":{"rendered":"https:\/\/tybou.eu\/wordpress\/fa\/?post_type=product&#038;p=981"},"modified":"2025-05-31T22:35:12","modified_gmt":"2025-05-31T22:35:12","slug":"cone-chasse-abeilles","status":"publish","type":"product","link":"https:\/\/tybou.eu\/wordpress\/fa\/product\/cone-chasse-abeilles\/","title":{"rendered":"C\u00f4ne chasse-abeilles"},"content":{"rendered":"<p>C\u00f4ne chasse-abeilles \u00e0 ins\u00e9rer dans les a\u00e9ration des toits de ruches en bois.<\/p>\n<p>Ce petit c\u00f4ne chasse-abeilles peut-\u00eatre utilis\u00e9 comme chasse-abeilles afin de vider la hausse de ses abeilles avant la r\u00e9colte.<br \/>\nIl est toutefois principalement utilis\u00e9 pour lib\u00e9rer les abeilles malencontreusement bloqu\u00e9es entre le couvre-cadres et le toit en bois.<br \/>\nCertains\u00a0toits en bois ont d\u00e9j\u00e0 un trou pr\u00e9-perfor\u00e9 aux bonnes dimensions. Il est recommand\u00e9\u00a0de mettre au moins 2 c\u00f4nes par toit.<\/p>\n<p>R\u00e9alis\u00e9 \u00e0 l&rsquo;imprimante 3D, en PLA (amidon de ma\u00efs). La couleur d\u00e9pendra du PLA utilis\u00e9 au moment de la production. Si jamais vous souhaitez une couleur particuli\u00e8re, me contacter au pr\u00e9alable.<\/p>\n<p>Vous pouvez, au choix, en acheter un seul ou par paire.<\/p>\n","protected":false},"excerpt":{"rendered":"<p>C\u00f4ne chasse-abeilles \u00e0 ins\u00e9rer dans les a\u00e9ration des toits de ruches en bois.<br \/>\nAchat \u00e0 l&rsquo;unit\u00e9 ou par paire.<\/p>\n","protected":false},"featured_media":1008,"comment_status":"open","ping_status":"closed","template":"","meta":[],"product_brand":[],"product_cat":[30,27],"product_tag":[],"class_list":{"0":"post-981","1":"product","2":"type-product","3":"status-publish","4":"has-post-thumbnail","6":"product_cat-cone-de-sortie","7":"product_cat-pla","9":"first","10":"instock","11":"shipping-taxable","12":"purchasable","13":"product-type-variable","14":"has-default-attributes"},"_links":{"self":[{"href":"https:\/\/tybou.eu\/wordpress\/fa\/wp-json\/wp\/v2\/product\/981","targetHints":{"allow":["GET"]}}],"collection":[{"href":"https:\/\/tybou.eu\/wordpress\/fa\/wp-json\/wp\/v2\/product"}],"about":[{"href":"https:\/\/tybou.eu\/wordpress\/fa\/wp-json\/wp\/v2\/types\/product"}],"replies":[{"embeddable":true,"href":"https:\/\/tybou.eu\/wordpress\/fa\/wp-json\/wp\/v2\/comments?post=981"}],"wp:featuredmedia":[{"embeddable":true,"href":"https:\/\/tybou.eu\/wordpress\/fa\/wp-json\/wp\/v2\/media\/1008"}],"wp:attachment":[{"href":"https:\/\/tybou.eu\/wordpress\/fa\/wp-json\/wp\/v2\/media?parent=981"}],"wp:term":[{"taxonomy":"product_brand","embeddable":true,"href":"https:\/\/tybou.eu\/wordpress\/fa\/wp-json\/wp\/v2\/product_brand?post=981"},{"taxonomy":"product_cat","embeddable":true,"href":"https:\/\/tybou.eu\/wordpress\/fa\/wp-json\/wp\/v2\/product_cat?post=981"},{"taxonomy":"product_tag","embeddable":true,"href":"https:\/\/tybou.eu\/wordpress\/fa\/wp-json\/wp\/v2\/product_tag?post=981"}],"curies":[{"name":"wp","href":"https:\/\/api.w.org\/{rel}","templated":true}]}}