{"id":4319,"date":"2025-09-15T13:01:50","date_gmt":"2025-09-15T13:01:50","guid":{"rendered":"https:\/\/tybou.eu\/wordpress\/fa\/?post_type=product&#038;p=4319"},"modified":"2026-03-20T07:51:13","modified_gmt":"2026-03-20T07:51:13","slug":"harpe-electrique-set-de-barrettes-tendeuses-de-fil","status":"publish","type":"product","link":"https:\/\/tybou.eu\/wordpress\/fa\/product\/harpe-electrique-set-de-barrettes-tendeuses-de-fil\/","title":{"rendered":"Harpe \u00e9lectrique : set de barrettes tendeuses de fil"},"content":{"rendered":"<p>Set de barrettes permettant la pose des fils d&rsquo;une harpes \u00e9lectrique en 2 passes.<br \/>\nPas besoin de d\u00e9couper chaque fil ! Un passage unique en zig-zag suffit \u00e0 placer une polarit\u00e9 (sur les 2).<\/p>\n<p>Ces pi\u00e8ces sont des impressions du design con\u00e7u par \u00ab\u00a0Abahli\u00a0\u00bb, dont vous trouverez les sources ici : <a href=\"https:\/\/cults3d.com\/fr\/mod%C3%A8le-3d\/divers\/composants-de-harpe-electrique-anti-frelons-asiatiques\">cults3d.com &#8211; composants-de-harpe-electrique-anti-frelons-asiatiques<\/a><br \/>\nN&rsquo;h\u00e9sitez pas \u00e0 lui faire un don pour son excellent travail de conception !<\/p>\n<p>Vous trouverez donc ici, soit un ensemble (set) pour \u00e9quiper un seul pan d&rsquo;un tr\u00e9teau en bois, soit une paire de sets permettant d&rsquo;\u00e9quiper les 2 pans du tr\u00e9teau.<\/p>\n<p>Pour construire une harpe compl\u00e8te, il vous faudra ajouter :<\/p>\n<ul>\n<li>1 tr\u00e9teau,<\/li>\n<li>Du fil inox (tel que celui pour filer les cadres),<\/li>\n<li>1 kit haute tension et son alimentation (continue sur 220V ou une batterie ou via panneau solaire ou autre),<\/li>\n<li>1 syst\u00e8me de collecte des frelons (\u00e0 sec de pr\u00e9f\u00e9rence, via un syst\u00e8me d&rsquo;entonnoir et une bouteille finale, par exemple),<\/li>\n<li>Les c\u00e2bles de connexion et rallonges si n\u00e9cessaire.<\/li>\n<\/ul>\n<p>Les pi\u00e8ces vendues dans ce set ont \u00e9t\u00e9 r\u00e9alis\u00e9es \u00e0 l&rsquo;imprimante 3D, en PETG, de couleur noire, r\u00e9sistantes au soleil, pluie et UV.<\/p>\n<p>\u00c0 fixer par vissage dans le bois du tr\u00e9teau, tel que visible sur les photos et dans les tutos.<\/p>\n","protected":false},"excerpt":{"rendered":"<p>Barrettes permettant la pose des fils d&rsquo;une harpes \u00e9lectrique.<br \/>\nMod\u00e8le con\u00e7u par \u00ab\u00a0Abahli\u00a0\u00bb (<a href=\"https:\/\/cults3d.com\/fr\/mod%C3%A8le-3d\/divers\/composants-de-harpe-electrique-anti-frelons-asiatiques\">sources ici<\/a>).<br \/>\nAchat \u00e0 l&rsquo;unit\u00e9 (1 pan de tr\u00e9teau) ou par paire (pour 2 pans de tr\u00e9teau).<\/p>\n","protected":false},"featured_media":4578,"comment_status":"open","ping_status":"closed","template":"","meta":[],"product_brand":[],"product_cat":[75,74,73],"product_tag":[],"class_list":{"0":"post-4319","1":"product","2":"type-product","3":"status-publish","4":"has-post-thumbnail","6":"product_cat-barrettes-fils","7":"product_cat-harpe","8":"product_cat-petg","10":"first","11":"outofstock","12":"shipping-taxable","13":"purchasable","14":"product-type-variable","15":"has-default-attributes"},"_links":{"self":[{"href":"https:\/\/tybou.eu\/wordpress\/fa\/wp-json\/wp\/v2\/product\/4319","targetHints":{"allow":["GET"]}}],"collection":[{"href":"https:\/\/tybou.eu\/wordpress\/fa\/wp-json\/wp\/v2\/product"}],"about":[{"href":"https:\/\/tybou.eu\/wordpress\/fa\/wp-json\/wp\/v2\/types\/product"}],"replies":[{"embeddable":true,"href":"https:\/\/tybou.eu\/wordpress\/fa\/wp-json\/wp\/v2\/comments?post=4319"}],"wp:featuredmedia":[{"embeddable":true,"href":"https:\/\/tybou.eu\/wordpress\/fa\/wp-json\/wp\/v2\/media\/4578"}],"wp:attachment":[{"href":"https:\/\/tybou.eu\/wordpress\/fa\/wp-json\/wp\/v2\/media?parent=4319"}],"wp:term":[{"taxonomy":"product_brand","embeddable":true,"href":"https:\/\/tybou.eu\/wordpress\/fa\/wp-json\/wp\/v2\/product_brand?post=4319"},{"taxonomy":"product_cat","embeddable":true,"href":"https:\/\/tybou.eu\/wordpress\/fa\/wp-json\/wp\/v2\/product_cat?post=4319"},{"taxonomy":"product_tag","embeddable":true,"href":"https:\/\/tybou.eu\/wordpress\/fa\/wp-json\/wp\/v2\/product_tag?post=4319"}],"curies":[{"name":"wp","href":"https:\/\/api.w.org\/{rel}","templated":true}]}}