{"id":402,"date":"2022-10-27T14:31:57","date_gmt":"2022-10-27T14:31:57","guid":{"rendered":"https:\/\/tybou.eu\/wordpress\/fa\/?post_type=product&#038;p=402"},"modified":"2026-03-28T19:50:39","modified_gmt":"2026-03-28T19:50:39","slug":"couvercle-piege-to63","status":"publish","type":"product","link":"https:\/\/tybou.eu\/wordpress\/fa\/product\/couvercle-piege-to63\/","title":{"rendered":"Couvercle pi\u00e8ge TO63"},"content":{"rendered":"<p>Couvercle-c\u00f4ne d&rsquo;entr\u00e9e pour pi\u00e8ge s\u00e9lectif de frelon asiatique. Id\u00e9al pour pi\u00e9ger les frelons asiatiques dans un rucher attaqu\u00e9, ou les fondatrices au printemps dans votre jardin.<\/p>\n<p>\u00c0 visser sur un pot en verre type TO63 (6,3cm de diam\u00e8tre au niveau du filetage du couvercle), genre pot de miel droit 250g ou 500g, dit \u00ab\u00a0pot \u00e0 la fran\u00e7aise\u00a0\u00bb ou \u00ab\u00a0de confiture\u00a0\u00bb, pot de moutarde Maille&#8230;<\/p>\n<p>L&rsquo;orifice de passage du frelon asiatique est de forme ellipso\u00efdale, de 8,6mm x 8,2mm, les trous de sortie sont de 5,5mm, ce qui est conforme aux derni\u00e8res informations scientifiques connues \u00e0 ce jour. La derni\u00e8re \u00e9tude du CARI et du CRAW sur le sujet est accessible <a href=\"https:\/\/tybou.eu\/wordpress\/fa\/2023\/09\/25\/le-piegeage-de-printemps-cari\/\">ici<\/a>.<\/p>\n<p>La version qui sera produite est la derni\u00e8re en terme de d\u00e9veloppements au jour de la commande. Vous trouverez l&rsquo;historique des diff\u00e9rentes versions depuis la cr\u00e9ation <a href=\"https:\/\/tybou.eu\/wordpress\/fa\/couvercle-cone-dit-sombrero-historique\/\">ici<\/a>.<\/p>\n<p>R\u00e9alis\u00e9 \u00e0 l&rsquo;imprimante 3D, en PLA (amidon de ma\u00efs), de couleur jaune (qui semble \u00eatre le plus attirant pour le frelon asiatique, voir \u00e9tude ci-dessus). Il dispose de 2 petites \u00ab\u00a0oreilles\u00a0\u00bb qui permettent de le poser de fa\u00e7on inclin\u00e9e sur un plan horizontal ou de le suspendre.<\/p>\n<p>Peut-\u00eatre utilis\u00e9 pour r\u00e9aliser un pi\u00e8ge comme d\u00e9crit ici : <a href=\"https:\/\/tybou.eu\/wordpress\/blog\/2022\/06\/24\/couvercle-pour-piege-fa-sur-pot\/\">cliquer ici<\/a>.<\/p>\n<p>Un app\u00e2t qui fonctionne : 1\/3 vin blanc, 1\/3 bi\u00e8re, 1\/3 sirop. Soit directement dans le pot en position verticale, soit \u00e0 imbiber dans un morceau d&rsquo;\u00e9ponge au fond pour mettre le pot en position horizontale.<\/p>\n<div id=\"ConnectiveDocSignExtentionInstalled\" data-extension-version=\"1.0.4\"><\/div>\n","protected":false},"excerpt":{"rendered":"<p>Couvercle-c\u00f4ne de pi\u00e8ge s\u00e9lectif de frelon asiatique.<br \/>\nFormat TO63 (pot de 6,3cm de diam\u00e8tre).<br \/>\nAchat \u00e0 l&rsquo;unit\u00e9 ou par paire, avec ou sans le pot en verre.<\/p>\n","protected":false},"featured_media":2953,"comment_status":"open","ping_status":"closed","template":"","meta":[],"product_brand":[],"product_cat":[26,28,27,29],"product_tag":[],"class_list":{"0":"post-402","1":"product","2":"type-product","3":"status-publish","4":"has-post-thumbnail","6":"product_cat-capture","7":"product_cat-cone-dentree","8":"product_cat-pla","9":"product_cat-to80","11":"first","12":"instock","13":"shipping-taxable","14":"purchasable","15":"product-type-variable","16":"has-default-attributes"},"_links":{"self":[{"href":"https:\/\/tybou.eu\/wordpress\/fa\/wp-json\/wp\/v2\/product\/402","targetHints":{"allow":["GET"]}}],"collection":[{"href":"https:\/\/tybou.eu\/wordpress\/fa\/wp-json\/wp\/v2\/product"}],"about":[{"href":"https:\/\/tybou.eu\/wordpress\/fa\/wp-json\/wp\/v2\/types\/product"}],"replies":[{"embeddable":true,"href":"https:\/\/tybou.eu\/wordpress\/fa\/wp-json\/wp\/v2\/comments?post=402"}],"wp:featuredmedia":[{"embeddable":true,"href":"https:\/\/tybou.eu\/wordpress\/fa\/wp-json\/wp\/v2\/media\/2953"}],"wp:attachment":[{"href":"https:\/\/tybou.eu\/wordpress\/fa\/wp-json\/wp\/v2\/media?parent=402"}],"wp:term":[{"taxonomy":"product_brand","embeddable":true,"href":"https:\/\/tybou.eu\/wordpress\/fa\/wp-json\/wp\/v2\/product_brand?post=402"},{"taxonomy":"product_cat","embeddable":true,"href":"https:\/\/tybou.eu\/wordpress\/fa\/wp-json\/wp\/v2\/product_cat?post=402"},{"taxonomy":"product_tag","embeddable":true,"href":"https:\/\/tybou.eu\/wordpress\/fa\/wp-json\/wp\/v2\/product_tag?post=402"}],"curies":[{"name":"wp","href":"https:\/\/api.w.org\/{rel}","templated":true}]}}