{"id":3236,"date":"2024-04-20T15:25:31","date_gmt":"2024-04-20T15:25:31","guid":{"rendered":"https:\/\/tybou.eu\/wordpress\/fa\/?post_type=product&#038;p=3236"},"modified":"2025-10-13T09:03:27","modified_gmt":"2025-10-13T09:03:27","slug":"foret-diametre-84mm","status":"publish","type":"product","link":"https:\/\/tybou.eu\/wordpress\/fa\/product\/foret-diametre-84mm\/","title":{"rendered":"Foret diam\u00e8tre 8,4mm"},"content":{"rendered":"<p>Foret de 8,4mm de diam\u00e8tre. Id\u00e9al pour r\u00e9aliser ou retoucher d&rsquo;anciens pi\u00e8ges s\u00e9lectifs du frelon asiatique, sp\u00e9cialement pour les fondatrices au printemps.<\/p>\n<p>L&rsquo;orifice de passage du frelon asiatique est recommand\u00e9 d&rsquo;\u00eatre de 8,4mm, pour les trous de sortie des autres insectes, c&rsquo;est du 5,5mm. C&rsquo;est conforme aux derni\u00e8res informations scientifiques connues \u00e0 ce jour. La derni\u00e8re \u00e9tude du CARI et du CRAW sur le sujet est accessible <a href=\"https:\/\/tybou.eu\/wordpress\/fa\/2023\/09\/25\/le-piegeage-de-printemps-cari\/\">ici<\/a>.<\/p>\n<p>Ce for\u00eat est en m\u00e9tal HSS, r\u00e9alis\u00e9 sur mesure. Vous ne le trouverez pas dans les magasins de bricolages, car c&rsquo;est un diam\u00e8tre tr\u00e8s sp\u00e9cifique. Vous pourrez trouver, par contre, en magasin, du 8,5mm, ce qui est le plus proche disponible \u00ab\u00a0en grande distribution\u00a0\u00bb&#8230;<\/p>\n","protected":false},"excerpt":{"rendered":"<p>Foret de 8,4mm de diam\u00e8tre en m\u00e9tal HSS.<\/p>\n<p>Pour r\u00e9aliser ou retoucher des pi\u00e8ges s\u00e9lectifs du frelon asiatique.<\/p>\n","protected":false},"featured_media":3243,"comment_status":"open","ping_status":"closed","template":"","meta":[],"product_brand":[],"product_cat":[26,65],"product_tag":[],"class_list":{"0":"post-3236","1":"product","2":"type-product","3":"status-publish","4":"has-post-thumbnail","6":"product_cat-capture","7":"product_cat-foret","9":"first","10":"instock","11":"shipping-taxable","12":"purchasable","13":"product-type-simple"},"_links":{"self":[{"href":"https:\/\/tybou.eu\/wordpress\/fa\/wp-json\/wp\/v2\/product\/3236","targetHints":{"allow":["GET"]}}],"collection":[{"href":"https:\/\/tybou.eu\/wordpress\/fa\/wp-json\/wp\/v2\/product"}],"about":[{"href":"https:\/\/tybou.eu\/wordpress\/fa\/wp-json\/wp\/v2\/types\/product"}],"replies":[{"embeddable":true,"href":"https:\/\/tybou.eu\/wordpress\/fa\/wp-json\/wp\/v2\/comments?post=3236"}],"wp:featuredmedia":[{"embeddable":true,"href":"https:\/\/tybou.eu\/wordpress\/fa\/wp-json\/wp\/v2\/media\/3243"}],"wp:attachment":[{"href":"https:\/\/tybou.eu\/wordpress\/fa\/wp-json\/wp\/v2\/media?parent=3236"}],"wp:term":[{"taxonomy":"product_brand","embeddable":true,"href":"https:\/\/tybou.eu\/wordpress\/fa\/wp-json\/wp\/v2\/product_brand?post=3236"},{"taxonomy":"product_cat","embeddable":true,"href":"https:\/\/tybou.eu\/wordpress\/fa\/wp-json\/wp\/v2\/product_cat?post=3236"},{"taxonomy":"product_tag","embeddable":true,"href":"https:\/\/tybou.eu\/wordpress\/fa\/wp-json\/wp\/v2\/product_tag?post=3236"}],"curies":[{"name":"wp","href":"https:\/\/api.w.org\/{rel}","templated":true}]}}