{"id":303,"date":"2022-10-13T10:22:25","date_gmt":"2022-10-13T10:22:25","guid":{"rendered":"https:\/\/tybou.eu\/wordpress\/fa\/?post_type=product&#038;p=303"},"modified":"2025-05-31T22:32:18","modified_gmt":"2025-05-31T22:32:18","slug":"fond-de-bouteille-80mm-2","status":"publish","type":"product","link":"https:\/\/tybou.eu\/wordpress\/fa\/product\/fond-de-bouteille-80mm-2\/","title":{"rendered":"Fond de bouteille 80mm"},"content":{"rendered":"<p>Fond de bouteille pour bouteille \u00ab\u00a0ronde\u00a0\u00bb avec les paroies de 80mm de diam\u00e8tre (comme celles qu&rsquo;on peut trouver chez \u00ab\u00a0Creembal\u00a0\u00bb pour un prix d\u00e9risoire). Il faut 2 bouteilles pour chaque museli\u00e8re-pi\u00e8ge de frelon asiatique.<\/p>\n<p>R\u00e9alis\u00e9 \u00e0 l&rsquo;imprimante 3D, en PLA (amidon de ma\u00efs). La couleur d\u00e9pendra du PLA utilis\u00e9 au moment de la production. Si jamais vous souhaitez une couleur particuli\u00e8re, me contacter au pr\u00e9alable.<\/p>\n<p>\u00c0 fixer en sortie de la museli\u00e8re-pi\u00e8ge d\u00e9crite ici : <a href=\"https:\/\/tybou.eu\/wordpress\/blog\/2022\/04\/02\/museliere-piege-frelons-asiatique\/\">cliquer ici<\/a>.<\/p>\n<p>Vous pouvez, au choix, en acheter un seul ou par paire.<\/p>\n","protected":false},"excerpt":{"rendered":"<p>Fond pour bouteille de section ronde, 8cm.<br \/>\n(bouteilles de chez \u00ab\u00a0Creembal\u00a0\u00bb par exemple).<br \/>\nAchat \u00e0 l&rsquo;unit\u00e9 ou par paire.<\/p>\n","protected":false},"featured_media":299,"comment_status":"open","ping_status":"closed","template":"","meta":[],"product_brand":[],"product_cat":[26,34,31],"product_tag":[],"class_list":{"0":"post-303","1":"product","2":"type-product","3":"status-publish","4":"has-post-thumbnail","6":"product_cat-capture","7":"product_cat-fond-bouteille-sortie","8":"product_cat-museliere","10":"first","11":"instock","12":"shipping-taxable","13":"purchasable","14":"product-type-variable","15":"has-default-attributes"},"_links":{"self":[{"href":"https:\/\/tybou.eu\/wordpress\/fa\/wp-json\/wp\/v2\/product\/303","targetHints":{"allow":["GET"]}}],"collection":[{"href":"https:\/\/tybou.eu\/wordpress\/fa\/wp-json\/wp\/v2\/product"}],"about":[{"href":"https:\/\/tybou.eu\/wordpress\/fa\/wp-json\/wp\/v2\/types\/product"}],"replies":[{"embeddable":true,"href":"https:\/\/tybou.eu\/wordpress\/fa\/wp-json\/wp\/v2\/comments?post=303"}],"wp:featuredmedia":[{"embeddable":true,"href":"https:\/\/tybou.eu\/wordpress\/fa\/wp-json\/wp\/v2\/media\/299"}],"wp:attachment":[{"href":"https:\/\/tybou.eu\/wordpress\/fa\/wp-json\/wp\/v2\/media?parent=303"}],"wp:term":[{"taxonomy":"product_brand","embeddable":true,"href":"https:\/\/tybou.eu\/wordpress\/fa\/wp-json\/wp\/v2\/product_brand?post=303"},{"taxonomy":"product_cat","embeddable":true,"href":"https:\/\/tybou.eu\/wordpress\/fa\/wp-json\/wp\/v2\/product_cat?post=303"},{"taxonomy":"product_tag","embeddable":true,"href":"https:\/\/tybou.eu\/wordpress\/fa\/wp-json\/wp\/v2\/product_tag?post=303"}],"curies":[{"name":"wp","href":"https:\/\/api.w.org\/{rel}","templated":true}]}}