{"id":258,"date":"2022-10-11T21:37:20","date_gmt":"2022-10-11T21:37:20","guid":{"rendered":"https:\/\/tybou.eu\/wordpress\/fa\/?post_type=product&#038;p=258"},"modified":"2025-10-05T19:19:57","modified_gmt":"2025-10-05T19:19:57","slug":"fond-de-bouteille-jus-innocent","status":"publish","type":"product","link":"https:\/\/tybou.eu\/wordpress\/fa\/product\/fond-de-bouteille-jus-innocent\/","title":{"rendered":"Fond bouteille \u00ab\u00a0carr\u00e9e\u00a0\u00bb"},"content":{"rendered":"<p>Fond de bouteille pour bouteille de jus de type \u00ab\u00a0Innocent\u00a0\u00bb (section carr\u00e9e, arrondie aux angles), telle que celles vendues chez \u00ab\u00a0Delhaize\u00a0\u00bb. Il faut 2 bouteilles pour chaque museli\u00e8re-pi\u00e8ge de frelon asiatique.<\/p>\n<p>R\u00e9alis\u00e9 \u00e0 l&rsquo;imprimante 3D, en PLA (amidon de ma\u00efs). La couleur d\u00e9pendra du PLA utilis\u00e9 au moment de la production. Si jamais vous souhaitez une couleur particuli\u00e8re, me contacter au pr\u00e9alable.<\/p>\n<p>\u00c0 fixer en sortie de la museli\u00e8re-pi\u00e8ge d\u00e9crite ici : <a href=\"https:\/\/tybou.eu\/wordpress\/blog\/2022\/04\/02\/museliere-piege-frelons-asiatique\/\">cliquer ici<\/a>.<\/p>\n<p>Un exemple en images et vid\u00e9o de la pr\u00e9paration des bouteilles est disponible ici : <a href=\"https:\/\/tybou.eu\/wordpress\/fa\/2022\/05\/02\/bouteilles-laterales-pour-museliere-piege\/\">cliquer ici<\/a>.<\/p>\n","protected":false},"excerpt":{"rendered":"<p>Fond de bouteille de section carr\u00e9e.<br \/>\n(par ex. jus \u00ab\u00a0Innocent\u00a0\u00bb de chez \u00ab\u00a0Delhaize\u00a0\u00bb).<br \/>\nAchat \u00e0 l&rsquo;unit\u00e9 ou par paire.<\/p>\n","protected":false},"featured_media":261,"comment_status":"open","ping_status":"closed","template":"","meta":[],"product_brand":[],"product_cat":[26,34,31,27],"product_tag":[],"class_list":{"0":"post-258","1":"product","2":"type-product","3":"status-publish","4":"has-post-thumbnail","6":"product_cat-capture","7":"product_cat-fond-bouteille-sortie","8":"product_cat-museliere","9":"product_cat-pla","11":"first","12":"instock","13":"shipping-taxable","14":"purchasable","15":"product-type-variable","16":"has-default-attributes"},"_links":{"self":[{"href":"https:\/\/tybou.eu\/wordpress\/fa\/wp-json\/wp\/v2\/product\/258","targetHints":{"allow":["GET"]}}],"collection":[{"href":"https:\/\/tybou.eu\/wordpress\/fa\/wp-json\/wp\/v2\/product"}],"about":[{"href":"https:\/\/tybou.eu\/wordpress\/fa\/wp-json\/wp\/v2\/types\/product"}],"replies":[{"embeddable":true,"href":"https:\/\/tybou.eu\/wordpress\/fa\/wp-json\/wp\/v2\/comments?post=258"}],"wp:featuredmedia":[{"embeddable":true,"href":"https:\/\/tybou.eu\/wordpress\/fa\/wp-json\/wp\/v2\/media\/261"}],"wp:attachment":[{"href":"https:\/\/tybou.eu\/wordpress\/fa\/wp-json\/wp\/v2\/media?parent=258"}],"wp:term":[{"taxonomy":"product_brand","embeddable":true,"href":"https:\/\/tybou.eu\/wordpress\/fa\/wp-json\/wp\/v2\/product_brand?post=258"},{"taxonomy":"product_cat","embeddable":true,"href":"https:\/\/tybou.eu\/wordpress\/fa\/wp-json\/wp\/v2\/product_cat?post=258"},{"taxonomy":"product_tag","embeddable":true,"href":"https:\/\/tybou.eu\/wordpress\/fa\/wp-json\/wp\/v2\/product_tag?post=258"}],"curies":[{"name":"wp","href":"https:\/\/api.w.org\/{rel}","templated":true}]}}