{"id":235,"date":"2022-10-08T15:59:34","date_gmt":"2022-10-08T15:59:34","guid":{"rendered":"https:\/\/tybou.eu\/wordpress\/fa\/?post_type=product&#038;p=235"},"modified":"2026-03-05T16:24:25","modified_gmt":"2026-03-05T16:24:25","slug":"cone-entre-a-visser-piege","status":"publish","type":"product","link":"https:\/\/tybou.eu\/wordpress\/fa\/product\/cone-entre-a-visser-piege\/","title":{"rendered":"C\u00f4ne de capture s\u00e9lective"},"content":{"rendered":"<p>C\u00f4ne d&rsquo;entr\u00e9e pour pi\u00e8ge s\u00e9lectif de frelon asiatique.<\/p>\n<p>Peut-\u00eatre utilis\u00e9 pour r\u00e9aliser un pi\u00e8ge \u00e0 l&rsquo;aide de caisse \u00e0 vin ou autre bac, comme d\u00e9crit ici : <a href=\"https:\/\/tybou.eu\/wordpress\/blog\/2020\/09\/29\/piege-frelons-asiatiques\/\">cliquer ici<\/a>.<\/p>\n<p>La version vendue ici est, soit \u00e0 visser sur du bois, via avec ses 4 pattes de fixation, pour un trou id\u00e9alement carr\u00e9 de 9,5cmx9,5cm, soit \u00e0 fixer sur un morceau de grille \u00e0 reine.<\/p>\n<p>L&rsquo;orifice de passage du frelon asiatique est de forme ellipso\u00efdale, de 8,6mm x 8,2mm, ce qui est conforme aux derni\u00e8res informations scientifiques connues \u00e0 ce jour. La derni\u00e8re \u00e9tude du CARI et du CRAW sur le sujet est accessible <a href=\"https:\/\/tybou.eu\/wordpress\/fa\/2023\/09\/25\/le-piegeage-de-printemps-cari\/\">ici<\/a>.<\/p>\n<p>R\u00e9alis\u00e9 \u00e0 l&rsquo;imprimante 3D, en PLA (amidon de ma\u00efs), de couleur jaune (qui semble \u00eatre le plus attirant pour le frelon asiatique, voir \u00e9tude ci-dessus).<\/p>\n<p>Vous pouvez, au choix, en acheter un seul ou par paire.<\/p>\n","protected":false},"excerpt":{"rendered":"<p>C\u00f4ne d&rsquo;entr\u00e9e de pi\u00e8ge s\u00e9lectif de frelon asiatique.<br \/>\n\u00c0 visser.<br \/>\nAchat \u00e0 l&rsquo;unit\u00e9 ou par paire.<\/p>\n","protected":false},"featured_media":2960,"comment_status":"open","ping_status":"closed","template":"","meta":[],"product_brand":[],"product_cat":[26,28,27],"product_tag":[],"class_list":{"0":"post-235","1":"product","2":"type-product","3":"status-publish","4":"has-post-thumbnail","6":"product_cat-capture","7":"product_cat-cone-dentree","8":"product_cat-pla","10":"first","11":"instock","12":"shipping-taxable","13":"purchasable","14":"product-type-variable","15":"has-default-attributes"},"_links":{"self":[{"href":"https:\/\/tybou.eu\/wordpress\/fa\/wp-json\/wp\/v2\/product\/235","targetHints":{"allow":["GET"]}}],"collection":[{"href":"https:\/\/tybou.eu\/wordpress\/fa\/wp-json\/wp\/v2\/product"}],"about":[{"href":"https:\/\/tybou.eu\/wordpress\/fa\/wp-json\/wp\/v2\/types\/product"}],"replies":[{"embeddable":true,"href":"https:\/\/tybou.eu\/wordpress\/fa\/wp-json\/wp\/v2\/comments?post=235"}],"wp:featuredmedia":[{"embeddable":true,"href":"https:\/\/tybou.eu\/wordpress\/fa\/wp-json\/wp\/v2\/media\/2960"}],"wp:attachment":[{"href":"https:\/\/tybou.eu\/wordpress\/fa\/wp-json\/wp\/v2\/media?parent=235"}],"wp:term":[{"taxonomy":"product_brand","embeddable":true,"href":"https:\/\/tybou.eu\/wordpress\/fa\/wp-json\/wp\/v2\/product_brand?post=235"},{"taxonomy":"product_cat","embeddable":true,"href":"https:\/\/tybou.eu\/wordpress\/fa\/wp-json\/wp\/v2\/product_cat?post=235"},{"taxonomy":"product_tag","embeddable":true,"href":"https:\/\/tybou.eu\/wordpress\/fa\/wp-json\/wp\/v2\/product_tag?post=235"}],"curies":[{"name":"wp","href":"https:\/\/api.w.org\/{rel}","templated":true}]}}