{"id":1815,"date":"2023-08-02T13:17:28","date_gmt":"2023-08-02T13:17:28","guid":{"rendered":"https:\/\/tybou.eu\/wordpress\/fa\/?post_type=product&#038;p=1815"},"modified":"2026-03-26T10:29:06","modified_gmt":"2026-03-26T10:29:06","slug":"bague-cone-sortie","status":"publish","type":"product","link":"https:\/\/tybou.eu\/wordpress\/fa\/product\/bague-cone-sortie\/","title":{"rendered":"Bague pour c\u00f4ne sortie"},"content":{"rendered":"<p>Bague \u00e0 visser pour c\u00f4ne de sortie de museli\u00e8re-pi\u00e8ge s\u00e9lectif de frelon asiatique.<\/p>\n<p>Cette bague permet de mieux maintenir chaque bouteille de sortie fix\u00e9e verticalement au bout des c\u00f4nes de sortie.<br \/>\nSa mise en place n\u00e9cessite que le fond de chaque bouteille soit compl\u00e8tement coup\u00e9 pour pouvoir y passer la main.<br \/>\nLa bague n&rsquo;est pas obligatoire. Une bouteille avec des parois assez rigide, et avec une d\u00e9coupe ajust\u00e9e au bout du c\u00f4ne de sortie tiendra bien sans bague.<\/p>\n<p>R\u00e9alis\u00e9 \u00e0 l&rsquo;imprimante 3D, en PLA.<\/p>\n<p>\u00c0 utiliser pour la museli\u00e8re-pi\u00e8ge d\u00e9crite ici : <a href=\"https:\/\/tybou.eu\/wordpress\/blog\/2022\/04\/02\/museliere-piege-frelons-asiatique\/\">cliquer ici<\/a>.<\/p>\n<p>Un exemple en vid\u00e9o de la mise en place de la bague dans une bouteille ici : <a href=\"https:\/\/tybou.eu\/wordpress\/blog\/2022\/04\/02\/museliere-piege-frelons-asiatique\/#Bouteilles-laterales\">cliquer ici<\/a>.<\/p>\n","protected":false},"excerpt":{"rendered":"<p>Bague \u00e0 visser pour c\u00f4ne de sortie de museli\u00e8re-pi\u00e8ge s\u00e9lectif.<br \/>\nAchat \u00e0 l&rsquo;unit\u00e9 ou par paire.<\/p>\n","protected":false},"featured_media":4498,"comment_status":"open","ping_status":"closed","template":"","meta":[],"product_brand":[],"product_cat":[45,30,27],"product_tag":[],"class_list":{"0":"post-1815","1":"product","2":"type-product","3":"status-publish","4":"has-post-thumbnail","6":"product_cat-bague","7":"product_cat-cone-de-sortie","8":"product_cat-pla","10":"first","11":"instock","12":"shipping-taxable","13":"purchasable","14":"product-type-variable","15":"has-default-attributes"},"_links":{"self":[{"href":"https:\/\/tybou.eu\/wordpress\/fa\/wp-json\/wp\/v2\/product\/1815","targetHints":{"allow":["GET"]}}],"collection":[{"href":"https:\/\/tybou.eu\/wordpress\/fa\/wp-json\/wp\/v2\/product"}],"about":[{"href":"https:\/\/tybou.eu\/wordpress\/fa\/wp-json\/wp\/v2\/types\/product"}],"replies":[{"embeddable":true,"href":"https:\/\/tybou.eu\/wordpress\/fa\/wp-json\/wp\/v2\/comments?post=1815"}],"wp:featuredmedia":[{"embeddable":true,"href":"https:\/\/tybou.eu\/wordpress\/fa\/wp-json\/wp\/v2\/media\/4498"}],"wp:attachment":[{"href":"https:\/\/tybou.eu\/wordpress\/fa\/wp-json\/wp\/v2\/media?parent=1815"}],"wp:term":[{"taxonomy":"product_brand","embeddable":true,"href":"https:\/\/tybou.eu\/wordpress\/fa\/wp-json\/wp\/v2\/product_brand?post=1815"},{"taxonomy":"product_cat","embeddable":true,"href":"https:\/\/tybou.eu\/wordpress\/fa\/wp-json\/wp\/v2\/product_cat?post=1815"},{"taxonomy":"product_tag","embeddable":true,"href":"https:\/\/tybou.eu\/wordpress\/fa\/wp-json\/wp\/v2\/product_tag?post=1815"}],"curies":[{"name":"wp","href":"https:\/\/api.w.org\/{rel}","templated":true}]}}