{"id":1784,"date":"2023-07-31T21:41:52","date_gmt":"2023-07-31T21:41:52","guid":{"rendered":"https:\/\/tybou.eu\/wordpress\/fa\/?post_type=product&#038;p=1784"},"modified":"2026-03-26T10:29:06","modified_gmt":"2026-03-26T10:29:06","slug":"cone-museliere-piege-droit","status":"publish","type":"product","link":"https:\/\/tybou.eu\/wordpress\/fa\/product\/cone-museliere-piege-droit\/","title":{"rendered":"C\u00f4ne museli\u00e8re-pi\u00e8ge droit"},"content":{"rendered":"<p>C\u00f4ne de sortie pour museli\u00e8re-pi\u00e8ge s\u00e9lectif de frelon asiatique.<\/p>\n<p>Cette version ne n\u00e9cessite pas de d\u00e9coupe du flanc. Elle se visse directement en bordure de cot\u00e9 de la museli\u00e8re-pi\u00e8ge.<\/p>\n<p>L&rsquo;orifice de passage du frelon asiatique est de forme ellipso\u00efdale, de 8,5mm de large par 8,2 de haut, ce qui est conforme aux derni\u00e8res informations scientifiques connues \u00e0 ce jour. La derni\u00e8re \u00e9tude du CARI et du CRAW sur le sujet est accessible <a href=\"https:\/\/tybou.eu\/wordpress\/fa\/2023\/09\/25\/le-piegeage-de-printemps-cari\/\">ici<\/a>.<\/p>\n<p>R\u00e9alis\u00e9 \u00e0 l&rsquo;imprimante 3D, en PLA ou PETG. La couleur d\u00e9pendra de celle utilis\u00e9e au moment de la production. Si jamais vous souhaitez une couleur particuli\u00e8re, me contacter au pr\u00e9alable.<\/p>\n<p>\u00c0 fixer par vissage dans la museli\u00e8re-pi\u00e8ge d\u00e9crite ici : <a href=\"https:\/\/tybou.eu\/wordpress\/blog\/2022\/04\/02\/museliere-piege-frelons-asiatique\/\">cliquer ici<\/a>.<\/p>\n<p>Un exemple en images et vid\u00e9o de la pr\u00e9paration des bouteilles est disponible ici : <a href=\"https:\/\/tybou.eu\/wordpress\/fa\/2022\/05\/02\/bouteilles-laterales-pour-museliere-piege\/\">cliquer ici<\/a>.<\/p>\n","protected":false},"excerpt":{"rendered":"<p>C\u00f4ne de sortie pour museli\u00e8re-pi\u00e8ge s\u00e9lectif (version sans d\u00e9coupe arrondie).<br \/>\nAchat \u00e0 l&rsquo;unit\u00e9 ou par paire.<\/p>\n","protected":false},"featured_media":2935,"comment_status":"open","ping_status":"closed","template":"","meta":[],"product_brand":[],"product_cat":[26,30,31,27],"product_tag":[],"class_list":{"0":"post-1784","1":"product","2":"type-product","3":"status-publish","4":"has-post-thumbnail","6":"product_cat-capture","7":"product_cat-cone-de-sortie","8":"product_cat-museliere","9":"product_cat-pla","11":"first","12":"onbackorder","13":"shipping-taxable","14":"purchasable","15":"product-type-variable","16":"has-default-attributes"},"_links":{"self":[{"href":"https:\/\/tybou.eu\/wordpress\/fa\/wp-json\/wp\/v2\/product\/1784","targetHints":{"allow":["GET"]}}],"collection":[{"href":"https:\/\/tybou.eu\/wordpress\/fa\/wp-json\/wp\/v2\/product"}],"about":[{"href":"https:\/\/tybou.eu\/wordpress\/fa\/wp-json\/wp\/v2\/types\/product"}],"replies":[{"embeddable":true,"href":"https:\/\/tybou.eu\/wordpress\/fa\/wp-json\/wp\/v2\/comments?post=1784"}],"wp:featuredmedia":[{"embeddable":true,"href":"https:\/\/tybou.eu\/wordpress\/fa\/wp-json\/wp\/v2\/media\/2935"}],"wp:attachment":[{"href":"https:\/\/tybou.eu\/wordpress\/fa\/wp-json\/wp\/v2\/media?parent=1784"}],"wp:term":[{"taxonomy":"product_brand","embeddable":true,"href":"https:\/\/tybou.eu\/wordpress\/fa\/wp-json\/wp\/v2\/product_brand?post=1784"},{"taxonomy":"product_cat","embeddable":true,"href":"https:\/\/tybou.eu\/wordpress\/fa\/wp-json\/wp\/v2\/product_cat?post=1784"},{"taxonomy":"product_tag","embeddable":true,"href":"https:\/\/tybou.eu\/wordpress\/fa\/wp-json\/wp\/v2\/product_tag?post=1784"}],"curies":[{"name":"wp","href":"https:\/\/api.w.org\/{rel}","templated":true}]}}