{"id":1371,"date":"2023-04-25T09:02:40","date_gmt":"2023-04-25T09:02:40","guid":{"rendered":"https:\/\/tybou.eu\/wordpress\/fa\/?post_type=product&#038;p=1371"},"modified":"2026-03-27T08:57:44","modified_gmt":"2026-03-27T08:57:44","slug":"couvercle-piege-to80-weck","status":"publish","type":"product","link":"https:\/\/tybou.eu\/wordpress\/fa\/product\/couvercle-piege-to80-weck\/","title":{"rendered":"Couvercle pi\u00e8ge TO80 Weck"},"content":{"rendered":"<p>Couvercle-c\u00f4ne d&rsquo;entr\u00e9e pour pi\u00e8ge s\u00e9lectif de frelon asiatique. Id\u00e9al pour pi\u00e9ger les frelons asiatiques dans un rucher attaqu\u00e9, ou les fondatrices au printemps dans votre jardin.<\/p>\n<p>\u00c0 visser sur un pot en verre type TO80 Weck (8cm de diam\u00e8tre au niveau du filetage du couvercle), genre pot de miel \u00ab\u00a0large\u00a0\u00bb de la marque Weck (le filet de vissage est simple, et le couvercle d&rsquo;origine g\u00e9n\u00e9ralement en plastique, souvent jaune). Vous trouverez de tels pots online, par exemple <a href=\"https:\/\/tybou.eu\/wordpress\/fa\/pots-to80-weck\/\">ici<\/a>.<\/p>\n<p>L&rsquo;orifice de passage du frelon asiatique est de forme ellipso\u00efdale, de 8,6mm x 8,2mm, les trous de sortie sont de 5,5mm, ce qui est conforme aux derni\u00e8res informations scientifiques connues \u00e0 ce jour. La derni\u00e8re \u00e9tude du CARI et du CRAW sur le sujet est accessible <a href=\"https:\/\/tybou.eu\/wordpress\/fa\/2023\/09\/25\/le-piegeage-de-printemps-cari\/\">ici<\/a>.<\/p>\n<p>R\u00e9alis\u00e9 \u00e0 l&rsquo;imprimante 3D, en PLA (amidon de ma\u00efs), de couleur jaune (qui semble \u00eatre le plus attirant pour le frelon asiatique, voir \u00e9tude ci-dessus). Il dispose de 2 petites \u00ab\u00a0oreilles\u00a0\u00bb qui permettent de le poser de fa\u00e7on inclin\u00e9e sur un plan horizontal ou de le suspendre.<\/p>\n<p>La version qui sera produite est la derni\u00e8re en terme de d\u00e9veloppements au jour de la commande. Vous trouverez l&rsquo;historique des diff\u00e9rentes versions depuis la cr\u00e9ation <a href=\"https:\/\/tybou.eu\/wordpress\/fa\/couvercle-cone-dit-sombrero-historique\/\">ici<\/a>.<\/p>\n<p>Peut-\u00eatre utilis\u00e9 pour r\u00e9aliser un pi\u00e8ge comme d\u00e9crit ici : <a href=\"https:\/\/tybou.eu\/wordpress\/blog\/2022\/06\/24\/couvercle-pour-piege-fa-sur-pot\/\">cliquer ici<\/a>.<\/p>\n<p>Un app\u00e2t qui fonctionne : 1\/3 vin blanc, 1\/3 bi\u00e8re, 1\/3 sirop. Soit directement dans le pot en position verticale (avec des morceaux de bouchons pour \u00e9viter la noyade), soit \u00e0 imbiber dans un morceau d&rsquo;\u00e9ponge au fond pour mettre le pot en position horizontale.<\/p>\n","protected":false},"excerpt":{"rendered":"<p>Couvercle-c\u00f4ne de pi\u00e8ge s\u00e9lectif de frelon asiatique.<br \/>\nFormat TO80 Weck (8cm de diam\u00e8tre au niveau du filetage du couvercle, simple filet, remplace les couvercles plastiques).<\/p>\n","protected":false},"featured_media":2936,"comment_status":"open","ping_status":"closed","template":"","meta":[],"product_brand":[],"product_cat":[26,28,27,29,43],"product_tag":[],"class_list":{"0":"post-1371","1":"product","2":"type-product","3":"status-publish","4":"has-post-thumbnail","6":"product_cat-capture","7":"product_cat-cone-dentree","8":"product_cat-pla","9":"product_cat-to80","10":"product_cat-weck","12":"first","13":"instock","14":"shipping-taxable","15":"purchasable","16":"product-type-variable","17":"has-default-attributes"},"_links":{"self":[{"href":"https:\/\/tybou.eu\/wordpress\/fa\/wp-json\/wp\/v2\/product\/1371","targetHints":{"allow":["GET"]}}],"collection":[{"href":"https:\/\/tybou.eu\/wordpress\/fa\/wp-json\/wp\/v2\/product"}],"about":[{"href":"https:\/\/tybou.eu\/wordpress\/fa\/wp-json\/wp\/v2\/types\/product"}],"replies":[{"embeddable":true,"href":"https:\/\/tybou.eu\/wordpress\/fa\/wp-json\/wp\/v2\/comments?post=1371"}],"wp:featuredmedia":[{"embeddable":true,"href":"https:\/\/tybou.eu\/wordpress\/fa\/wp-json\/wp\/v2\/media\/2936"}],"wp:attachment":[{"href":"https:\/\/tybou.eu\/wordpress\/fa\/wp-json\/wp\/v2\/media?parent=1371"}],"wp:term":[{"taxonomy":"product_brand","embeddable":true,"href":"https:\/\/tybou.eu\/wordpress\/fa\/wp-json\/wp\/v2\/product_brand?post=1371"},{"taxonomy":"product_cat","embeddable":true,"href":"https:\/\/tybou.eu\/wordpress\/fa\/wp-json\/wp\/v2\/product_cat?post=1371"},{"taxonomy":"product_tag","embeddable":true,"href":"https:\/\/tybou.eu\/wordpress\/fa\/wp-json\/wp\/v2\/product_tag?post=1371"}],"curies":[{"name":"wp","href":"https:\/\/api.w.org\/{rel}","templated":true}]}}