{"id":1297,"date":"2023-03-20T15:09:08","date_gmt":"2023-03-20T15:09:08","guid":{"rendered":"https:\/\/tybou.eu\/wordpress\/fa\/?post_type=product&#038;p=1297"},"modified":"2024-02-01T00:06:34","modified_gmt":"2024-02-01T00:06:34","slug":"montage-cones-sur-caisse-bac-boite","status":"publish","type":"product","link":"https:\/\/tybou.eu\/wordpress\/fa\/product\/montage-cones-sur-caisse-bac-boite\/","title":{"rendered":"Service de montage de c\u00f4nes"},"content":{"rendered":"<p>Service de montage d&rsquo;une paire de c\u00f4nes pour caisse \u00e0 vin ou bac en plastique ou autre boite.<\/p>\n<p>Aussi bien pour un montage sur grille \u00e0 reine (qui doit \u00eatre en place avant de m&rsquo;apporter la boite) ou directement dans le bac\/la boite qui sera alors d\u00e9coup\u00e9e.<\/p>\n<p>Le prix n&rsquo;inclue pas les c\u00f4nes eux m\u00eame \u00e0 commander s\u00e9par\u00e9ment ou \u00e0 m&rsquo;apporter avec les bacs.<\/p>\n<p>Bacs\/boite \u00e0 apporter \u00e0 domicile (proche de la station de m\u00e9tro Herrmann-Debroux \u00e0 Bruxelles (Auderghem) en Belgique).<\/p>\n<p>Le d\u00e9lais de r\u00e9alisation peut \u00eatre variable, de quelques jours \u00e0 2 semaines. Prenez-contacte pour plus de pr\u00e9cision via l&rsquo;adresse email suivante : <a href=\"mailto:boutique.fa@tybou.eu\">boutique.fa@tybou.eu<\/a><\/p>\n","protected":false},"excerpt":{"rendered":"<p>Service de montage d&rsquo;une paire de c\u00f4nes sur caisse \u00e0 vin ou bac en plastique ou autre boite.<\/p>\n","protected":false},"featured_media":1384,"comment_status":"open","ping_status":"closed","template":"","meta":[],"product_brand":[],"product_cat":[26,37],"product_tag":[],"class_list":{"0":"post-1297","1":"product","2":"type-product","3":"status-publish","4":"has-post-thumbnail","6":"product_cat-capture","7":"product_cat-service","9":"first","10":"instock","11":"shipping-taxable","12":"purchasable","13":"product-type-simple"},"_links":{"self":[{"href":"https:\/\/tybou.eu\/wordpress\/fa\/wp-json\/wp\/v2\/product\/1297","targetHints":{"allow":["GET"]}}],"collection":[{"href":"https:\/\/tybou.eu\/wordpress\/fa\/wp-json\/wp\/v2\/product"}],"about":[{"href":"https:\/\/tybou.eu\/wordpress\/fa\/wp-json\/wp\/v2\/types\/product"}],"replies":[{"embeddable":true,"href":"https:\/\/tybou.eu\/wordpress\/fa\/wp-json\/wp\/v2\/comments?post=1297"}],"wp:featuredmedia":[{"embeddable":true,"href":"https:\/\/tybou.eu\/wordpress\/fa\/wp-json\/wp\/v2\/media\/1384"}],"wp:attachment":[{"href":"https:\/\/tybou.eu\/wordpress\/fa\/wp-json\/wp\/v2\/media?parent=1297"}],"wp:term":[{"taxonomy":"product_brand","embeddable":true,"href":"https:\/\/tybou.eu\/wordpress\/fa\/wp-json\/wp\/v2\/product_brand?post=1297"},{"taxonomy":"product_cat","embeddable":true,"href":"https:\/\/tybou.eu\/wordpress\/fa\/wp-json\/wp\/v2\/product_cat?post=1297"},{"taxonomy":"product_tag","embeddable":true,"href":"https:\/\/tybou.eu\/wordpress\/fa\/wp-json\/wp\/v2\/product_tag?post=1297"}],"curies":[{"name":"wp","href":"https:\/\/api.w.org\/{rel}","templated":true}]}}