{"id":3250,"date":"2024-04-27T13:36:20","date_gmt":"2024-04-27T13:36:20","guid":{"rendered":"https:\/\/tybou.eu\/wordpress\/fa\/?page_id=3250"},"modified":"2024-04-28T20:37:24","modified_gmt":"2024-04-28T20:37:24","slug":"cone-pour-museliere-piege-historique","status":"publish","type":"page","link":"https:\/\/tybou.eu\/wordpress\/fa\/cone-pour-museliere-piege-historique\/","title":{"rendered":"C\u00f4ne pour museli\u00e8re pi\u00e8ge &#8211; Historique"},"content":{"rendered":"\n<p>Ci-dessous l&rsquo;\u00e9volution des diff\u00e9rentes versions du c\u00f4ne lat\u00e9ral pour \u00e9quiper la museli\u00e8re pi\u00e8ge pour Frelons Asiatiques.<br><\/p>\n\n\n\n<p>2022 06 06 V0.1 &#8211; Creation<br>2022 06 15 V0.2 &#8211; Trous bouch\u00e9s sur demi cercle au contact du bois<br>2022 06 25 V1 &#8211; Ajout signature<br>2022 07 06 V2 &#8211; Renfort base (\u00e9paisseur de 2.5 au lieu de 2)<br>2022 07 07 V3 &#8211; Filetage plus court (retrait de 0.2) et d\u00e9placement signature<br>2022 07 07 V4 &#8211; D\u00e9placement signature<br>2022 08 22 V5 &#8211; Trous de fuite \u00e0 5.3 au lieu de 5.5, moiti\u00e9 des trous retir\u00e9s sur le dessous, sortie finale \u00e0 7,5mm allong\u00e9e<br>2022 08 22 V6 &#8211; Diam\u00e8tre bois (scie cloche) \u00e0 60mm au lieu de 56,5mm + trou en bas du goulot<br>2022 08 31 V7 &#8211; Trou de sotie circulaire et c\u00f4ne allong\u00e9<br>2022 10 08 V7.1 &#8211; Adaptation filetage<br>2022 10 08 V7.2 &#8211; Diam\u00e8tre bois (scie cloche) \u00e0 56,5mm au lieu de 60mm<br>2022 11 19 V7.3 &#8211; Diam\u00e8tre bois (scie cloche) \u00e0 60mm + ajout l\u00e9gende plus d\u00e9taill\u00e9e (diam\u00e8tre + taille trous d&rsquo;entr\u00e9e\/sortie)<br>2022 11 21 V7.4 &#8211; L\u00e9gende moins profonde<br>2022 12 19 V7.5 &#8211; Collerette de retenue ajout\u00e9e<br>2023 02 01 V8r &#8211; Retrait collerette + site web en signature<br>2023 04 27 V8s &#8211; Sortie goulot normal<br>2023 07 11 V8t &#8211; Sortie ellipso\u00efdale<br>2023 09 14 V9 &#8211; Trous partout + sortie bouteille + diam\u00e8tre bois (scie cloche) \u00e0 56,5mm au lieu de 60mm<br>2023 09 28 V9.1 &#8211; Retour \u00e0 60mm<br>2023 09 28 V9.2 &#8211; Ajustement sortie<br>2024 02 24 V10 &#8211; Trous sortie ellipse 8&#215;8.6 + divers ajustements<br>2024 03 01 V11 &#8211; R\u00e9duction longueur filetage pour rester sur partie pleine du c\u00f4ne.<br>2024 04 27 V12 &#8211; Rattrapage alignements internes + trou de 8.6&#215;8.2 + pente sortie plus prononc\u00e9e + l\u00e9gende<br>2024 04 28 V13 &#8211; Refonte code source + ajustement l\u00e9gende et \u00e9paisseurs, trous de sortie \u00e0 5,5mm<\/p>\n","protected":false},"excerpt":{"rendered":"<p>Ci-dessous l&rsquo;\u00e9volution des diff\u00e9rentes versions du c\u00f4ne lat\u00e9ral pour \u00e9quiper la museli\u00e8re pi\u00e8ge pour Frelons Asiatiques. 2022 06 06 V0.1<\/p>\n","protected":false},"author":1,"featured_media":0,"parent":0,"menu_order":0,"comment_status":"closed","ping_status":"closed","template":"","meta":{"footnotes":""},"class_list":["post-3250","page","type-page","status-publish","hentry"],"_links":{"self":[{"href":"https:\/\/tybou.eu\/wordpress\/fa\/wp-json\/wp\/v2\/pages\/3250","targetHints":{"allow":["GET"]}}],"collection":[{"href":"https:\/\/tybou.eu\/wordpress\/fa\/wp-json\/wp\/v2\/pages"}],"about":[{"href":"https:\/\/tybou.eu\/wordpress\/fa\/wp-json\/wp\/v2\/types\/page"}],"author":[{"embeddable":true,"href":"https:\/\/tybou.eu\/wordpress\/fa\/wp-json\/wp\/v2\/users\/1"}],"replies":[{"embeddable":true,"href":"https:\/\/tybou.eu\/wordpress\/fa\/wp-json\/wp\/v2\/comments?post=3250"}],"version-history":[{"count":3,"href":"https:\/\/tybou.eu\/wordpress\/fa\/wp-json\/wp\/v2\/pages\/3250\/revisions"}],"predecessor-version":[{"id":3255,"href":"https:\/\/tybou.eu\/wordpress\/fa\/wp-json\/wp\/v2\/pages\/3250\/revisions\/3255"}],"wp:attachment":[{"href":"https:\/\/tybou.eu\/wordpress\/fa\/wp-json\/wp\/v2\/media?parent=3250"}],"curies":[{"name":"wp","href":"https:\/\/api.w.org\/{rel}","templated":true}]}}