{"id":2914,"date":"2024-02-29T22:02:32","date_gmt":"2024-02-29T22:02:32","guid":{"rendered":"https:\/\/tybou.eu\/wordpress\/fa\/?page_id=2914"},"modified":"2025-09-21T21:30:56","modified_gmt":"2025-09-21T21:30:56","slug":"couvercle-cone-dit-sombrero-historique","status":"publish","type":"page","link":"https:\/\/tybou.eu\/wordpress\/fa\/couvercle-cone-dit-sombrero-historique\/","title":{"rendered":"Couvercle-c\u00f4ne dit \u00ab\u00a0Sombrero\u00a0\u00bb &#8211; Historique"},"content":{"rendered":"\n<p>Ci-dessous l&rsquo;\u00e9volution des diff\u00e9rentes versions du c\u00f4ne d&rsquo;entr\u00e9e de pi\u00e8ge s\u00e9lectif sur pot pour Frelons Asiatiques.<br>2022 06 10 V0.1 &#8211; Creation &#8211; hauteur 55mm<br>2022 06 25 V2 &#8211; Modification filetage en 6 morceaux<br>2022 06 28 V3 &#8211; Modification hauteur rebord ext\u00e9rieur de 12 \u00e0 10.75<br>2022 06 29 V4 &#8211; Rotation points d&rsquo;accroche de 10\u00b0<br>2022 06 30 V5 &#8211; Ajustement accroches<br>2022 07 10 V6 &#8211; diam\u00e8tre int\u00e9rieur base \u00e0 81.6 au lieu de 81.5<br>2022 07 14 V7 &#8211; diam\u00e8tre int\u00e9rieur base \u00e0 81.75 au lieu de 81.6<br>2022 10 04 V8 &#8211; diam\u00e8tre int\u00e9rieur base \u00e0 82 au lieu de 81.75 -> Mod\u00e8le OK pour TO80.<br>2022 10 25 V9 &#8211; diam\u00e8tre int\u00e9rieur base \u00e0 63 au lieu de 82, base cone \u00e0 35 au lieu de 50, hauteur cone \u00e0 40 au lieu de 55, 3 \u00e9tages au lieu de 4, 4 points d&rsquo;accroche au lieu de 6 -> Mod\u00e8le OK pour TO63<br>2022 11 10 V10 &#8211; diam\u00e8tre int\u00e9rieur base \u00e0 77 au lieu de 63, 6 points d&rsquo;accroche au lieu de 4 Espace minimum entre trous et bordures 5.5 au lieu de 7, Espace minimum entre trous \u00e0 2 au lieu de 3, Inclinaison des points de fixation \u00e0 12 au lieu de 10, base cone \u00e0 40 au lieu de 35.<br>2022 11 11 V11 &#8211; Inclinaison des points de fixation \u00e0 10 au lieu de 12, Ajout espace suppl\u00e9mentaire entre trous et bordure ext\u00e9rieure \u00e0 1.5mm, Espace minimum entre trous et bordures 5 au lieu de 5.5 -> Mod\u00e8le OK pour gros pots de petits poids Colruyt (TO76)<br>2022 11 11 V12 &#8211; diam\u00e8tre int\u00e9rieur base \u00e0 66 au lieu de 77, 4 points d&rsquo;accroche au lieu de 6<br>2022 11 12 V13 &#8211; diam\u00e8tre int\u00e9rieur base \u00e0 66.5 au lieu de 66, Espace suppl\u00e9mentaire entre trous et bordure ext\u00e9rieure \u00e0 1mm au lieu de 1.5, Espace minimum entre trous et bordures 4 au lieu de 5 -> Mod\u00e8le OK pour petits pots de petits poids Colruyt (TO65)<br>2022 11 17 V14 &#8211; TO80 (82mm) + l\u00e9gende avec plus de r\u00e9f\u00e9rences (Taille en cm et TO80)<br>2022 11 17 V15 &#8211; TO80 6 points accroche + hauteur cone et diam\u00e8tre base cone<br>2022 11 18 V16 &#8211; Refactoring code pour choix mod\u00e8le avec l\u00e9gende plus d\u00e9taill\u00e9e (taille trous d&rsquo;entr\u00e9e\/sortie)<br>2022 11 21 V17 &#8211; Remplacement TO80 vers TO82 + diam\u00e8tre ouverture sortie \u00e0 7.5 au lieu de 7mm<br>2023 01 24 V18 &#8211; Site web au lieu de \u00ab\u00a0API Tybou\u00a0\u00bb et baisse taille\/espace caract\u00e8res l\u00e9gende (TO76 et TO82)<br>2023 04 24 V19 &#8211; Customisation pour mod\u00e8le Weck 8cm \u00e0 clip<br>2023 04 24 V20 &#8211; Customisation pour mod\u00e8le Weck 8cm \u00e0 simple filet<br>2023 05 23 V21 &#8211; TO82 : Hauteur 40 (\u00e9tait 55), 3 \u00e9tages trous au lieu de 4, avec pattes et trou ovo\u00efde.<br>2023 05 27 V22 &#8211; TO80W : trou ovo\u00efde.<br>2023 09 04 V23 &#8211; TO63 : trou ovo\u00efde.<br>2023 11 07 V24 &#8211; TO100 \u00ab\u00a0Le Parfait\u00a0\u00bb.<br>2023 11 08 V25 &#8211; Ajout espace suppl\u00e9mentaire pour double points d&rsquo;accroche lorsque filet simple<br>2023 11 08 V26 &#8211; Elargissement TO100 \u00e0 100.75 au lieu de 100<br>2024 02 02 V27 &#8211; Adaptation trou ovo\u00efde 8&#215;8.6mm et rotation<br>2024 02 28 V28 &#8211; Sortie \u00e0 5,5mm et trou ovo\u00efde 8.2&#215;8.6mm<br>2024 04 22 V29 &#8211; Accroche filet plus \u00e9paisse, \u00e9gale \u00e0 l&rsquo;\u00e9paisseur de la base (2mm) + cr\u00e9ation TO69<br>2024 12 16 V30 &#8211; Epaisseur \u00e0 2.5mm au lieu de 2mm + ajout picots entr\u00e9e dans pot<br>2025 01 25 V31 &#8211; Profondeur accroche filetage \u00e0 2mm, changement font l\u00e9gende et mise en majuscule<br>2025 01 26 V32 &#8211; Epaisseur accroche filetage call\u00e9e sur celle de sa profondeur<br>2025 01 26 V33 &#8211; Picots ajust\u00e9s (arrondis via un nombre de facettes de 4 \u00e0 18 et \u00e9largis de +2 \u00e0 +.7mm)<br>2025 02 17 V34 &#8211; Picots ajust\u00e9s (dia ext +1mm au lieu de +2mm) + points d&rsquo;accroche tourn\u00e9s 15\u00b0 au lieu 10\u00b0<br>2025 02 17 V35  &#8211; Points d&rsquo;accroche tourn\u00e9s de 12\u00b0 au lieu de 15\u00b0, retrait picots<br>2025 03 15 V36  &#8211; Cr\u00e9ation version pour pots de nutella 1Kg, simple filet, TO82<br>2025 03 17 V37  &#8211; Finalisation version pour pots de nutella 1Kg, simple filet, TO84N (nom ajust\u00e9)<br>2025 09 20 V38  &#8211; Version pour pots Nescaf\u00e9 (TO70)<br>2025 09 21 V39  &#8211; Version pour pots Nescaf\u00e9 (74.4mm au lieu de 70.55mm)<br>2025 09 21 V40  &#8211; Version pour pots Nescaf\u00e9 (D\u00e9calage verticale des points d&rsquo;accroche vers le bas de 5mm)<\/p>\n","protected":false},"excerpt":{"rendered":"<p>Ci-dessous l&rsquo;\u00e9volution des diff\u00e9rentes versions du c\u00f4ne d&rsquo;entr\u00e9e de pi\u00e8ge s\u00e9lectif sur pot pour Frelons Asiatiques.2022 06 10 V0.1 &#8211;<\/p>\n","protected":false},"author":1,"featured_media":0,"parent":0,"menu_order":0,"comment_status":"closed","ping_status":"closed","template":"","meta":{"footnotes":""},"class_list":["post-2914","page","type-page","status-publish","hentry"],"_links":{"self":[{"href":"https:\/\/tybou.eu\/wordpress\/fa\/wp-json\/wp\/v2\/pages\/2914","targetHints":{"allow":["GET"]}}],"collection":[{"href":"https:\/\/tybou.eu\/wordpress\/fa\/wp-json\/wp\/v2\/pages"}],"about":[{"href":"https:\/\/tybou.eu\/wordpress\/fa\/wp-json\/wp\/v2\/types\/page"}],"author":[{"embeddable":true,"href":"https:\/\/tybou.eu\/wordpress\/fa\/wp-json\/wp\/v2\/users\/1"}],"replies":[{"embeddable":true,"href":"https:\/\/tybou.eu\/wordpress\/fa\/wp-json\/wp\/v2\/comments?post=2914"}],"version-history":[{"count":4,"href":"https:\/\/tybou.eu\/wordpress\/fa\/wp-json\/wp\/v2\/pages\/2914\/revisions"}],"predecessor-version":[{"id":4335,"href":"https:\/\/tybou.eu\/wordpress\/fa\/wp-json\/wp\/v2\/pages\/2914\/revisions\/4335"}],"wp:attachment":[{"href":"https:\/\/tybou.eu\/wordpress\/fa\/wp-json\/wp\/v2\/media?parent=2914"}],"curies":[{"name":"wp","href":"https:\/\/api.w.org\/{rel}","templated":true}]}}