{"id":2900,"date":"2024-02-28T22:20:42","date_gmt":"2024-02-28T22:20:42","guid":{"rendered":"https:\/\/tybou.eu\/wordpress\/fa\/?page_id=2900"},"modified":"2024-02-28T22:20:48","modified_gmt":"2024-02-28T22:20:48","slug":"pots-a-filetage-to100-dit-le-parfait","status":"publish","type":"page","link":"https:\/\/tybou.eu\/wordpress\/fa\/pots-a-filetage-to100-dit-le-parfait\/","title":{"rendered":"Pots \u00e0 filetage TO100 dit \u00ab\u00a0Le Parfait\u00a0\u00bb"},"content":{"rendered":"\n<p>Si vous recherchez des pots de type \u00ab\u00a0Le Parfait\u00a0\u00bb avec un filetage TO100 au niveau du couvercle, en voici une liste non exhaustive.<\/p>\n\n\n\n<p>Ces pots sont compatibles avec le couvercle s\u00e9lectif du frelon asiatique \u00ab\u00a0Sombrero\u00a0\u00bb en vente <a href=\"https:\/\/tybou.eu\/wordpress\/fa\/product\/couvercle-piege-to100\">ici<\/a>.<\/p>\n\n\n\n<p>Ces pots se trouvent dans la plupart des supermarch\u00e9 car c&rsquo;est un format qui sert \u00e0 r\u00e9aliser des conserves.<\/p>\n\n\n\n<p>Sur le site du fabricant : <a href=\"https:\/\/www.leparfait.com\/fr-be\/products\/terrine-le-parfait%C2%AE-familia-wiss\">https:\/\/www.leparfait.com\/fr-be\/products\/terrine-le-parfait%C2%AE-familia-wiss<\/a><\/p>\n\n\n\n<p>Par correspondance (bien prendre des diam\u00e8tres de 100mm au couvercle), vous en trouverez ici :<\/p>\n\n\n\n<p><a href=\"https:\/\/www.monmagasingeneral.com\/terrine-familia-wiss-le-parfait-diametre-100-mm-1069212.html\">https:\/\/www.monmagasingeneral.com\/terrine-familia-wiss-le-parfait-diametre-100-mm-1069212.html<\/a><\/p>\n\n\n\n<p><a href=\"https:\/\/www.fidel-fillaud.com\/fr\/reference\/terrine-verre-familia-wiss-35-30128\">https:\/\/www.fidel-fillaud.com\/fr\/reference\/terrine-verre-familia-wiss-35-30128<\/a><\/p>\n\n\n\n<p><a href=\"https:\/\/www.bol.com\/be\/fr\/p\/4x-pots-de-conservation-pots-de-conservation-avec-couvercle-a-vis-750-ml-pots-de-conservation-pots-de-conservation-d-10-0-cm\/9200000119314841\/?bltgh=mQe-D6qO3gDPVTzEGupLZA.4_14.16.ProductTitle\">https:\/\/www.bol.com\/be\/fr\/p\/4x-pots-de-conservation-pots-de-conservation-avec-couvercle-a-vis-750-ml-pots-de-conservation-pots-de-conservation-d-10-0-cm\/9200000119314841\/?bltgh=mQe-D6qO3gDPVTzEGupLZA.4_14.16.ProductTitle<\/a><\/p>\n\n\n\n<p><a href=\"https:\/\/weckenonline.be\/le-parfait-bocal-de-conservation-familia-wiss-0-75-litre.html\">https:\/\/weckenonline.be\/le-parfait-bocal-de-conservation-familia-wiss-0-75-litre.html<\/a><\/p>\n","protected":false},"excerpt":{"rendered":"<p>Si vous recherchez des pots de type \u00ab\u00a0Le Parfait\u00a0\u00bb avec un filetage TO100 au niveau du couvercle, en voici une<\/p>\n","protected":false},"author":1,"featured_media":0,"parent":0,"menu_order":0,"comment_status":"closed","ping_status":"closed","template":"","meta":{"footnotes":""},"class_list":["post-2900","page","type-page","status-publish","hentry"],"_links":{"self":[{"href":"https:\/\/tybou.eu\/wordpress\/fa\/wp-json\/wp\/v2\/pages\/2900","targetHints":{"allow":["GET"]}}],"collection":[{"href":"https:\/\/tybou.eu\/wordpress\/fa\/wp-json\/wp\/v2\/pages"}],"about":[{"href":"https:\/\/tybou.eu\/wordpress\/fa\/wp-json\/wp\/v2\/types\/page"}],"author":[{"embeddable":true,"href":"https:\/\/tybou.eu\/wordpress\/fa\/wp-json\/wp\/v2\/users\/1"}],"replies":[{"embeddable":true,"href":"https:\/\/tybou.eu\/wordpress\/fa\/wp-json\/wp\/v2\/comments?post=2900"}],"version-history":[{"count":1,"href":"https:\/\/tybou.eu\/wordpress\/fa\/wp-json\/wp\/v2\/pages\/2900\/revisions"}],"predecessor-version":[{"id":2901,"href":"https:\/\/tybou.eu\/wordpress\/fa\/wp-json\/wp\/v2\/pages\/2900\/revisions\/2901"}],"wp:attachment":[{"href":"https:\/\/tybou.eu\/wordpress\/fa\/wp-json\/wp\/v2\/media?parent=2900"}],"curies":[{"name":"wp","href":"https:\/\/api.w.org\/{rel}","templated":true}]}}