{"id":2898,"date":"2024-02-28T22:08:33","date_gmt":"2024-02-28T22:08:33","guid":{"rendered":"https:\/\/tybou.eu\/wordpress\/fa\/?page_id=2898"},"modified":"2024-02-29T21:58:26","modified_gmt":"2024-02-29T21:58:26","slug":"pots-a-filetage-to65","status":"publish","type":"page","link":"https:\/\/tybou.eu\/wordpress\/fa\/pots-a-filetage-to65\/","title":{"rendered":"Pots \u00e0 filetage TO65"},"content":{"rendered":"\n<p>Voici une liste de pots avec un filetage TO65 au niveau du couvercle.<\/p>\n\n\n\n<p>Ces pots sont compatibles avec le couvercle s\u00e9lectif du frelon asiatique \u00ab\u00a0Sombrero\u00a0\u00bb en vente <a href=\"https:\/\/tybou.eu\/wordpress\/fa\/product\/couvercle-piege-to65\/\">ici<\/a>.<\/p>\n\n\n\n<p>ma\u00efs :<br>&#8211; <a href=\"https:\/\/www.colruyt.be\/fr\/produits\/11495\">https:\/\/www.colruyt.be\/fr\/produits\/11495<\/a><br>&#8211; <a href=\"https:\/\/www.colruyt.be\/fr\/produits\/18445\">https:\/\/www.colruyt.be\/fr\/produits\/18445<\/a><br>haricots blancs<br>&#8211; <a href=\"https:\/\/www.colruyt.be\/fr\/produits\/2260\">https:\/\/www.colruyt.be\/fr\/produits\/2260<\/a><br>petits pois<br>&#8211; <a href=\"https:\/\/www.colruyt.be\/fr\/produits\/44002\">https:\/\/www.colruyt.be\/fr\/produits\/44002<\/a><br>&#8211; <a href=\"https:\/\/www.colruyt.be\/fr\/produits\/11869\">https:\/\/www.colruyt.be\/fr\/produits\/11869<\/a><br>petits pois et carottes<br>&#8211; <a href=\"https:\/\/www.colruyt.be\/fr\/produits\/11873\">https:\/\/www.colruyt.be\/fr\/produits\/11873<\/a><br>carottes<br>&#8211; <a href=\"https:\/\/www.colruyt.be\/fr\/produits\/11871\">https:\/\/www.colruyt.be\/fr\/produits\/11871<\/a><br>carottes r\u00e2p\u00e9es<br>&#8211; <a href=\"https:\/\/www.colruyt.be\/fr\/produits\/11421\">https:\/\/www.colruyt.be\/fr\/produits\/11421<\/a><br>\u00e9pinards \u00e0 la cr\u00e8me<br>&#8211; <a href=\"https:\/\/www.colruyt.be\/fr\/produits\/11951\">https:\/\/www.colruyt.be\/fr\/produits\/11951<\/a><br>c\u00e9leri-rave<br>&#8211; <a href=\"https:\/\/www.colruyt.be\/fr\/produits\/11419\">https:\/\/www.colruyt.be\/fr\/produits\/11419<\/a><br>choux rouges<br>&#8211; <a href=\"https:\/\/www.colruyt.be\/fr\/produits\/11872\">https:\/\/www.colruyt.be\/fr\/produits\/11872<\/a><br>pois chiches<br>&#8211; <a href=\"https:\/\/www.colruyt.be\/fr\/produits\/30987\">https:\/\/www.colruyt.be\/fr\/produits\/30987<\/a><\/p>\n\n\n\n<p>Ces diff\u00e9rents produits se retrouvent aussi chez Delhaize dans des pots similaires.<\/p>\n","protected":false},"excerpt":{"rendered":"<p>Voici une liste de pots avec un filetage TO65 au niveau du couvercle. Ces pots sont compatibles avec le couvercle<\/p>\n","protected":false},"author":1,"featured_media":0,"parent":0,"menu_order":0,"comment_status":"closed","ping_status":"closed","template":"","meta":{"footnotes":""},"class_list":["post-2898","page","type-page","status-publish","hentry"],"_links":{"self":[{"href":"https:\/\/tybou.eu\/wordpress\/fa\/wp-json\/wp\/v2\/pages\/2898","targetHints":{"allow":["GET"]}}],"collection":[{"href":"https:\/\/tybou.eu\/wordpress\/fa\/wp-json\/wp\/v2\/pages"}],"about":[{"href":"https:\/\/tybou.eu\/wordpress\/fa\/wp-json\/wp\/v2\/types\/page"}],"author":[{"embeddable":true,"href":"https:\/\/tybou.eu\/wordpress\/fa\/wp-json\/wp\/v2\/users\/1"}],"replies":[{"embeddable":true,"href":"https:\/\/tybou.eu\/wordpress\/fa\/wp-json\/wp\/v2\/comments?post=2898"}],"version-history":[{"count":2,"href":"https:\/\/tybou.eu\/wordpress\/fa\/wp-json\/wp\/v2\/pages\/2898\/revisions"}],"predecessor-version":[{"id":2913,"href":"https:\/\/tybou.eu\/wordpress\/fa\/wp-json\/wp\/v2\/pages\/2898\/revisions\/2913"}],"wp:attachment":[{"href":"https:\/\/tybou.eu\/wordpress\/fa\/wp-json\/wp\/v2\/media?parent=2898"}],"curies":[{"name":"wp","href":"https:\/\/api.w.org\/{rel}","templated":true}]}}