{"id":2704,"date":"2024-02-21T14:48:39","date_gmt":"2024-02-21T14:48:39","guid":{"rendered":"https:\/\/tybou.eu\/wordpress\/fa\/?page_id=2704"},"modified":"2026-01-09T09:15:20","modified_gmt":"2026-01-09T09:15:20","slug":"capturefa","status":"publish","type":"page","link":"https:\/\/tybou.eu\/wordpress\/fa\/capturefa\/","title":{"rendered":"Formulaire de saisie des captures de printemps 2026 des frelons asiatiques"},"content":{"rendered":"<div class=\"wpforms-container wpforms-container-full wpforms-render-modern\" id=\"wpforms-2698\"><form id=\"wpforms-form-2698\" class=\"wpforms-validate wpforms-form wpforms-ajax-form\" data-formid=\"2698\" method=\"post\" enctype=\"multipart\/form-data\" action=\"\/wordpress\/fa\/wp-json\/wp\/v2\/pages\/2704?wpforms_form_id=2698\" data-token=\"09e579f515aa4547d9c9b95a02ffd0c1\"><noscript class=\"wpforms-error-noscript\">Veuillez activer JavaScript dans votre navigateur pour remplir ce formulaire.<\/noscript><div class=\"wpforms-hidden\" id=\"wpforms-error-noscript\">Veuillez activer JavaScript dans votre navigateur pour remplir ce formulaire.<\/div><div class=\"wpforms-field-container\"><div id=\"wpforms-2698-field_42-container\" class=\"wpforms-field wpforms-field-layout\" data-field-id=\"42\"><label class=\"wpforms-field-label wpforms-label-hide\" for=\"wpforms-2698-field_42\" aria-hidden=\"false\">Layout 1<\/label><div class=\"wpforms-field-layout-columns wpforms-field-layout-preset-50-50\"><div class=\"wpforms-layout-column wpforms-layout-column-50\"><div id=\"wpforms-2698-field_6-container\" class=\"wpforms-field wpforms-field-name\" data-field-id=\"6\"><label class=\"wpforms-field-label\" for=\"wpforms-2698-field_6\">Nom-Pr\u00e9nom <span class=\"wpforms-required-label\" aria-hidden=\"true\">*<\/span><\/label><input type=\"text\" id=\"wpforms-2698-field_6\" class=\"wpforms-field-medium wpforms-field-required\" name=\"wpforms[fields][6]\" aria-errormessage=\"wpforms-2698-field_6-error\" required><\/div><div id=\"wpforms-2698-field_45-container\" class=\"wpforms-field wpforms-field-email\" data-field-id=\"45\"><label class=\"wpforms-field-label\" for=\"wpforms-2698-field_45\">E-mail <span class=\"wpforms-required-label\" aria-hidden=\"true\">*<\/span><\/label><input type=\"email\" id=\"wpforms-2698-field_45\" class=\"wpforms-field-medium wpforms-field-required\" name=\"wpforms[fields][45]\" spellcheck=\"false\" aria-errormessage=\"wpforms-2698-field_45-error\" required><\/div><\/div><div class=\"wpforms-layout-column wpforms-layout-column-50\"><div id=\"wpforms-2698-field_51-container\" class=\"wpforms-field wpforms-field-address\" data-field-id=\"51\"><fieldset><legend class=\"wpforms-field-label\">Adresse de l&#039;observation <span class=\"wpforms-required-label\" aria-hidden=\"true\">*<\/span><\/legend><div class=\"wpforms-field-row wpforms-field-small\"><div ><input type=\"text\" id=\"wpforms-2698-field_51\" class=\"wpforms-field-address-address1 wpforms-field-required\" name=\"wpforms[fields][51][address1]\" data-autocomplete=\"1\" aria-errormessage=\"wpforms-2698-field_51-error\" required><label for=\"wpforms-2698-field_51\" class=\"wpforms-field-sublabel after \">Addresse<\/label><\/div><\/div><div class=\"wpforms-field-row wpforms-field-small\"><div class=\"wpforms-field-row-block wpforms-one-half wpforms-first\"><input type=\"text\" id=\"wpforms-2698-field_51-city\" class=\"wpforms-field-address-city wpforms-field-required\" name=\"wpforms[fields][51][city]\" aria-errormessage=\"wpforms-2698-field_51-city-error\" required><label for=\"wpforms-2698-field_51-city\" class=\"wpforms-field-sublabel after \">Commune<\/label><\/div><div class=\"wpforms-field-row-block wpforms-one-half\"><input type=\"text\" id=\"wpforms-2698-field_51-state\" class=\"wpforms-field-address-state wpforms-field-required\" name=\"wpforms[fields][51][state]\" value=\"Bruxelles\" aria-errormessage=\"wpforms-2698-field_51-state-error\" required><\/div><\/div><div class=\"wpforms-field-row wpforms-field-small\"><div class=\"wpforms-field-row-block wpforms-one-half wpforms-first\"><input type=\"text\" id=\"wpforms-2698-field_51-postal\" class=\"wpforms-field-address-postal wpforms-field-required\" name=\"wpforms[fields][51][postal]\" aria-errormessage=\"wpforms-2698-field_51-postal-error\" required><label for=\"wpforms-2698-field_51-postal\" class=\"wpforms-field-sublabel after \">Code Postal<\/label><\/div><\/div><\/fieldset><\/div><\/div><\/div><\/div><div id=\"wpforms-2698-field_94-container\" class=\"wpforms-field wpforms-field-layout\" data-field-id=\"94\"><label class=\"wpforms-field-label wpforms-label-hide\" for=\"wpforms-2698-field_94\" aria-hidden=\"false\">Layout 1 (copier)<\/label><div class=\"wpforms-field-layout-columns wpforms-field-layout-preset-50-50\"><div class=\"wpforms-layout-column wpforms-layout-column-50\"><div id=\"wpforms-2698-field_2-container\" class=\"wpforms-field wpforms-field-date-time\" data-field-id=\"2\"><label class=\"wpforms-field-label\" for=\"wpforms-2698-field_2\">Observation <span class=\"wpforms-required-label\" aria-hidden=\"true\">*<\/span><\/label><div class=\"wpforms-datepicker-wrap\"><input type=\"text\" id=\"wpforms-2698-field_2\" class=\"wpforms-field-date-time-date wpforms-datepicker wpforms-field-required wpforms-field-medium\" data-date-format=\"d\/m\/Y\" data-disable-past-dates=\"0\" data-input=\"true\" name=\"wpforms[fields][2][date]\" placeholder=\"MM\/DD\/YYYY\" aria-errormessage=\"wpforms-2698-field_2-error\" aria-describedby=\"wpforms-2698-field_2-description\" required><a title=\"Effacer la date\" data-clear class=\"wpforms-datepicker-clear\" style=\"display:none;\"><\/a><\/div><div id=\"wpforms-2698-field_2-description\" class=\"wpforms-field-description\">Date de l'observation<\/div><\/div><\/div><div class=\"wpforms-layout-column wpforms-layout-column-50\"><div id=\"wpforms-2698-field_56-container\" class=\"wpforms-field wpforms-field-date-time\" data-field-id=\"56\"><label class=\"wpforms-field-label\" for=\"wpforms-2698-field_56\">Changement app\u00e2t<\/label><div class=\"wpforms-datepicker-wrap\"><input type=\"text\" id=\"wpforms-2698-field_56\" class=\"wpforms-field-date-time-date wpforms-datepicker wpforms-field-small\" data-date-format=\"d\/m\/Y\" data-disable-past-dates=\"0\" data-input=\"true\" name=\"wpforms[fields][56][date]\" aria-errormessage=\"wpforms-2698-field_56-error\" aria-describedby=\"wpforms-2698-field_56-description\" ><a title=\"Effacer la date\" data-clear class=\"wpforms-datepicker-clear\" style=\"display:none;\"><\/a><\/div><div id=\"wpforms-2698-field_56-description\" class=\"wpforms-field-description\"> Date du dernier changement de l'app\u00e2t<\/div><\/div><\/div><\/div><\/div><div id=\"wpforms-2698-field_37-container\" class=\"wpforms-field wpforms-field-content\" data-field-id=\"37\"><div id=\"wpforms-2698-field_37\" class=\"wpforms-field-medium wpforms-field-row\" name=\"wpforms[fields][37]\" aria-errormessage=\"wpforms-2698-field_37-error\"><p>D\u00e9tails de la capture<\/p>\n<div id=\"ConnectiveDocSignExtentionInstalled\"><\/div>\n<div class=\"wpforms-field-content-display-frontend-clear\"><\/div><\/div><\/div><div id=\"wpforms-2698-field_58-container\" class=\"wpforms-field wpforms-field-layout\" data-field-id=\"58\"><label class=\"wpforms-field-label wpforms-label-hide\" for=\"wpforms-2698-field_58\" aria-hidden=\"false\">Layout 3<\/label><div class=\"wpforms-field-layout-columns wpforms-field-layout-preset-33-33-33\"><div class=\"wpforms-layout-column wpforms-layout-column-33\"><div id=\"wpforms-2698-field_66-container\" class=\"wpforms-field wpforms-field-content\" data-field-id=\"66\"><div id=\"wpforms-2698-field_66\" class=\"wpforms-field-medium wpforms-field-row\" name=\"wpforms[fields][66]\" aria-errormessage=\"wpforms-2698-field_66-error\"><p style=\"text-align: center\"><img loading=\"lazy\" decoding=\"async\" class=\"alignnone size-large wp-image-2740\" src=\"https:\/\/tybou.eu\/wordpress\/fa\/wp-content\/uploads\/sites\/9\/2024\/02\/1_Vespa_velutina_nigrithorax-1-1024x386.jpg\" alt=\"\" width=\"810\" height=\"305\" srcset=\"https:\/\/tybou.eu\/wordpress\/fa\/wp-content\/uploads\/sites\/9\/2024\/02\/1_Vespa_velutina_nigrithorax-1-1024x386.jpg 1024w, https:\/\/tybou.eu\/wordpress\/fa\/wp-content\/uploads\/sites\/9\/2024\/02\/1_Vespa_velutina_nigrithorax-1-300x113.jpg 300w, https:\/\/tybou.eu\/wordpress\/fa\/wp-content\/uploads\/sites\/9\/2024\/02\/1_Vespa_velutina_nigrithorax-1-768x290.jpg 768w, https:\/\/tybou.eu\/wordpress\/fa\/wp-content\/uploads\/sites\/9\/2024\/02\/1_Vespa_velutina_nigrithorax-1-600x226.jpg 600w, https:\/\/tybou.eu\/wordpress\/fa\/wp-content\/uploads\/sites\/9\/2024\/02\/1_Vespa_velutina_nigrithorax-1.jpg 1411w\" sizes=\"auto, (max-width: 810px) 100vw, 810px\" \/><\/p>\n<div id=\"ConnectiveDocSignExtentionInstalled\"><\/div>\n<div class=\"wpforms-field-content-display-frontend-clear\"><\/div><\/div><\/div><div id=\"wpforms-2698-field_65-container\" class=\"wpforms-field wpforms-field-number wpf-num-limit-null-hundred numbersOnly\" data-field-id=\"65\"><label class=\"wpforms-field-label\" for=\"wpforms-2698-field_65\">Frelons Asiatiques <span class=\"wpforms-required-label\" aria-hidden=\"true\">*<\/span><\/label><input type=\"number\" pattern=\"\\d*\" id=\"wpforms-2698-field_65\" class=\"wpforms-field-medium wpforms-field-required\" name=\"wpforms[fields][65]\" value=\"0\" aria-errormessage=\"wpforms-2698-field_65-error\" aria-describedby=\"wpforms-2698-field_65-description\" required><div id=\"wpforms-2698-field_65-description\" class=\"wpforms-field-description\">Nombre de Frelons Asiatiques captur\u00e9s aujourd'hui<\/div><\/div><div id=\"wpforms-2698-field_70-container\" class=\"wpforms-field wpforms-field-content\" data-field-id=\"70\"><div id=\"wpforms-2698-field_70\" class=\"wpforms-field-medium wpforms-field-row\" name=\"wpforms[fields][70]\" aria-errormessage=\"wpforms-2698-field_70-error\"><p style=\"text-align: center\"><img loading=\"lazy\" decoding=\"async\" class=\"alignnone size-full wp-image-2744\" src=\"https:\/\/tybou.eu\/wordpress\/fa\/wp-content\/uploads\/sites\/9\/2024\/02\/3_guepes.jpg\" alt=\"\" width=\"712\" height=\"430\" srcset=\"https:\/\/tybou.eu\/wordpress\/fa\/wp-content\/uploads\/sites\/9\/2024\/02\/3_guepes.jpg 712w, https:\/\/tybou.eu\/wordpress\/fa\/wp-content\/uploads\/sites\/9\/2024\/02\/3_guepes-300x181.jpg 300w, https:\/\/tybou.eu\/wordpress\/fa\/wp-content\/uploads\/sites\/9\/2024\/02\/3_guepes-600x362.jpg 600w\" sizes=\"auto, (max-width: 712px) 100vw, 712px\" \/><\/p>\n<div id=\"ConnectiveDocSignExtentionInstalled\"><\/div>\n<div class=\"wpforms-field-content-display-frontend-clear\"><\/div><\/div><\/div><div id=\"wpforms-2698-field_69-container\" class=\"wpforms-field wpforms-field-number wpf-num-limit-null-hundred numbersOnly\" data-field-id=\"69\"><label class=\"wpforms-field-label\" for=\"wpforms-2698-field_69\">Gu\u00eapes<\/label><input type=\"number\" pattern=\"\\d*\" id=\"wpforms-2698-field_69\" class=\"wpforms-field-medium\" name=\"wpforms[fields][69]\" value=\"0\" aria-errormessage=\"wpforms-2698-field_69-error\" aria-describedby=\"wpforms-2698-field_69-description\" ><div id=\"wpforms-2698-field_69-description\" class=\"wpforms-field-description\">Nombre de Gu\u00eapes captur\u00e9es et rel\u00e2ch\u00e9es aujourd'hui<\/div><\/div><\/div><div class=\"wpforms-layout-column wpforms-layout-column-33\"><div id=\"wpforms-2698-field_67-container\" class=\"wpforms-field wpforms-field-content\" data-field-id=\"67\"><div id=\"wpforms-2698-field_67\" class=\"wpforms-field-medium wpforms-field-row\" name=\"wpforms[fields][67]\" aria-errormessage=\"wpforms-2698-field_67-error\"><p style=\"text-align: center\"><img loading=\"lazy\" decoding=\"async\" class=\"alignnone size-full wp-image-2741\" src=\"https:\/\/tybou.eu\/wordpress\/fa\/wp-content\/uploads\/sites\/9\/2024\/02\/2_vespa_crabro.jpg\" alt=\"\" width=\"628\" height=\"314\" srcset=\"https:\/\/tybou.eu\/wordpress\/fa\/wp-content\/uploads\/sites\/9\/2024\/02\/2_vespa_crabro.jpg 628w, https:\/\/tybou.eu\/wordpress\/fa\/wp-content\/uploads\/sites\/9\/2024\/02\/2_vespa_crabro-300x150.jpg 300w, https:\/\/tybou.eu\/wordpress\/fa\/wp-content\/uploads\/sites\/9\/2024\/02\/2_vespa_crabro-600x300.jpg 600w\" sizes=\"auto, (max-width: 628px) 100vw, 628px\" \/><\/p>\n<div id=\"ConnectiveDocSignExtentionInstalled\"><\/div>\n<div class=\"wpforms-field-content-display-frontend-clear\"><\/div><\/div><\/div><div id=\"wpforms-2698-field_68-container\" class=\"wpforms-field wpforms-field-number wpf-num-limit-null-hundred numbersOnly\" data-field-id=\"68\"><label class=\"wpforms-field-label\" for=\"wpforms-2698-field_68\">Frelons Europ\u00e9ens<\/label><input type=\"number\" pattern=\"\\d*\" id=\"wpforms-2698-field_68\" class=\"wpforms-field-medium\" name=\"wpforms[fields][68]\" value=\"0\" aria-errormessage=\"wpforms-2698-field_68-error\" aria-describedby=\"wpforms-2698-field_68-description\" ><div id=\"wpforms-2698-field_68-description\" class=\"wpforms-field-description\">Nombre de Frelons Europ\u00e9ens captur\u00e9s et rel\u00e2ch\u00e9s aujourd'hui<\/div><\/div><div id=\"wpforms-2698-field_71-container\" class=\"wpforms-field wpforms-field-content\" data-field-id=\"71\"><div id=\"wpforms-2698-field_71\" class=\"wpforms-field-medium wpforms-field-row\" name=\"wpforms[fields][71]\" aria-errormessage=\"wpforms-2698-field_71-error\"><p style=\"text-align: center\"><img loading=\"lazy\" decoding=\"async\" class=\"alignnone size-full wp-image-2745\" src=\"https:\/\/tybou.eu\/wordpress\/fa\/wp-content\/uploads\/sites\/9\/2024\/02\/4_bourdons.jpg\" alt=\"\" width=\"948\" height=\"562\" srcset=\"https:\/\/tybou.eu\/wordpress\/fa\/wp-content\/uploads\/sites\/9\/2024\/02\/4_bourdons.jpg 948w, https:\/\/tybou.eu\/wordpress\/fa\/wp-content\/uploads\/sites\/9\/2024\/02\/4_bourdons-300x178.jpg 300w, https:\/\/tybou.eu\/wordpress\/fa\/wp-content\/uploads\/sites\/9\/2024\/02\/4_bourdons-768x455.jpg 768w, https:\/\/tybou.eu\/wordpress\/fa\/wp-content\/uploads\/sites\/9\/2024\/02\/4_bourdons-600x356.jpg 600w\" sizes=\"auto, (max-width: 948px) 100vw, 948px\" \/><\/p>\n<div id=\"ConnectiveDocSignExtentionInstalled\"><\/div>\n<div class=\"wpforms-field-content-display-frontend-clear\"><\/div><\/div><\/div><div id=\"wpforms-2698-field_72-container\" class=\"wpforms-field wpforms-field-number wpf-num-limit-null-hundred numbersOnly\" data-field-id=\"72\"><label class=\"wpforms-field-label\" for=\"wpforms-2698-field_72\">Bourdons<\/label><input type=\"number\" pattern=\"\\d*\" id=\"wpforms-2698-field_72\" class=\"wpforms-field-medium\" name=\"wpforms[fields][72]\" value=\"0\" aria-errormessage=\"wpforms-2698-field_72-error\" aria-describedby=\"wpforms-2698-field_72-description\" ><div id=\"wpforms-2698-field_72-description\" class=\"wpforms-field-description\">Nombre de Bourdons captur\u00e9s et rel\u00e2ch\u00e9s aujourd'hui<\/div><\/div><\/div><div class=\"wpforms-layout-column wpforms-layout-column-33\"><div id=\"wpforms-2698-field_74-container\" class=\"wpforms-field wpforms-field-content\" data-field-id=\"74\"><div id=\"wpforms-2698-field_74\" class=\"wpforms-field-medium wpforms-field-row\" name=\"wpforms[fields][74]\" aria-errormessage=\"wpforms-2698-field_74-error\"><p style=\"text-align: center\"><img loading=\"lazy\" decoding=\"async\" class=\"alignnone size-full wp-image-2747\" src=\"https:\/\/tybou.eu\/wordpress\/fa\/wp-content\/uploads\/sites\/9\/2024\/02\/5_abeille.jpg\" alt=\"\" width=\"384\" height=\"131\" srcset=\"https:\/\/tybou.eu\/wordpress\/fa\/wp-content\/uploads\/sites\/9\/2024\/02\/5_abeille.jpg 384w, https:\/\/tybou.eu\/wordpress\/fa\/wp-content\/uploads\/sites\/9\/2024\/02\/5_abeille-300x102.jpg 300w\" sizes=\"auto, (max-width: 384px) 100vw, 384px\" \/><\/p>\n<div id=\"ConnectiveDocSignExtentionInstalled\"><\/div>\n<div class=\"wpforms-field-content-display-frontend-clear\"><\/div><\/div><\/div><div id=\"wpforms-2698-field_73-container\" class=\"wpforms-field wpforms-field-number wpf-num-limit-null-hundred numbersOnly\" data-field-id=\"73\"><label class=\"wpforms-field-label\" for=\"wpforms-2698-field_73\">Abeilles<\/label><input type=\"number\" pattern=\"\\d*\" id=\"wpforms-2698-field_73\" class=\"wpforms-field-medium\" name=\"wpforms[fields][73]\" value=\"0\" aria-errormessage=\"wpforms-2698-field_73-error\" aria-describedby=\"wpforms-2698-field_73-description\" ><div id=\"wpforms-2698-field_73-description\" class=\"wpforms-field-description\">Nombre d'Abeilles captur\u00e9es et rel\u00e2ch\u00e9es aujourd'hui<\/div><\/div><div id=\"wpforms-2698-field_76-container\" class=\"wpforms-field wpforms-field-content\" data-field-id=\"76\"><div id=\"wpforms-2698-field_76\" class=\"wpforms-field-medium wpforms-field-row\" name=\"wpforms[fields][76]\" aria-errormessage=\"wpforms-2698-field_76-error\"><p style=\"text-align: center\"><img loading=\"lazy\" decoding=\"async\" class=\"alignnone size-large wp-image-2749\" src=\"https:\/\/tybou.eu\/wordpress\/fa\/wp-content\/uploads\/sites\/9\/2024\/02\/autres-insectes-1024x580.png\" alt=\"\" width=\"810\" height=\"459\" srcset=\"https:\/\/tybou.eu\/wordpress\/fa\/wp-content\/uploads\/sites\/9\/2024\/02\/autres-insectes-1024x580.png 1024w, https:\/\/tybou.eu\/wordpress\/fa\/wp-content\/uploads\/sites\/9\/2024\/02\/autres-insectes-300x170.png 300w, https:\/\/tybou.eu\/wordpress\/fa\/wp-content\/uploads\/sites\/9\/2024\/02\/autres-insectes-768x435.png 768w, https:\/\/tybou.eu\/wordpress\/fa\/wp-content\/uploads\/sites\/9\/2024\/02\/autres-insectes-600x340.png 600w, https:\/\/tybou.eu\/wordpress\/fa\/wp-content\/uploads\/sites\/9\/2024\/02\/autres-insectes.png 1222w\" sizes=\"auto, (max-width: 810px) 100vw, 810px\" \/><\/p>\n<div id=\"ConnectiveDocSignExtentionInstalled\"><\/div>\n<div class=\"wpforms-field-content-display-frontend-clear\"><\/div><\/div><\/div><div id=\"wpforms-2698-field_75-container\" class=\"wpforms-field wpforms-field-number wpf-num-limit-null-hundred numbersOnly wpforms-conditional-trigger\" data-field-id=\"75\"><label class=\"wpforms-field-label\" for=\"wpforms-2698-field_75\">Autres insectes<\/label><input type=\"number\" pattern=\"\\d*\" id=\"wpforms-2698-field_75\" class=\"wpforms-field-medium\" name=\"wpforms[fields][75]\" value=\"0\" aria-errormessage=\"wpforms-2698-field_75-error\" aria-describedby=\"wpforms-2698-field_75-description\" ><div id=\"wpforms-2698-field_75-description\" class=\"wpforms-field-description\">Nombre total d'autres insectes captur\u00e9s et rel\u00e2ch\u00e9s aujourd'hui<\/div><\/div><div id=\"wpforms-2698-field_77-container\" class=\"wpforms-field wpforms-field-text wpforms-conditional-field wpforms-conditional-show\" data-field-id=\"77\" style=\"display:none;\"><label class=\"wpforms-field-label\" for=\"wpforms-2698-field_77\">Esp\u00e8ces autres insectes<\/label><input type=\"text\" id=\"wpforms-2698-field_77\" class=\"wpforms-field-medium\" name=\"wpforms[fields][77]\" aria-errormessage=\"wpforms-2698-field_77-error\" aria-describedby=\"wpforms-2698-field_77-description\" ><div id=\"wpforms-2698-field_77-description\" class=\"wpforms-field-description\">Nom des esp\u00e8ces d'autres insectes captur\u00e9s et rel\u00e2ch\u00e9s aujourd'hui<\/div><\/div><\/div><\/div><\/div><div id=\"wpforms-2698-field_78-container\" class=\"wpforms-field wpforms-field-text\" data-field-id=\"78\"><label class=\"wpforms-field-label\" for=\"wpforms-2698-field_78\">Commentaire<\/label><input type=\"text\" id=\"wpforms-2698-field_78\" class=\"wpforms-field-large\" name=\"wpforms[fields][78]\" aria-errormessage=\"wpforms-2698-field_78-error\" aria-describedby=\"wpforms-2698-field_78-description\" ><div id=\"wpforms-2698-field_78-description\" class=\"wpforms-field-description\">Un commentaire concernant la capture d'aujourd'hui ?<\/div><\/div><div id=\"wpforms-2698-field_79-container\" class=\"wpforms-field wpforms-field-file-upload\" data-field-id=\"79\"><label class=\"wpforms-field-label\" for=\"wpforms-2698-field_79\">Photo (optionnel)<\/label><div\n\t\tclass=\"wpforms-uploader\"\n\t\tdata-field-id=\"79\"\n\t\tdata-form-id=\"2698\"\n\t\tdata-input-name=\"wpforms_2698_79\"\n\t\tdata-extensions=\"jpg,jpeg,jpe,png,gif,mov,qt,avif,avi,mpeg,mpg,mpe,3gp,3gpp,3g2,3gp2,mid,midi,pdf,doc,docx,docm,pot,pps,ppt,pptx,pptm,odt,ppsx,ppsm,xla,xls,xlt,xlw,xlsx,xlsm,xlsb,key,mp3,m4a,m4b,ogg,oga,flac,wav,x-wav,mp4,m4v,webm,ogv\"\n\t\tdata-max-size=\"10485760\"\n\t\tdata-max-file-number=\"1\"\n\t\tdata-post-max-size=\"268435456\"\n\t\tdata-max-parallel-uploads=\"4\"\n\t\tdata-parallel-uploads=\"true\"\n\t\tdata-file-chunk-size=\"2097152\">\n\t<div class=\"dz-message\">\n\t\t<svg viewBox=\"0 0 1024 1024\" focusable=\"false\" data-icon=\"inbox\" width=\"50px\" height=\"50px\" fill=\"currentColor\" aria-hidden=\"true\">\n\t\t\t<path d=\"M885.2 446.3l-.2-.8-112.2-285.1c-5-16.1-19.9-27.2-36.8-27.2H281.2c-17 0-32.1 11.3-36.9 27.6L139.4 443l-.3.7-.2.8c-1.3 4.9-1.7 9.9-1 14.8-.1 1.6-.2 3.2-.2 4.8V830a60.9 60.9 0 0 0 60.8 60.8h627.2c33.5 0 60.8-27.3 60.9-60.8V464.1c0-1.3 0-2.6-.1-3.7.4-4.9 0-9.6-1.3-14.1zm-295.8-43l-.3 15.7c-.8 44.9-31.8 75.1-77.1 75.1-22.1 0-41.1-7.1-54.8-20.6S436 441.2 435.6 419l-.3-15.7H229.5L309 210h399.2l81.7 193.3H589.4zm-375 76.8h157.3c24.3 57.1 76 90.8 140.4 90.8 33.7 0 65-9.4 90.3-27.2 22.2-15.6 39.5-37.4 50.7-63.6h156.5V814H214.4V480.1z\"><\/path>\n\t\t<\/svg>\n\t\t<span class=\"modern-title\">Cliquez ou d\u00e9placez un fichier dans cette zone pour le t\u00e9l\u00e9verser.<\/span>\n\n\t\t\t<\/div>\n<\/div>\n<input\n\t\ttype=\"text\"\n\t\tautocomplete=\"off\"\n\t\tclass=\"dropzone-input\"\n\t\tstyle=\"position:absolute!important;clip:rect(0,0,0,0)!important;height:1px!important;width:1px!important;border:0!important;overflow:hidden!important;padding:0!important;margin:0!important;\"\n\t\tid=\"wpforms-2698-field_79\"\n\t\tname=\"wpforms_2698_79\" \t\tvalue=\"\">\n<div id=\"wpforms-2698-field_79-description\" class=\"wpforms-field-description\">Vous avez une photos ? \ud83d\udcf7\r\nOUI : g\u00e9nial ! Vous pouvez nous l'envoyer tr\u00e8s facilement ici. \ud83d\udcaa\r\nNON : dommage, on fera sans !<\/div><\/div><div id=\"wpforms-2698-field_102-container\" class=\"wpforms-field wpforms-field-content\" data-field-id=\"102\"><div id=\"wpforms-2698-field_102\" class=\"wpforms-field-medium wpforms-field-row\" name=\"wpforms[fields][102]\" aria-errormessage=\"wpforms-2698-field_102-error\"><p>M'envoyer une copie de mes r\u00e9ponses<\/p>\n<div class=\"wpforms-field-content-display-frontend-clear\"><\/div><\/div><\/div><div id=\"wpforms-2698-field_84-container\" class=\"wpforms-field wpforms-field-checkbox\" data-field-id=\"84\"><fieldset><legend class=\"wpforms-field-label wpforms-label-hide\" aria-hidden=\"false\">Copie<\/legend><ul id=\"wpforms-2698-field_84\"><li class=\"choice-1 depth-1 wpforms-selected\"><input type=\"checkbox\" id=\"wpforms-2698-field_84_1\" name=\"wpforms[fields][84][]\" value=\"Oui\" aria-errormessage=\"wpforms-2698-field_84_1-error\"   checked='checked'><label class=\"wpforms-field-label-inline\" for=\"wpforms-2698-field_84_1\">Oui<\/label><\/li><\/ul><\/fieldset><\/div><\/div><!-- .wpforms-field-container --><div class=\"wpforms-submit-container\" ><input type=\"hidden\" name=\"wpforms[id]\" value=\"2698\"><input type=\"hidden\" name=\"wpforms[author]\" value=\"1\"><button type=\"submit\" name=\"wpforms[submit]\" id=\"wpforms-submit-2698\" class=\"wpforms-submit\" data-alt-text=\"Envoi...\" data-submit-text=\"Envoyer\" aria-live=\"assertive\" value=\"wpforms-submit\">Envoyer<\/button><img loading=\"lazy\" decoding=\"async\" src=\"https:\/\/tybou.eu\/wordpress\/fa\/wp-content\/plugins\/wpforms\/assets\/images\/submit-spin.svg\" class=\"wpforms-submit-spinner\" style=\"display: none;\" width=\"26\" height=\"26\" alt=\"Chargement en cours\"><\/div><\/form><\/div>  <!-- .wpforms-container -->\n","protected":false},"excerpt":{"rendered":"","protected":false},"author":1,"featured_media":0,"parent":0,"menu_order":0,"comment_status":"closed","ping_status":"closed","template":"","meta":{"footnotes":""},"class_list":["post-2704","page","type-page","status-publish","hentry"],"_links":{"self":[{"href":"https:\/\/tybou.eu\/wordpress\/fa\/wp-json\/wp\/v2\/pages\/2704","targetHints":{"allow":["GET"]}}],"collection":[{"href":"https:\/\/tybou.eu\/wordpress\/fa\/wp-json\/wp\/v2\/pages"}],"about":[{"href":"https:\/\/tybou.eu\/wordpress\/fa\/wp-json\/wp\/v2\/types\/page"}],"author":[{"embeddable":true,"href":"https:\/\/tybou.eu\/wordpress\/fa\/wp-json\/wp\/v2\/users\/1"}],"replies":[{"embeddable":true,"href":"https:\/\/tybou.eu\/wordpress\/fa\/wp-json\/wp\/v2\/comments?post=2704"}],"version-history":[{"count":6,"href":"https:\/\/tybou.eu\/wordpress\/fa\/wp-json\/wp\/v2\/pages\/2704\/revisions"}],"predecessor-version":[{"id":4619,"href":"https:\/\/tybou.eu\/wordpress\/fa\/wp-json\/wp\/v2\/pages\/2704\/revisions\/4619"}],"wp:attachment":[{"href":"https:\/\/tybou.eu\/wordpress\/fa\/wp-json\/wp\/v2\/media?parent=2704"}],"curies":[{"name":"wp","href":"https:\/\/api.w.org\/{rel}","templated":true}]}}