{"id":2449,"date":"2024-01-10T20:30:23","date_gmt":"2024-01-10T20:30:23","guid":{"rendered":"https:\/\/tybou.eu\/wordpress\/fa\/?page_id=2449"},"modified":"2025-03-28T15:00:52","modified_gmt":"2025-03-28T15:00:52","slug":"licence-des-fichiers-fournis-common-creative","status":"publish","type":"page","link":"https:\/\/tybou.eu\/wordpress\/fa\/licence-des-fichiers-fournis-common-creative\/","title":{"rendered":"Licence des fichiers fournis &#8211; Common Creative"},"content":{"rendered":"\n<p class=\"has-text-align-center\">Les fichiers qui sont le fruit de ma propre cr\u00e9ation et qui sont fournis via ce blog mentionnent une licence de type Common Creative, et au niveau <a href=\"http:\/\/creativecommons.org\/licenses\/by-nc-nd\/4.0\/?ref=chooser-v1\">CC BY-NC-ND 4.0<\/a>.<\/p>\n\n\n<div class=\"wp-block-image\">\n<figure class=\"aligncenter size-full\"><a href=\"http:\/\/creativecommons.org\/licenses\/by-nc-nd\/4.0\/?ref=chooser-v1\"><img decoding=\"async\" src=\"https:\/\/tybou.eu\/wordpress\/wp-content\/uploads\/2024\/01\/image.png\" alt=\"\" class=\"wp-image-2812\"\/><\/a><\/figure>\n<\/div>\n\n\n<p><center>Each file coming from my own creation is \u00a9 2021 by Bertrand Bousquet-Hourat<br> and licensed under <a href=\"http:\/\/creativecommons.org\/licenses\/by-nc-nd\/4.0\/?ref=chooser-v1\"><img decoding=\"async\" style=\"height:22px!important;margin-left:3px;vertical-align:text-bottom;\" src=\"https:\/\/mirrors.creativecommons.org\/presskit\/icons\/cc.svg?ref=chooser-v1\"><img decoding=\"async\" style=\"height:22px!important;margin-left:3px;vertical-align:text-bottom;\" src=\"https:\/\/mirrors.creativecommons.org\/presskit\/icons\/by.svg?ref=chooser-v1\"><img decoding=\"async\" style=\"height:22px!important;margin-left:3px;vertical-align:text-bottom;\" src=\"https:\/\/mirrors.creativecommons.org\/presskit\/icons\/nc.svg?ref=chooser-v1\"><img decoding=\"async\" style=\"height:22px!important;margin-left:3px;vertical-align:text-bottom;\" src=\"https:\/\/mirrors.creativecommons.org\/presskit\/icons\/nd.svg?ref=chooser-v1\"><\/a><\/center><\/p>\n\n\n\n<h2 class=\"wp-block-heading\" id=\"rights\">Vous \u00eates autoris\u00e9 \u00e0 :<\/h2>\n\n\n\n<p><strong>Partager\u00a0<\/strong>\u2014 copier, distribuer et communiquer le mat\u00e9riel par tous moyens et sous tous formats<\/p>\n\n\n\n<p>L&rsquo;Offrant ne peut retirer les autorisations conc\u00e9d\u00e9es par la licence tant que vous appliquez les termes de cette licence.<\/p>\n\n\n\n<h2 class=\"wp-block-heading\" id=\"terms\">Selon les conditions suivantes :<\/h2>\n\n\n\n<ol class=\"wp-block-list\">\n<li><strong>Attribution\u00a0<\/strong>\u2014 Vous devez\u00a0<a href=\"https:\/\/creativecommons.org\/licenses\/by-nc-nd\/4.0\/deed.fr#ref-appropriate-credit\">cr\u00e9diter<\/a> l&rsquo;\u0152uvre, int\u00e9grer un lien vers la licence et\u00a0<a href=\"https:\/\/creativecommons.org\/licenses\/by-nc-nd\/4.0\/deed.fr#ref-indicate-changes\">indiquer<\/a> si des modifications ont \u00e9t\u00e9 effectu\u00e9es \u00e0 l&rsquo;Oeuvre. Vous devez indiquer ces informations par tous les moyens raisonnables, sans toutefois sugg\u00e9rer que l&rsquo;Offrant vous soutient ou soutient la fa\u00e7on dont vous avez utilis\u00e9 son Oeuvre.<\/li>\n\n\n\n<li><strong>Pas d\u2019Utilisation Commerciale\u00a0<\/strong>\u2014 Vous n&rsquo;\u00eates pas autoris\u00e9 \u00e0 faire un usage commercial de cette Oeuvre, tout ou partie du mat\u00e9riel la composant.<\/li>\n\n\n\n<li><strong>Pas de modifications\u00a0<\/strong>\u2014 Dans le cas o\u00f9 vous effectuez un remix, que vous transformez, ou cr\u00e9ez \u00e0 partir du mat\u00e9riel composant l&rsquo;Oeuvre originale, vous n&rsquo;\u00eates pas autoris\u00e9 \u00e0 distribuer ou mettre \u00e0 disposition l&rsquo;Oeuvre modifi\u00e9e.<\/li>\n\n\n\n<li><strong>Pas de restrictions compl\u00e9mentaires\u00a0<\/strong>\u2014 Vous n&rsquo;\u00eates pas autoris\u00e9 \u00e0 appliquer des conditions l\u00e9gales ou des\u00a0<a href=\"https:\/\/creativecommons.org\/licenses\/by-nc-nd\/4.0\/deed.fr#ref-technological-measures\">mesures techniques<\/a> qui restreindraient l\u00e9galement autrui \u00e0 utiliser l&rsquo;Oeuvre dans les conditions d\u00e9crites par la licence.<\/li>\n<\/ol>\n\n\n\n<p>Ce r\u00e9sum\u00e9 n&rsquo;indique que certaines des dispositions cl\u00e9 de la licence. Ce n&rsquo;est pas une licence, il n&rsquo;a pas de valeur juridique. Vous devez lire attentivement tous les termes et conditions de la licence avant d&rsquo;utiliser le mat\u00e9riel licenci\u00e9. Voir ici pour plus de d\u00e9tails : <a href=\"https:\/\/creativecommons.org\/licenses\/by-nc-nd\/4.0\/deed.fr\">Deed &#8211; Attribution &#8211; Utilisation non commerciale &#8211; Pas d\u2019\u0152uvre d\u00e9riv\u00e9e 4.0 International &#8211; Creative Commons<\/a><\/p>\n","protected":false},"excerpt":{"rendered":"<p>Les fichiers qui sont le fruit de ma propre cr\u00e9ation et qui sont fournis via ce blog mentionnent une licence<\/p>\n","protected":false},"author":1,"featured_media":0,"parent":0,"menu_order":0,"comment_status":"closed","ping_status":"closed","template":"","meta":{"footnotes":""},"class_list":["post-2449","page","type-page","status-publish","hentry"],"_links":{"self":[{"href":"https:\/\/tybou.eu\/wordpress\/fa\/wp-json\/wp\/v2\/pages\/2449","targetHints":{"allow":["GET"]}}],"collection":[{"href":"https:\/\/tybou.eu\/wordpress\/fa\/wp-json\/wp\/v2\/pages"}],"about":[{"href":"https:\/\/tybou.eu\/wordpress\/fa\/wp-json\/wp\/v2\/types\/page"}],"author":[{"embeddable":true,"href":"https:\/\/tybou.eu\/wordpress\/fa\/wp-json\/wp\/v2\/users\/1"}],"replies":[{"embeddable":true,"href":"https:\/\/tybou.eu\/wordpress\/fa\/wp-json\/wp\/v2\/comments?post=2449"}],"version-history":[{"count":9,"href":"https:\/\/tybou.eu\/wordpress\/fa\/wp-json\/wp\/v2\/pages\/2449\/revisions"}],"predecessor-version":[{"id":4050,"href":"https:\/\/tybou.eu\/wordpress\/fa\/wp-json\/wp\/v2\/pages\/2449\/revisions\/4050"}],"wp:attachment":[{"href":"https:\/\/tybou.eu\/wordpress\/fa\/wp-json\/wp\/v2\/media?parent=2449"}],"curies":[{"name":"wp","href":"https:\/\/api.w.org\/{rel}","templated":true}]}}