{"id":1211,"date":"2023-03-01T18:24:08","date_gmt":"2023-03-01T18:24:08","guid":{"rendered":"https:\/\/tybou.eu\/wordpress\/fa\/?page_id=1211"},"modified":"2025-12-29T14:32:28","modified_gmt":"2025-12-29T14:32:28","slug":"a-propos","status":"publish","type":"page","link":"https:\/\/tybou.eu\/wordpress\/fa\/a-propos\/","title":{"rendered":"\u00c0 propos&#8230;"},"content":{"rendered":"\n<p>Suite au d\u00e9veloppement exponentiel de la pr\u00e9sence des frelons asiatiques dans nos ruchers, nous (apiculteurs de la SRABE) avons form\u00e9, d\u00e9s 2021, de notre propre initiative, un petit groupe (d\u00e9nomm\u00e9 le \u201c<em>groupe F<\/em>\u201d) qui avan\u00e7ons sur cette probl\u00e9matique.<\/p>\n\n\n\n<p>Le pi\u00e9geage des fondatrices au d\u00e9but du printemps semble permettre de r\u00e9duire le d\u00e9veloppement future des nids.<\/p>\n\n\n\n<p>N\u00e9anmoins, une fois la saison \u00e9tablie, la destruction des nids reste le plus efficace. \u00c0 cette fin, ils ont \u00e9t\u00e9 d&rsquo;abord traqu\u00e9s par marquage des frelons puis triangulation et minutage des temps de vol. Aujourd&rsquo;hui, nous utilisons \u00e9galement une solution de radio-t\u00e9l\u00e9m\u00e9trie qui permet, apr\u00e8s \u00ab\u00a0pu\u00e7age\u00a0\u00bb d&rsquo;un frelon indicateur (une femelle faisant des aller\/retour au nid), de finaliser la localisation du nod dans les derniers m\u00e8tres.<\/p>\n\n\n\n<p>Ensuite, alors qu&rsquo;en 2023, les pompiers intervenaient (encore) gratuitement pour d\u00e9truire ces nids dans les r\u00e8gles (<a href=\"https:\/\/tybou.eu\/wordpress\/fa\/2022\/10\/14\/marquage-et-triangulation\/\">quelques exemples ici<\/a>), depuis 2024, la formation de groupe locaux de citoyens volontaires par commune de la r\u00e9gion Bruxelles capitale apporte un appuie important dans cette gestion des nids. Certains d&rsquo;entre eux sont \u00e9quip\u00e9s de mat\u00e9riel, tout d&rsquo;abord en pr\u00eat (par la SRABE ou le groupe F), puis financ\u00e9 par les autorit\u00e9s communales.<\/p>\n\n\n\n<p>Enfin, nous avons \u201c<em>d\u00e9velopp\u00e9<\/em>\u201d une solution pour lib\u00e9rer la colonie de son stress et capturer les frelons t\u00e9m\u00e9raires qui tenteraient d\u2019entrer dans la ruche, par exemple \u00e0 l\u2019automne ou le sucre est leur butin, tant comme carburant que pour chauffer le nid (historique plus d\u00e9taill\u00e9 dans <a href=\"https:\/\/www.api-bxl.be\/index.php\/le-frelon-asiatique\/518-museliere-piege-a-frelons-juin-2022\">l\u2019article de la SRABE de juin 2022 ici<\/a>).<\/p>\n\n\n\n<p>Il s\u2019agit d\u2019une \u201cmuseli\u00e8re-pi\u00e8ge\u201d (<a href=\"https:\/\/tybou.eu\/wordpress\/fa\/2022\/09\/04\/museliere-groupe-f\/\">voir ici<\/a>).<\/p>\n\n\n\n<p>Assist\u00e9 d&rsquo;une imprimante 3D, nous avons d\u00e9velopp\u00e9 plusieurs pi\u00e8ces permettant de r\u00e9aliser des pi\u00e8ges (<a href=\"https:\/\/tybou.eu\/wordpress\/fa\/2022\/06\/24\/couvercle-pour-bocal-en-verre\/\">sur pots<\/a> ou <a href=\"https:\/\/tybou.eu\/wordpress\/fa\/2022\/12\/12\/piege-selectif-caisse-a-vin\/\">boite\/caisse \u00e0 vin<\/a>) les plus s\u00e9lectifs possibles du frelon asiatique (voir les articles et \u00e9tudes r\u00e9f\u00e9renc\u00e9es dans le blog), coupl\u00e9s \u00e0 un <a href=\"https:\/\/tybou.eu\/wordpress\/fa\/2022\/07\/06\/appat\/\">app\u00e2t adapt\u00e9<\/a> (alcoolis\u00e9) et inaccessible. L&rsquo;alcool est un \u00ab\u00a0r\u00e9pulsif\u00a0\u00bb pour les abeilles, les pi\u00e8ges doivent \u00eatre truff\u00e9s de trous permettant aux autres insectes (\u00e9ventuels) de sortir et emp\u00eacher au plus gros d&rsquo;entrer. Vous trouverez tout cela dans les divers articles du blog, et quelques pi\u00e8ces en vente dans la boutique.<\/p>\n\n\n\n<p>\u00c0 noter que les ventes de <a href=\"https:\/\/tybou.eu\/wordpress\/fa\/boutique\/\">la boutique<\/a> sont, pour les pi\u00e8ces 3D, r\u00e9alis\u00e9es par un des membre (Bertrand Bousquet-Hourat) et donc que la vente est, dans ce cas, une vente de particulier \u00e0 particulier. En cas de besoin de facture, la commande peut \u00eatre pass\u00e9e directement aupr\u00e8s de l&rsquo;ASBL groupe F (voir ci-dessous) qui pourra \u00e9mettre une facture.<\/p>\n\n\n\n<p>Les prix propos\u00e9s sur ces pi\u00e8ces sont les prix co\u00fbtant (mati\u00e8re premi\u00e8re, principalement du PLA, \u00e9lectricit\u00e9 et achat\/maintenance de l&rsquo;imprimante). Le temps n\u00e9cessaire au d\u00e9veloppement\/design des pi\u00e8ces n&rsquo;est pas compt\u00e9, ni le prix du d\u00e9veloppement ou le temps n\u00e9cessaire \u00e0 la r\u00e9alisation de l&rsquo;impression. Certaines pi\u00e8ces demandent plus de 6h d&rsquo;impression \u00e0 l&rsquo;unit\u00e9. La production des pi\u00e8ces command\u00e9es qui ne sont pas en stock est donc r\u00e9alis\u00e9e au fil de la disponibilit\u00e9 de l&rsquo;imprimante. Vous pouvez voir en direct l&rsquo;imprimante lorsqu&rsquo;elle est active <a href=\"https:\/\/tybou.eu\/3D\">ici<\/a>. L&rsquo;impression d&rsquo;une commande peut prendre quelques jours\/semaines. Je vous informe du d\u00e9lais estim\u00e9 lors de toute nouvelle commande qui comporte des pi\u00e8ces \u00e0 produire. Les conditions de vente qui s&rsquo;appliquent sont les conditions standard pour une vente entre particuliers. Elles sont pr\u00e9cis\u00e9es <a href=\"https:\/\/tybou.eu\/wordpress\/fa\/remboursements_retours\/\">ici<\/a>.<\/p>\n\n\n\n<p>Pour les \u00ab\u00a0goodies\u00a0\u00bb (<a href=\"https:\/\/tybou.eu\/wordpress\/fa\/product\/mug-groupe-f-poussez-pas\/\">mugs<\/a>, <a href=\"https:\/\/tybou.eu\/wordpress\/fa\/product\/t-shirt-groupe-f\/\">T-Shirt<\/a>, <a href=\"https:\/\/tybou.eu\/wordpress\/fa\/product\/bic-groupe-f\/\">stylo<\/a>) \u00e0 l&rsquo;effigie du groupe F, le (petit) b\u00e9n\u00e9fice r\u00e9alis\u00e9 permet de financer le mat\u00e9riel utilis\u00e9 par le groupe F. Il s&rsquo;agit ici aussi d&rsquo;une vente de particulier \u00e0 particulier.<\/p>\n\n\n\n<p>Si vous souhaitez nous soutenir, achetez des <a href=\"https:\/\/tybou.eu\/wordpress\/fa\/product\/mug-groupe-f-poussez-pas\/\">mugs<\/a>, <a href=\"https:\/\/tybou.eu\/wordpress\/fa\/product\/t-shirt-groupe-f\/\">T-Shirt<\/a> ou <a href=\"https:\/\/tybou.eu\/wordpress\/fa\/product\/bic-groupe-f\/\">stylo<\/a> !!! C&rsquo;est tendance et toujours appr\u00e9ci\u00e9 comme cadeau !<\/p>\n\n\n\n<p>Depuis mai 2025, notre association \u00ab\u00a0de fait\u00a0\u00bb s&rsquo;est mu\u00e9e en ASBL. Nous avons donc fond\u00e9 l&rsquo;ASBL groupe F, enregistr\u00e9e sous le No 1023653965 dont le compte bancaire (aupr\u00e8s de KBC Brussels) est le suivant : BE29 7390 2667 1664. Tout don \u00e9ventuel est le bienvenu pour nous aider dans cette cause !<\/p>\n\n\n\n<p>\u0152uvrant sous le \u00ab<em>R\u00e9gime particulier de franchise des petites entreprises<\/em>\u00bb, nos ventes se font TVA incluse (nous ne d\u00e9duisons pas la TVA).<\/p>\n\n\n\n<p>Merci d&rsquo;\u00eatre venu consulter ce blog !<\/p>\n\n\n\n<p>Pour contacter le groupe F, voir <a href=\"https:\/\/tybou.eu\/wordpress\/fa\/contact\/\">la page \u00ab\u00a0contact\u00a0\u00bb ici<\/a>.<\/p>\n\n\n\n<p>Coordonn\u00e9es du web-master ou pour la boutique :<br>Bertrand Bousquet-Hourat<br>GSM: +32 484 12 29 41<\/p>\n","protected":false},"excerpt":{"rendered":"<p>Suite au d\u00e9veloppement exponentiel de la pr\u00e9sence des frelons asiatiques dans nos ruchers, nous (apiculteurs de la SRABE) avons form\u00e9,<\/p>\n","protected":false},"author":1,"featured_media":0,"parent":0,"menu_order":0,"comment_status":"closed","ping_status":"closed","template":"","meta":{"footnotes":""},"class_list":["post-1211","page","type-page","status-publish","hentry"],"_links":{"self":[{"href":"https:\/\/tybou.eu\/wordpress\/fa\/wp-json\/wp\/v2\/pages\/1211","targetHints":{"allow":["GET"]}}],"collection":[{"href":"https:\/\/tybou.eu\/wordpress\/fa\/wp-json\/wp\/v2\/pages"}],"about":[{"href":"https:\/\/tybou.eu\/wordpress\/fa\/wp-json\/wp\/v2\/types\/page"}],"author":[{"embeddable":true,"href":"https:\/\/tybou.eu\/wordpress\/fa\/wp-json\/wp\/v2\/users\/1"}],"replies":[{"embeddable":true,"href":"https:\/\/tybou.eu\/wordpress\/fa\/wp-json\/wp\/v2\/comments?post=1211"}],"version-history":[{"count":25,"href":"https:\/\/tybou.eu\/wordpress\/fa\/wp-json\/wp\/v2\/pages\/1211\/revisions"}],"predecessor-version":[{"id":4611,"href":"https:\/\/tybou.eu\/wordpress\/fa\/wp-json\/wp\/v2\/pages\/1211\/revisions\/4611"}],"wp:attachment":[{"href":"https:\/\/tybou.eu\/wordpress\/fa\/wp-json\/wp\/v2\/media?parent=1211"}],"curies":[{"name":"wp","href":"https:\/\/api.w.org\/{rel}","templated":true}]}}