{"id":98,"date":"2023-02-15T15:02:28","date_gmt":"2023-02-15T15:02:28","guid":{"rendered":"https:\/\/tybou.eu\/wordpress\/e-breizh\/?post_type=product&#038;p=98"},"modified":"2025-10-05T10:27:52","modified_gmt":"2025-10-05T10:27:52","slug":"porte-fusible-simple","status":"publish","type":"product","link":"https:\/\/tybou.eu\/wordpress\/e-breizh\/product\/porte-fusible-simple\/","title":{"rendered":"Porte-fusible c\u00e9ramique simple 20mm"},"content":{"rendered":"<p>1 porte-fusible simple en porcelaine c\u00e9ramique pour fusible ou disjoncteur \u00e0 broches 20mm<\/p>\n<p>Pour fusibles ou disjoncteurs unipolaires de protection du r\u00e9seau \u00e9lectrique contre les surcharges et les courts-circuits.<br \/>\nPeut servir pour recevoir des fusibles \u00e0 broches (NBN C 61-143) ou des disjoncteurs automatiques \u00e0 broches 20mm.<\/p>\n<p>Caract\u00e9ristiques<br \/>\n&#8211; Pour r\u00e9seaux jusqu&rsquo;\u00e0 500V<br \/>\n&#8211; Entre-axe des broches de 20mm (2cm)<br \/>\n&#8211; Diam\u00e8tre des broches : 7mm<br \/>\n&#8211; Dimension : 18mm x 55mm<br \/>\n&#8211; Marque Gardix<br \/>\n&#8211; Poids 0,06 kg<br \/>\n&#8211; Mati\u00e8re : porcelaine\/c\u00e9ramique<\/p>\n<p>Certifi\u00e9 CEBEC<br \/>\nNombre de modules : 1<\/p>\n<p>Produit neuf ou d&rsquo;occasion, pouvant pr\u00e9senter quelques traces.<br \/>\nProvient de surplus ou retir\u00e9 d&rsquo;une installation en parfait \u00e9tat de fonctionnement.<br \/>\nUniquement en envoi via Mondial Relay ou Colissimo. Pas d&rsquo;enl\u00e8vement sur place.<\/p>\n","protected":false},"excerpt":{"rendered":"<p>Porte-fusible simple en porcelaine\/c\u00e9ramique pour fusible ou disjoncteur \u00e0 broches 20mm<\/p>\n","protected":false},"featured_media":107,"comment_status":"open","ping_status":"closed","template":"","meta":[],"product_brand":[],"product_cat":[25,44,42,24],"product_tag":[],"class_list":{"0":"post-98","1":"product","2":"type-product","3":"status-publish","4":"has-post-thumbnail","6":"product_cat-ceramique-porcelaine","7":"product_cat-entre-axe-20mm","8":"product_cat-m7mm","9":"product_cat-porte-fusible","11":"first","12":"instock","13":"shipping-taxable","14":"purchasable","15":"product-type-simple"},"_links":{"self":[{"href":"https:\/\/tybou.eu\/wordpress\/e-breizh\/wp-json\/wp\/v2\/product\/98","targetHints":{"allow":["GET"]}}],"collection":[{"href":"https:\/\/tybou.eu\/wordpress\/e-breizh\/wp-json\/wp\/v2\/product"}],"about":[{"href":"https:\/\/tybou.eu\/wordpress\/e-breizh\/wp-json\/wp\/v2\/types\/product"}],"replies":[{"embeddable":true,"href":"https:\/\/tybou.eu\/wordpress\/e-breizh\/wp-json\/wp\/v2\/comments?post=98"}],"wp:featuredmedia":[{"embeddable":true,"href":"https:\/\/tybou.eu\/wordpress\/e-breizh\/wp-json\/wp\/v2\/media\/107"}],"wp:attachment":[{"href":"https:\/\/tybou.eu\/wordpress\/e-breizh\/wp-json\/wp\/v2\/media?parent=98"}],"wp:term":[{"taxonomy":"product_brand","embeddable":true,"href":"https:\/\/tybou.eu\/wordpress\/e-breizh\/wp-json\/wp\/v2\/product_brand?post=98"},{"taxonomy":"product_cat","embeddable":true,"href":"https:\/\/tybou.eu\/wordpress\/e-breizh\/wp-json\/wp\/v2\/product_cat?post=98"},{"taxonomy":"product_tag","embeddable":true,"href":"https:\/\/tybou.eu\/wordpress\/e-breizh\/wp-json\/wp\/v2\/product_tag?post=98"}],"curies":[{"name":"wp","href":"https:\/\/api.w.org\/{rel}","templated":true}]}}