{"id":868,"date":"2026-02-28T23:41:52","date_gmt":"2026-02-28T23:41:52","guid":{"rendered":"https:\/\/tybou.eu\/wordpress\/e-breizh\/?post_type=product&#038;p=868"},"modified":"2026-02-28T23:45:46","modified_gmt":"2026-02-28T23:45:46","slug":"minuterie-descalier-hager-emn-001","status":"publish","type":"product","link":"https:\/\/tybou.eu\/wordpress\/e-breizh\/product\/minuterie-descalier-hager-emn-001\/","title":{"rendered":"Minuterie d&rsquo;escalier Hager EMN 001"},"content":{"rendered":"<p>1 minuterie d&rsquo;escalier Hager en tr\u00e8s bon \u00e9tat.<\/p>\n<div class=\"product attribute seo-long-description\">\n<div class=\"value\">La Minuterie simple temporisation 1NO Hager permet de contr\u00f4ler l&rsquo;\u00e9clairage depuis le tableau \u00e9lectrique. La plage de temporisation est de 30 S &#8211; 10 Min<\/div>\n<\/div>\n<div class=\"attribute-container\">\n<div class=\"product attribute ean\">\n<div class=\"value\"><\/div>\n<div><\/div>\n<\/div>\n<\/div>\n<p>Caract\u00e9ristiques<br \/>\n&#8211; Minuterie d&rsquo;escalier, \u00e9lectrom\u00e9canique<br \/>\n&#8211; Courant maximum de 16A<br \/>\n&#8211; Pour r\u00e9seaux max 250V<br \/>\n&#8211; Marque Hager<br \/>\n&#8211; Mod\u00e8le : EAN 3250612339969<br \/>\n&#8211; Poids 0,1 kg<\/p>\n<p>En parfait \u00e9tat de marche.<br \/>\nUniquement en envoi via Mondial Relay ou BPost.<\/p>\n","protected":false},"excerpt":{"rendered":"<p>Minuterie d&rsquo;escalier Hager max 250V\/16A<\/p>\n","protected":false},"featured_media":869,"comment_status":"open","ping_status":"closed","template":"","meta":[],"product_brand":[],"product_cat":[29,85,92,26],"product_tag":[],"class_list":{"0":"post-868","1":"product","2":"type-product","3":"status-publish","4":"has-post-thumbnail","6":"product_cat-16a","7":"product_cat-legrand","8":"product_cat-minuterie-descalier","9":"product_cat-plastique","11":"first","12":"instock","13":"shipping-taxable","14":"purchasable","15":"product-type-simple"},"_links":{"self":[{"href":"https:\/\/tybou.eu\/wordpress\/e-breizh\/wp-json\/wp\/v2\/product\/868","targetHints":{"allow":["GET"]}}],"collection":[{"href":"https:\/\/tybou.eu\/wordpress\/e-breizh\/wp-json\/wp\/v2\/product"}],"about":[{"href":"https:\/\/tybou.eu\/wordpress\/e-breizh\/wp-json\/wp\/v2\/types\/product"}],"replies":[{"embeddable":true,"href":"https:\/\/tybou.eu\/wordpress\/e-breizh\/wp-json\/wp\/v2\/comments?post=868"}],"wp:featuredmedia":[{"embeddable":true,"href":"https:\/\/tybou.eu\/wordpress\/e-breizh\/wp-json\/wp\/v2\/media\/869"}],"wp:attachment":[{"href":"https:\/\/tybou.eu\/wordpress\/e-breizh\/wp-json\/wp\/v2\/media?parent=868"}],"wp:term":[{"taxonomy":"product_brand","embeddable":true,"href":"https:\/\/tybou.eu\/wordpress\/e-breizh\/wp-json\/wp\/v2\/product_brand?post=868"},{"taxonomy":"product_cat","embeddable":true,"href":"https:\/\/tybou.eu\/wordpress\/e-breizh\/wp-json\/wp\/v2\/product_cat?post=868"},{"taxonomy":"product_tag","embeddable":true,"href":"https:\/\/tybou.eu\/wordpress\/e-breizh\/wp-json\/wp\/v2\/product_tag?post=868"}],"curies":[{"name":"wp","href":"https:\/\/api.w.org\/{rel}","templated":true}]}}