{"id":792,"date":"2025-10-05T09:56:26","date_gmt":"2025-10-05T09:56:26","guid":{"rendered":"https:\/\/tybou.eu\/wordpress\/e-breizh\/?post_type=product&#038;p=792"},"modified":"2025-10-14T12:29:06","modified_gmt":"2025-10-14T12:29:06","slug":"porte-fusible-ceramique-simple-20mm-et-30mm","status":"publish","type":"product","link":"https:\/\/tybou.eu\/wordpress\/e-breizh\/product\/porte-fusible-ceramique-simple-20mm-et-30mm\/","title":{"rendered":"Porte-fusible c\u00e9ramique simple 20mm et 30mm"},"content":{"rendered":"<p>1 porte-fusible simple en porcelaine c\u00e9ramique pour fusible ou disjoncteur \u00e0 broches de 20mm ou de 30mm<\/p>\n<p>Pour fusibles ou disjoncteurs unipolaires de protection du r\u00e9seau \u00e9lectrique contre les surcharges et les courts-circuits.<br \/>\nPeut servir pour recevoir des fusibles \u00e0 broches en 20mm ou 30 mm ou des disjoncteurs automatiques \u00e0 broches 20mm.<br \/>\nLe diam\u00e8tre des broches peuvent \u00eatre modifi\u00e9s en rempla\u00e7ant les douilles par un autre format (elles sont viss\u00e9es).<br \/>\nPar d\u00e9faut, le forte fusible est livr\u00e9 avec 2 douilles femelles pour des broches de\u00a0 7mm de diam\u00e8tre, pour l&rsquo;espacement de 20mm, et une douille m\u00e2le \u00e0 30mm en 5mm de diam\u00e8tre. Voir les photos.<\/p>\n<p>Caract\u00e9ristiques<br \/>\n&#8211; Pour r\u00e9seaux jusqu&rsquo;\u00e0 500V<br \/>\n&#8211; Entre-axe des broches de 20mm (2cm) ou 30mm (3cm)<br \/>\n&#8211; Diam\u00e8tre des broches : femelles 7mm (pour l&rsquo;espacement 20mm) et une de 5mm m\u00e2le (pour l&rsquo;espacement 30mm), voir photos<br \/>\n&#8211; Dimension : l: 27mm x L: 77mm x H: 35mm<br \/>\n&#8211; Poids 0,12 kg<br \/>\n&#8211; Mati\u00e8re : porcelaine\/c\u00e9ramique<\/p>\n<p>Certifi\u00e9 CEBEC<br \/>\nNombre de modules : 1<\/p>\n<p>Produit neuf ou d&rsquo;occasion, pouvant pr\u00e9senter quelques traces.<br \/>\nProvient de surplus ou retir\u00e9 d&rsquo;une installation en parfait \u00e9tat de fonctionnement.<br \/>\nUniquement en envoi via Mondial Relay ou Colissimo. Pas d&rsquo;enl\u00e8vement sur place.<\/p>\n","protected":false},"excerpt":{"rendered":"<p>Porte-fusible simple en porcelaine\/c\u00e9ramique pour fusible ou disjoncteur \u00e0 broches 20mm ou 30mm<\/p>\n","protected":false},"featured_media":793,"comment_status":"open","ping_status":"closed","template":"","meta":[],"product_brand":[],"product_cat":[25,44,45,42,54,24],"product_tag":[],"class_list":{"0":"post-792","1":"product","2":"type-product","3":"status-publish","4":"has-post-thumbnail","6":"product_cat-ceramique-porcelaine","7":"product_cat-entre-axe-20mm","8":"product_cat-entre-axe-30mm","9":"product_cat-m7mm","10":"product_cat-male-7mm-femelle-5mm","11":"product_cat-porte-fusible","13":"first","14":"instock","15":"shipping-taxable","16":"purchasable","17":"product-type-simple"},"_links":{"self":[{"href":"https:\/\/tybou.eu\/wordpress\/e-breizh\/wp-json\/wp\/v2\/product\/792","targetHints":{"allow":["GET"]}}],"collection":[{"href":"https:\/\/tybou.eu\/wordpress\/e-breizh\/wp-json\/wp\/v2\/product"}],"about":[{"href":"https:\/\/tybou.eu\/wordpress\/e-breizh\/wp-json\/wp\/v2\/types\/product"}],"replies":[{"embeddable":true,"href":"https:\/\/tybou.eu\/wordpress\/e-breizh\/wp-json\/wp\/v2\/comments?post=792"}],"wp:featuredmedia":[{"embeddable":true,"href":"https:\/\/tybou.eu\/wordpress\/e-breizh\/wp-json\/wp\/v2\/media\/793"}],"wp:attachment":[{"href":"https:\/\/tybou.eu\/wordpress\/e-breizh\/wp-json\/wp\/v2\/media?parent=792"}],"wp:term":[{"taxonomy":"product_brand","embeddable":true,"href":"https:\/\/tybou.eu\/wordpress\/e-breizh\/wp-json\/wp\/v2\/product_brand?post=792"},{"taxonomy":"product_cat","embeddable":true,"href":"https:\/\/tybou.eu\/wordpress\/e-breizh\/wp-json\/wp\/v2\/product_cat?post=792"},{"taxonomy":"product_tag","embeddable":true,"href":"https:\/\/tybou.eu\/wordpress\/e-breizh\/wp-json\/wp\/v2\/product_tag?post=792"}],"curies":[{"name":"wp","href":"https:\/\/api.w.org\/{rel}","templated":true}]}}