{"id":777,"date":"2025-10-04T16:56:43","date_gmt":"2025-10-04T16:56:43","guid":{"rendered":"https:\/\/tybou.eu\/wordpress\/e-breizh\/?post_type=product&#038;p=777"},"modified":"2025-10-04T17:29:35","modified_gmt":"2025-10-04T17:29:35","slug":"disjoncteur-teco-double-poles","status":"publish","type":"product","link":"https:\/\/tybou.eu\/wordpress\/e-breizh\/product\/disjoncteur-teco-double-poles\/","title":{"rendered":"Disjoncteur TECO double p\u00f4les"},"content":{"rendered":"<p>1 disjoncteur TECO 2 p\u00f4les, 20A ou 25A au choix, pour la protection du r\u00e9seau \u00e9lectrique contre les surcharges et courts-circuits.<\/p>\n<p>Caract\u00e9ristiques<br \/>\n&#8211; Disjoncteur automatique 2 p\u00f4les<br \/>\n&#8211; Courant maximum de 20A (22U) ou 25A (28U) au choix<br \/>\n&#8211; Pour r\u00e9seaux de 220V \u00e0 380V<br \/>\n&#8211; Norme CEBEC<br \/>\n&#8211; Marque TECO<br \/>\n&#8211; Mod\u00e8le : 22 A-U ou 28 A-U<br \/>\n&#8211; R\u00e9f\u00e9rences 46 204<br \/>\n&#8211; Courbe U (NF C63120)<br \/>\n&#8211; Poids 0,2 kg<\/p>\n<p>Produit neuf ou d&rsquo;occasion, pouvant pr\u00e9senter quelques traces.<br \/>\nProvient de surplus ou retir\u00e9 d&rsquo;une installation en parfait \u00e9tat de fonctionnement.<br \/>\nUniquement en envoi via Mondial Relay ou BPost.<\/p>\n","protected":false},"excerpt":{"rendered":"<p>Disjoncteur double p\u00f4les TECO 220V \u00e0 380V CEBEC<br \/>\nAmp\u00e9rage 20A ou 25A<\/p>\n","protected":false},"featured_media":782,"comment_status":"open","ping_status":"closed","template":"","meta":[],"product_brand":[],"product_cat":[33,34,18,26,93],"product_tag":[],"class_list":{"0":"post-777","1":"product","2":"type-product","3":"status-publish","4":"has-post-thumbnail","6":"product_cat-20a","7":"product_cat-25a","8":"product_cat-a-bascule","9":"product_cat-plastique","10":"product_cat-teco","12":"first","13":"instock","14":"shipping-taxable","15":"purchasable","16":"product-type-variable"},"_links":{"self":[{"href":"https:\/\/tybou.eu\/wordpress\/e-breizh\/wp-json\/wp\/v2\/product\/777","targetHints":{"allow":["GET"]}}],"collection":[{"href":"https:\/\/tybou.eu\/wordpress\/e-breizh\/wp-json\/wp\/v2\/product"}],"about":[{"href":"https:\/\/tybou.eu\/wordpress\/e-breizh\/wp-json\/wp\/v2\/types\/product"}],"replies":[{"embeddable":true,"href":"https:\/\/tybou.eu\/wordpress\/e-breizh\/wp-json\/wp\/v2\/comments?post=777"}],"wp:featuredmedia":[{"embeddable":true,"href":"https:\/\/tybou.eu\/wordpress\/e-breizh\/wp-json\/wp\/v2\/media\/782"}],"wp:attachment":[{"href":"https:\/\/tybou.eu\/wordpress\/e-breizh\/wp-json\/wp\/v2\/media?parent=777"}],"wp:term":[{"taxonomy":"product_brand","embeddable":true,"href":"https:\/\/tybou.eu\/wordpress\/e-breizh\/wp-json\/wp\/v2\/product_brand?post=777"},{"taxonomy":"product_cat","embeddable":true,"href":"https:\/\/tybou.eu\/wordpress\/e-breizh\/wp-json\/wp\/v2\/product_cat?post=777"},{"taxonomy":"product_tag","embeddable":true,"href":"https:\/\/tybou.eu\/wordpress\/e-breizh\/wp-json\/wp\/v2\/product_tag?post=777"}],"curies":[{"name":"wp","href":"https:\/\/api.w.org\/{rel}","templated":true}]}}