{"id":742,"date":"2025-10-03T22:45:46","date_gmt":"2025-10-03T22:45:46","guid":{"rendered":"https:\/\/tybou.eu\/wordpress\/e-breizh\/?post_type=product&#038;p=742"},"modified":"2025-10-14T12:34:32","modified_gmt":"2025-10-14T12:34:32","slug":"disjoncteur-vynckier-gii","status":"publish","type":"product","link":"https:\/\/tybou.eu\/wordpress\/e-breizh\/product\/disjoncteur-vynckier-gii\/","title":{"rendered":"Disjoncteur Vynckier GII"},"content":{"rendered":"<p>1 disjoncteur Vynckier GII 2 p\u00f4les, 10A ou 16A au choix, pour la protection du r\u00e9seau \u00e9lectrique contre les surcharges et courts-circuits.<\/p>\n<p>Caract\u00e9ristiques<br \/>\n&#8211; Disjoncteur automatique 2 p\u00f4les<br \/>\n&#8211; Courant maximum de 10A ou 16A au choix<br \/>\n&#8211; Pour r\u00e9seaux de max 380V<br \/>\n&#8211; Norme CEBEC<br \/>\n&#8211; Marque Vynckier<br \/>\n&#8211; Mod\u00e8le : GII<br \/>\n&#8211; Courbe U (NF C63120)<br \/>\n&#8211; Poids 0,2 kg<\/p>\n<p>Produit neuf ou d&rsquo;occasion, pouvant pr\u00e9senter quelques traces.<br \/>\nProvient de surplus ou retir\u00e9 d&rsquo;une installation en parfait \u00e9tat de fonctionnement.<br \/>\nUniquement en envoi via Mondial Relay ou BPost.<\/p>\n","protected":false},"excerpt":{"rendered":"<p>Disjoncteur double p\u00f4les Vynckier max 380V CEBEC<br \/>\nAmp\u00e9rage 10A ou 16A<\/p>\n","protected":false},"featured_media":745,"comment_status":"open","ping_status":"closed","template":"","meta":[],"product_brand":[],"product_cat":[76,35,18,26,87],"product_tag":[],"class_list":{"0":"post-742","1":"product","2":"type-product","3":"status-publish","4":"has-post-thumbnail","6":"product_cat-30ma","7":"product_cat-32a","8":"product_cat-a-bascule","9":"product_cat-plastique","10":"product_cat-vynckier","12":"first","13":"instock","14":"shipping-taxable","15":"purchasable","16":"product-type-variable"},"_links":{"self":[{"href":"https:\/\/tybou.eu\/wordpress\/e-breizh\/wp-json\/wp\/v2\/product\/742","targetHints":{"allow":["GET"]}}],"collection":[{"href":"https:\/\/tybou.eu\/wordpress\/e-breizh\/wp-json\/wp\/v2\/product"}],"about":[{"href":"https:\/\/tybou.eu\/wordpress\/e-breizh\/wp-json\/wp\/v2\/types\/product"}],"replies":[{"embeddable":true,"href":"https:\/\/tybou.eu\/wordpress\/e-breizh\/wp-json\/wp\/v2\/comments?post=742"}],"wp:featuredmedia":[{"embeddable":true,"href":"https:\/\/tybou.eu\/wordpress\/e-breizh\/wp-json\/wp\/v2\/media\/745"}],"wp:attachment":[{"href":"https:\/\/tybou.eu\/wordpress\/e-breizh\/wp-json\/wp\/v2\/media?parent=742"}],"wp:term":[{"taxonomy":"product_brand","embeddable":true,"href":"https:\/\/tybou.eu\/wordpress\/e-breizh\/wp-json\/wp\/v2\/product_brand?post=742"},{"taxonomy":"product_cat","embeddable":true,"href":"https:\/\/tybou.eu\/wordpress\/e-breizh\/wp-json\/wp\/v2\/product_cat?post=742"},{"taxonomy":"product_tag","embeddable":true,"href":"https:\/\/tybou.eu\/wordpress\/e-breizh\/wp-json\/wp\/v2\/product_tag?post=742"}],"curies":[{"name":"wp","href":"https:\/\/api.w.org\/{rel}","templated":true}]}}