{"id":703,"date":"2025-10-03T20:22:25","date_gmt":"2025-10-03T20:22:25","guid":{"rendered":"https:\/\/tybou.eu\/wordpress\/e-breizh\/?post_type=product&#038;p=703"},"modified":"2025-10-14T12:34:52","modified_gmt":"2025-10-14T12:34:52","slug":"disjoncteur-differentiel-hager-triphase-40a-300ma","status":"publish","type":"product","link":"https:\/\/tybou.eu\/wordpress\/e-breizh\/product\/disjoncteur-differentiel-hager-triphase-40a-300ma\/","title":{"rendered":"Disjoncteur diff\u00e9rentiel Hager triphas\u00e9 40A 300mA"},"content":{"rendered":"<p>1 disjoncteur Hager triphas\u00e9 avec diff\u00e9rentiel pour la protection du r\u00e9seau \u00e9lectrique contre les surcharges, les courants de fuite et les courts-circuits.<\/p>\n<p>Caract\u00e9ristiques<br \/>\n&#8211; Disjoncteur diff\u00e9rentiel automatique<br \/>\n&#8211; Courant maximum de 40A au choix<br \/>\n&#8211; Sensibilit\u00e9 diff\u00e9rentiel de 300mA<br \/>\n&#8211; Pour r\u00e9seaux 220V \u00e0 380V<br \/>\n&#8211; Pouvoir de coupure 3000A<br \/>\n&#8211; Norme CEBEC<br \/>\n&#8211; Mod\u00e8le : U447<br \/>\n&#8211; Poids 0,2 kg<\/p>\n<p>Certifi\u00e9 SGS-CEBEC<\/p>\n<p>Produit neuf ou d&rsquo;occasion, pouvant pr\u00e9senter quelques traces.<br \/>\nProvient de surplus ou retir\u00e9 d&rsquo;une installation en parfait \u00e9tat de fonctionnement.<br \/>\nUniquement en envoi via Mondial Relay ou BPost.<\/p>\n","protected":false},"excerpt":{"rendered":"<p>Disjoncteur diff\u00e9rentiel Gardy triphas\u00e9 220V \u00e0 380V CEBEC 3000<br \/>\nAmp\u00e9rage 40A, sensibilit\u00e9 300mA.<\/p>\n","protected":false},"featured_media":705,"comment_status":"open","ping_status":"closed","template":"","meta":[],"product_brand":[],"product_cat":[77,36,73,80,26],"product_tag":[],"class_list":{"0":"post-703","1":"product","2":"type-product","3":"status-publish","4":"has-post-thumbnail","6":"product_cat-300ma","7":"product_cat-40a","8":"product_cat-differentiel","9":"product_cat-hager","10":"product_cat-plastique","12":"first","13":"instock","14":"shipping-taxable","15":"purchasable","16":"product-type-variable","17":"has-default-attributes"},"_links":{"self":[{"href":"https:\/\/tybou.eu\/wordpress\/e-breizh\/wp-json\/wp\/v2\/product\/703","targetHints":{"allow":["GET"]}}],"collection":[{"href":"https:\/\/tybou.eu\/wordpress\/e-breizh\/wp-json\/wp\/v2\/product"}],"about":[{"href":"https:\/\/tybou.eu\/wordpress\/e-breizh\/wp-json\/wp\/v2\/types\/product"}],"replies":[{"embeddable":true,"href":"https:\/\/tybou.eu\/wordpress\/e-breizh\/wp-json\/wp\/v2\/comments?post=703"}],"wp:featuredmedia":[{"embeddable":true,"href":"https:\/\/tybou.eu\/wordpress\/e-breizh\/wp-json\/wp\/v2\/media\/705"}],"wp:attachment":[{"href":"https:\/\/tybou.eu\/wordpress\/e-breizh\/wp-json\/wp\/v2\/media?parent=703"}],"wp:term":[{"taxonomy":"product_brand","embeddable":true,"href":"https:\/\/tybou.eu\/wordpress\/e-breizh\/wp-json\/wp\/v2\/product_brand?post=703"},{"taxonomy":"product_cat","embeddable":true,"href":"https:\/\/tybou.eu\/wordpress\/e-breizh\/wp-json\/wp\/v2\/product_cat?post=703"},{"taxonomy":"product_tag","embeddable":true,"href":"https:\/\/tybou.eu\/wordpress\/e-breizh\/wp-json\/wp\/v2\/product_tag?post=703"}],"curies":[{"name":"wp","href":"https:\/\/api.w.org\/{rel}","templated":true}]}}