{"id":677,"date":"2025-10-01T11:41:24","date_gmt":"2025-10-01T11:41:24","guid":{"rendered":"https:\/\/tybou.eu\/wordpress\/e-breizh\/?post_type=product&#038;p=677"},"modified":"2025-10-14T12:32:27","modified_gmt":"2025-10-14T12:32:27","slug":"disjoncteur-differentiel-gardif-multi9-triphase","status":"publish","type":"product","link":"https:\/\/tybou.eu\/wordpress\/e-breizh\/product\/disjoncteur-differentiel-gardif-multi9-triphase\/","title":{"rendered":"Disjoncteur diff\u00e9rentiel Gardif Multi9 triphas\u00e9"},"content":{"rendered":"<p>1 disjoncteur Gardif Multi9 triphas\u00e9 avec diff\u00e9rentiel pour la protection du r\u00e9seau \u00e9lectrique contre les surcharges, les courants de fuite et les courts-circuits.<\/p>\n<p>Caract\u00e9ristiques<br \/>\n&#8211; Disjoncteur diff\u00e9rentiel automatique<br \/>\n&#8211; Courant maximum de 25A ou 40A au choix<br \/>\n&#8211; Sensibilit\u00e9 diff\u00e9rentiel de 30mA pour le mod\u00e8le 25A, de 300mA pour le mod\u00e8le 40A<br \/>\n&#8211; Pour r\u00e9seaux 220V \u00e0 400V<br \/>\n&#8211; Pouvoir de coupure 3000A<br \/>\n&#8211; Norme CEBEC<br \/>\n&#8211; Mod\u00e8le Multi 9<br \/>\n&#8211; Marque Gardif<br \/>\n&#8211; Poids 0,2 kg<\/p>\n<p>Certifi\u00e9 SGS-CEBEC<\/p>\n<p>Produit neuf ou d&rsquo;occasion, pouvant pr\u00e9senter quelques traces.<br \/>\nProvient de surplus ou retir\u00e9 d&rsquo;une installation en parfait \u00e9tat de fonctionnement.<br \/>\nUniquement en envoi via Mondial Relay ou BPost.<\/p>\n","protected":false},"excerpt":{"rendered":"<p>Disjoncteur diff\u00e9rentiel Gardif triphas\u00e9 230V \u00e0 400V CEBEC 3000<br \/>\nMod\u00e8le : Multi 9. Amp\u00e9rage 25A 40A au choix.<\/p>\n","protected":false},"featured_media":691,"comment_status":"open","ping_status":"closed","template":"","meta":[],"product_brand":[],"product_cat":[34,77,76,36,18,73,82,26],"product_tag":[],"class_list":{"0":"post-677","1":"product","2":"type-product","3":"status-publish","4":"has-post-thumbnail","6":"product_cat-25a","7":"product_cat-300ma","8":"product_cat-30ma","9":"product_cat-40a","10":"product_cat-a-bascule","11":"product_cat-differentiel","12":"product_cat-gardif","13":"product_cat-plastique","15":"first","16":"instock","17":"shipping-taxable","18":"purchasable","19":"product-type-variable"},"_links":{"self":[{"href":"https:\/\/tybou.eu\/wordpress\/e-breizh\/wp-json\/wp\/v2\/product\/677","targetHints":{"allow":["GET"]}}],"collection":[{"href":"https:\/\/tybou.eu\/wordpress\/e-breizh\/wp-json\/wp\/v2\/product"}],"about":[{"href":"https:\/\/tybou.eu\/wordpress\/e-breizh\/wp-json\/wp\/v2\/types\/product"}],"replies":[{"embeddable":true,"href":"https:\/\/tybou.eu\/wordpress\/e-breizh\/wp-json\/wp\/v2\/comments?post=677"}],"wp:featuredmedia":[{"embeddable":true,"href":"https:\/\/tybou.eu\/wordpress\/e-breizh\/wp-json\/wp\/v2\/media\/691"}],"wp:attachment":[{"href":"https:\/\/tybou.eu\/wordpress\/e-breizh\/wp-json\/wp\/v2\/media?parent=677"}],"wp:term":[{"taxonomy":"product_brand","embeddable":true,"href":"https:\/\/tybou.eu\/wordpress\/e-breizh\/wp-json\/wp\/v2\/product_brand?post=677"},{"taxonomy":"product_cat","embeddable":true,"href":"https:\/\/tybou.eu\/wordpress\/e-breizh\/wp-json\/wp\/v2\/product_cat?post=677"},{"taxonomy":"product_tag","embeddable":true,"href":"https:\/\/tybou.eu\/wordpress\/e-breizh\/wp-json\/wp\/v2\/product_tag?post=677"}],"curies":[{"name":"wp","href":"https:\/\/api.w.org\/{rel}","templated":true}]}}