{"id":664,"date":"2025-09-28T21:07:19","date_gmt":"2025-09-28T21:07:19","guid":{"rendered":"https:\/\/tybou.eu\/wordpress\/e-breizh\/?post_type=product&#038;p=664"},"modified":"2025-10-01T09:45:03","modified_gmt":"2025-10-01T09:45:03","slug":"fusible-di-ki-2a-pour-embase-e14","status":"publish","type":"product","link":"https:\/\/tybou.eu\/wordpress\/e-breizh\/product\/fusible-di-ki-2a-pour-embase-e14\/","title":{"rendered":"Fusible DI KI 2A pour embase E14"},"content":{"rendered":"<p>1 fusible en c\u00e9ramique spirale DI KI en porcelaine CEBEC de protection du r\u00e9seau \u00e9lectrique contre les surcharges et les courts-circuits.<\/p>\n<p>Caract\u00e9ristiques<br \/>\n&#8211; Courant maximum 2A<br \/>\n&#8211; Pour r\u00e9seaux 250V \u00e0 380V (max 400V)<br \/>\n&#8211; Pouvoir de coupure 50 KA<br \/>\n&#8211; Mati\u00e8re : C\u00e9ramique\/Porcelaine\/Fa\u00efence<br \/>\n&#8211; Longueur : 36 mm<br \/>\n&#8211; Diam\u00e8tre corps : 10.7 mm<br \/>\n&#8211; Diam\u00e8tre extr\u00e9mit\u00e9 : 5,5mm<br \/>\n&#8211; Marque : Siemens<br \/>\n&#8211; Poids 6g<\/p>\n<p>Certifi\u00e9 SGS-CEBEC<br \/>\nNombre de modules : 1<\/p>\n<p>Produit neuf ou d&rsquo;occasion, pouvant pr\u00e9senter quelques traces d&rsquo;utilisation.<br \/>\nProvient de surplus ou retir\u00e9 d&rsquo;une installation en parfait \u00e9tat de fonctionnement.<br \/>\nUniquement en envoi via Mondial Relay. Pas d&rsquo;enl\u00e8vement sur place.<\/p>\n","protected":false},"excerpt":{"rendered":"<p>1 fusible 2A en c\u00e9ramique spirale DI KI en porcelaine CEBEC<\/p>\n","protected":false},"featured_media":671,"comment_status":"open","ping_status":"closed","template":"","meta":[],"product_brand":[],"product_cat":[47,25,72,19],"product_tag":[],"class_list":{"0":"post-664","1":"product","2":"type-product","3":"status-publish","4":"has-post-thumbnail","6":"product_cat-02a","7":"product_cat-ceramique-porcelaine","8":"product_cat-e14","9":"product_cat-fusible","11":"first","12":"instock","13":"shipping-taxable","14":"purchasable","15":"product-type-simple"},"_links":{"self":[{"href":"https:\/\/tybou.eu\/wordpress\/e-breizh\/wp-json\/wp\/v2\/product\/664","targetHints":{"allow":["GET"]}}],"collection":[{"href":"https:\/\/tybou.eu\/wordpress\/e-breizh\/wp-json\/wp\/v2\/product"}],"about":[{"href":"https:\/\/tybou.eu\/wordpress\/e-breizh\/wp-json\/wp\/v2\/types\/product"}],"replies":[{"embeddable":true,"href":"https:\/\/tybou.eu\/wordpress\/e-breizh\/wp-json\/wp\/v2\/comments?post=664"}],"wp:featuredmedia":[{"embeddable":true,"href":"https:\/\/tybou.eu\/wordpress\/e-breizh\/wp-json\/wp\/v2\/media\/671"}],"wp:attachment":[{"href":"https:\/\/tybou.eu\/wordpress\/e-breizh\/wp-json\/wp\/v2\/media?parent=664"}],"wp:term":[{"taxonomy":"product_brand","embeddable":true,"href":"https:\/\/tybou.eu\/wordpress\/e-breizh\/wp-json\/wp\/v2\/product_brand?post=664"},{"taxonomy":"product_cat","embeddable":true,"href":"https:\/\/tybou.eu\/wordpress\/e-breizh\/wp-json\/wp\/v2\/product_cat?post=664"},{"taxonomy":"product_tag","embeddable":true,"href":"https:\/\/tybou.eu\/wordpress\/e-breizh\/wp-json\/wp\/v2\/product_tag?post=664"}],"curies":[{"name":"wp","href":"https:\/\/api.w.org\/{rel}","templated":true}]}}