{"id":635,"date":"2025-09-28T17:36:34","date_gmt":"2025-09-28T17:36:34","guid":{"rendered":"https:\/\/tybou.eu\/wordpress\/e-breizh\/?post_type=product&#038;p=635"},"modified":"2025-10-03T21:55:21","modified_gmt":"2025-10-03T21:55:21","slug":"disjoncteurs-a-poussoir-a-visser-6-10-e27","status":"publish","type":"product","link":"https:\/\/tybou.eu\/wordpress\/e-breizh\/product\/disjoncteurs-a-poussoir-a-visser-6-10-e27\/","title":{"rendered":"Disjoncteurs \u00e0 poussoir \u00e0 visser 6\/10 E27"},"content":{"rendered":"<p>1 disjoncteur automatique \u00e0 visser 6\/10 E27, \u00e0 poussoir.<\/p>\n<p>Disjoncteur unipolaire de protection du r\u00e9seau \u00e9lectrique contre les surcharges et les courts-circuits.<\/p>\n<p>Vous voulez remplacer un porte-fusible par un disjoncteur automatique, appel\u00e9 aussi \u00ab\u00a0fusible automatique\u00a0\u00bb ?<br \/>\nOu moderniser une ancienne installation \u00e9lectrique sans tout refaire !!<br \/>\nOu encore passer des fusibles au disjoncteur automatique ?<br \/>\nCe disjoncteur peut remplacer les fusibles cylindriques en c\u00e9ramique qui se montent dans une t\u00eate \u00e0 visser au pas E27 dans les installations existantes.<\/p>\n<p>Caract\u00e9ristiques<br \/>\n&#8211; Disjoncteur \u00e0 visser \/ Fusible automatique<br \/>\n&#8211; Pas de vis : E27<br \/>\n&#8211; Courant maximum 6,5A, 15A, 16A ou 25A au choix<br \/>\n&#8211; Pour r\u00e9seaux 220V \u00e0 400V<br \/>\n&#8211; Pouvoir de coupure 3000A<br \/>\n&#8211; Largeur 40 ou 43 mm (diam\u00e8tre)<br \/>\n&#8211; Hauteur 80 \u00e0 100mm<br \/>\n&#8211; Marque Gardix, ABB, Legrand, Stotz ou Vynckier,<br \/>\n&#8211; Poids 110 \u00e0 120 g<\/p>\n<p>Certifi\u00e9 SGS-CEBEC<\/p>\n<p>Produit neuf ou d&rsquo;occasion, pouvant pr\u00e9senter quelques traces d&rsquo;utilisation.<br \/>\nProvient de surplus ou retir\u00e9 d&rsquo;une installation en parfait \u00e9tat de fonctionnement.<br \/>\nUniquement en envoi via Mondial Relay ou Colissimo. Pas d&rsquo;enl\u00e8vement sur place.<\/p>\n","protected":false},"excerpt":{"rendered":"<p>Disjoncteur fusible automatique (\u00e0 poussoir) \u00e0 visser 6\/10 E27 230V \u00e0 400V CEBEC 3000<br \/>\nMarque : Gardix, ABB, Legrand, Stotz ou Vynckier.<br \/>\nAmp\u00e9rage : 6,5A 15A 16A ou 25A au choix.<\/p>\n","protected":false},"featured_media":644,"comment_status":"open","ping_status":"closed","template":"","meta":[],"product_brand":[],"product_cat":[31,40,29,34,23,67,69,26,84],"product_tag":[],"class_list":{"0":"post-635","1":"product","2":"type-product","3":"status-publish","4":"has-post-thumbnail","6":"product_cat-06a","7":"product_cat-15a","8":"product_cat-16a","9":"product_cat-25a","10":"product_cat-a-poussoir","11":"product_cat-a-visser","12":"product_cat-e27","13":"product_cat-plastique","14":"product_cat-stotz","16":"first","17":"instock","18":"shipping-taxable","19":"purchasable","20":"product-type-variable","21":"has-default-attributes"},"_links":{"self":[{"href":"https:\/\/tybou.eu\/wordpress\/e-breizh\/wp-json\/wp\/v2\/product\/635","targetHints":{"allow":["GET"]}}],"collection":[{"href":"https:\/\/tybou.eu\/wordpress\/e-breizh\/wp-json\/wp\/v2\/product"}],"about":[{"href":"https:\/\/tybou.eu\/wordpress\/e-breizh\/wp-json\/wp\/v2\/types\/product"}],"replies":[{"embeddable":true,"href":"https:\/\/tybou.eu\/wordpress\/e-breizh\/wp-json\/wp\/v2\/comments?post=635"}],"wp:featuredmedia":[{"embeddable":true,"href":"https:\/\/tybou.eu\/wordpress\/e-breizh\/wp-json\/wp\/v2\/media\/644"}],"wp:attachment":[{"href":"https:\/\/tybou.eu\/wordpress\/e-breizh\/wp-json\/wp\/v2\/media?parent=635"}],"wp:term":[{"taxonomy":"product_brand","embeddable":true,"href":"https:\/\/tybou.eu\/wordpress\/e-breizh\/wp-json\/wp\/v2\/product_brand?post=635"},{"taxonomy":"product_cat","embeddable":true,"href":"https:\/\/tybou.eu\/wordpress\/e-breizh\/wp-json\/wp\/v2\/product_cat?post=635"},{"taxonomy":"product_tag","embeddable":true,"href":"https:\/\/tybou.eu\/wordpress\/e-breizh\/wp-json\/wp\/v2\/product_tag?post=635"}],"curies":[{"name":"wp","href":"https:\/\/api.w.org\/{rel}","templated":true}]}}