{"id":492,"date":"2025-06-22T20:53:07","date_gmt":"2025-06-22T20:53:07","guid":{"rendered":"https:\/\/tybou.eu\/wordpress\/e-breizh\/?post_type=product&#038;p=492"},"modified":"2025-10-11T17:33:27","modified_gmt":"2025-10-11T17:33:27","slug":"fusible-broches-30mm-8mm-5mm","status":"publish","type":"product","link":"https:\/\/tybou.eu\/wordpress\/e-breizh\/product\/fusible-broches-30mm-8mm-5mm\/","title":{"rendered":"Fusible \u00e0 broches 25A 30mm\/8mm\/5mm"},"content":{"rendered":"<p>1 fusible en porcelaine ou plastique \u00e0 broches espac\u00e9es de 30mm et de diam\u00e8tre de 8mm (m\u00e2le) et 5mm (femelle) CEBEC de protection du r\u00e9seau \u00e9lectrique contre les surcharges et les courts-circuits.<\/p>\n<p>Caract\u00e9ristiques<br \/>\n&#8211; Courant maximum 25A<br \/>\n&#8211; Pour r\u00e9seaux 220V \u00e0 380V<br \/>\n&#8211; Entre-axe des broches de 30mm (3cm)<br \/>\n\u2013 Diam\u00e8tre ext\u00e9rieur de la broche m\u00e2le de 8mm<br \/>\n\u2013 Diam\u00e8tre int\u00e9rieur de la broche femelle de 5mm<br \/>\n&#8211; Marque Gardix, ABB, Legrand, 3F, Gardy, Stotz ou Vynckier,<br \/>\n&#8211; Mati\u00e8re porcelaine, c\u00e9ramique ou plastique suivant fabricant<br \/>\n&#8211; Poids 0,06 kg<\/p>\n<p>Certifi\u00e9 SGS-CEBEC<br \/>\nNombre de modules : 1<\/p>\n<p>Produit neuf ou d&rsquo;occasion, pouvant pr\u00e9senter quelques traces d&rsquo;utilisation.<br \/>\nProvient de surplus ou retir\u00e9 d&rsquo;une installation en parfait \u00e9tat de fonctionnement.<br \/>\nUniquement en envoi via Mondial Relay. Pas d&rsquo;enl\u00e8vement sur place.<\/p>\n","protected":false},"excerpt":{"rendered":"<p>1 fusible 25A en porcelaine ou plastique \u00e0 broches 30mm\/8mm\/5mm CEBEC<\/p>\n","protected":false},"featured_media":495,"comment_status":"open","ping_status":"closed","template":"","meta":[],"product_brand":[],"product_cat":[34,25,45,19,85,53,26],"product_tag":[],"class_list":{"0":"post-492","1":"product","2":"type-product","3":"status-publish","4":"has-post-thumbnail","6":"product_cat-25a","7":"product_cat-ceramique-porcelaine","8":"product_cat-entre-axe-30mm","9":"product_cat-fusible","10":"product_cat-legrand","11":"product_cat-male-8mm-femelle-5mm","12":"product_cat-plastique","14":"first","15":"instock","16":"shipping-taxable","17":"purchasable","18":"product-type-simple"},"_links":{"self":[{"href":"https:\/\/tybou.eu\/wordpress\/e-breizh\/wp-json\/wp\/v2\/product\/492","targetHints":{"allow":["GET"]}}],"collection":[{"href":"https:\/\/tybou.eu\/wordpress\/e-breizh\/wp-json\/wp\/v2\/product"}],"about":[{"href":"https:\/\/tybou.eu\/wordpress\/e-breizh\/wp-json\/wp\/v2\/types\/product"}],"replies":[{"embeddable":true,"href":"https:\/\/tybou.eu\/wordpress\/e-breizh\/wp-json\/wp\/v2\/comments?post=492"}],"wp:featuredmedia":[{"embeddable":true,"href":"https:\/\/tybou.eu\/wordpress\/e-breizh\/wp-json\/wp\/v2\/media\/495"}],"wp:attachment":[{"href":"https:\/\/tybou.eu\/wordpress\/e-breizh\/wp-json\/wp\/v2\/media?parent=492"}],"wp:term":[{"taxonomy":"product_brand","embeddable":true,"href":"https:\/\/tybou.eu\/wordpress\/e-breizh\/wp-json\/wp\/v2\/product_brand?post=492"},{"taxonomy":"product_cat","embeddable":true,"href":"https:\/\/tybou.eu\/wordpress\/e-breizh\/wp-json\/wp\/v2\/product_cat?post=492"},{"taxonomy":"product_tag","embeddable":true,"href":"https:\/\/tybou.eu\/wordpress\/e-breizh\/wp-json\/wp\/v2\/product_tag?post=492"}],"curies":[{"name":"wp","href":"https:\/\/api.w.org\/{rel}","templated":true}]}}