{"id":443,"date":"2025-06-22T17:57:03","date_gmt":"2025-06-22T17:57:03","guid":{"rendered":"https:\/\/tybou.eu\/wordpress\/e-breizh\/?post_type=product&#038;p=443"},"modified":"2025-10-10T21:14:52","modified_gmt":"2025-10-10T21:14:52","slug":"fusible-broches-20mm-5mm-4mm","status":"publish","type":"product","link":"https:\/\/tybou.eu\/wordpress\/e-breizh\/product\/fusible-broches-20mm-5mm-4mm\/","title":{"rendered":"Fusible \u00e0 broches 4A 20mm\/5mm\/4mm"},"content":{"rendered":"<p>1 fusible en porcelaine \u00e0 broches CEBEC de protection du r\u00e9seau \u00e9lectrique contre les surcharges et les courts-circuits.<\/p>\n<p>Broches espac\u00e9es de 20mm.<br \/>\nUne broche m\u00e2le de 5mm de diam\u00e8tre, l&rsquo;autre femelle de 4mm.<\/p>\n<p>Caract\u00e9ristiques<br \/>\n&#8211; Courant maximum 4A<br \/>\n&#8211; Pour r\u00e9seaux 220V \u00e0 380V<br \/>\n&#8211; Entre-axe des broches de 20mm (2cm)<br \/>\n&#8211; Diam\u00e8tre ext\u00e9rieur de la broche m\u00e2le de 5mm<br \/>\n&#8211; Diam\u00e8tre int\u00e9rieur de la broche femelle de 4mm<br \/>\n&#8211; Marque Gardix, ABB, Legrand, 3F, Gardy, Stotz ou Vynckier,<br \/>\n&#8211; Mati\u00e8re porcelaine ou c\u00e9ramique suivant fabricant<br \/>\n&#8211; Poids 0,06 kg<\/p>\n<p>Certifi\u00e9 SGS-CEBEC<br \/>\nNombre de modules : 1<\/p>\n<p>Produit neuf ou d&rsquo;occasion, pouvant pr\u00e9senter quelques traces d&rsquo;utilisation.<br \/>\nProvient de surplus ou retir\u00e9 d&rsquo;une installation en parfait \u00e9tat de fonctionnement.<br \/>\nUniquement en envoi via Mondial Relay. Pas d&rsquo;enl\u00e8vement sur place.<\/p>\n","protected":false},"excerpt":{"rendered":"<p>1 fusible 4A en porcelaine \u00e0 broches 20mm\/5mm\/4mm CEBEC<\/p>\n","protected":false},"featured_media":450,"comment_status":"open","ping_status":"closed","template":"","meta":[],"product_brand":[],"product_cat":[30,25,44,19,81,49],"product_tag":[],"class_list":{"0":"post-443","1":"product","2":"type-product","3":"status-publish","4":"has-post-thumbnail","6":"product_cat-04a","7":"product_cat-ceramique-porcelaine","8":"product_cat-entre-axe-20mm","9":"product_cat-fusible","10":"product_cat-gardy","11":"product_cat-m5mm-f4mm","13":"first","14":"instock","15":"shipping-taxable","16":"purchasable","17":"product-type-simple"},"_links":{"self":[{"href":"https:\/\/tybou.eu\/wordpress\/e-breizh\/wp-json\/wp\/v2\/product\/443","targetHints":{"allow":["GET"]}}],"collection":[{"href":"https:\/\/tybou.eu\/wordpress\/e-breizh\/wp-json\/wp\/v2\/product"}],"about":[{"href":"https:\/\/tybou.eu\/wordpress\/e-breizh\/wp-json\/wp\/v2\/types\/product"}],"replies":[{"embeddable":true,"href":"https:\/\/tybou.eu\/wordpress\/e-breizh\/wp-json\/wp\/v2\/comments?post=443"}],"wp:featuredmedia":[{"embeddable":true,"href":"https:\/\/tybou.eu\/wordpress\/e-breizh\/wp-json\/wp\/v2\/media\/450"}],"wp:attachment":[{"href":"https:\/\/tybou.eu\/wordpress\/e-breizh\/wp-json\/wp\/v2\/media?parent=443"}],"wp:term":[{"taxonomy":"product_brand","embeddable":true,"href":"https:\/\/tybou.eu\/wordpress\/e-breizh\/wp-json\/wp\/v2\/product_brand?post=443"},{"taxonomy":"product_cat","embeddable":true,"href":"https:\/\/tybou.eu\/wordpress\/e-breizh\/wp-json\/wp\/v2\/product_cat?post=443"},{"taxonomy":"product_tag","embeddable":true,"href":"https:\/\/tybou.eu\/wordpress\/e-breizh\/wp-json\/wp\/v2\/product_tag?post=443"}],"curies":[{"name":"wp","href":"https:\/\/api.w.org\/{rel}","templated":true}]}}