{"id":359,"date":"2024-11-10T22:22:29","date_gmt":"2024-11-10T22:22:29","guid":{"rendered":"https:\/\/tybou.eu\/wordpress\/e-breizh\/?post_type=product&#038;p=359"},"modified":"2026-04-26T09:34:53","modified_gmt":"2026-04-26T09:34:53","slug":"disjoncteur-poussoir-broches-20mm-7mm","status":"publish","type":"product","link":"https:\/\/tybou.eu\/wordpress\/e-breizh\/product\/disjoncteur-poussoir-broches-20mm-7mm\/","title":{"rendered":"Disjoncteurs \u00e0 poussoir \u00e0 broches 20mm\/7mm"},"content":{"rendered":"<p>1 disjoncteur fusible automatique \u00e0 broches 20mm\/7mm, \u00e0 poussoir.<\/p>\n<p>Disjoncteur unipolaire de protection du r\u00e9seau \u00e9lectrique contre les surcharges et les courts-circuits.<\/p>\n<p>Vous voulez remplacer un porte-fusible par un disjoncteur automatique, appel\u00e9 aussi \u00ab\u00a0fusible automatique\u00a0\u00bb ?<br \/>\nOu moderniser une ancienne installation \u00e9lectrique sans tout refaire !!<br \/>\nOu encore passer des fusibles au disjoncteur automatique ?<br \/>\nCe disjoncteur peut remplacer les fusibles \u00e0 broches NBN C 61-143 (souvent \u00e0 fil en plomb) dans les installations existantes.<\/p>\n<p>Caract\u00e9ristiques<br \/>\n&#8211; Disjoncteur \u00e0 broche \/ Fusible automatique<br \/>\n&#8211; Courant maximum de 4A 6A 10A 15A 16A 20A au choix<br \/>\n&#8211; Pour r\u00e9seaux 220V \u00e0 400V<br \/>\n&#8211; Pouvoir de coupure 3000A<br \/>\n&#8211; Entre-axe des broches de 20mm (2cm)<br \/>\n&#8211; Diam\u00e8tre des broches : 7mm<br \/>\n&#8211; Largeur 17,5 mm<br \/>\n&#8211; Hauteur 55,5 mm<br \/>\n&#8211; Longueur 57,5 mm<br \/>\n&#8211; Marque Gardix, ABB, Legrand, Stotz ou Vynckier,<br \/>\n&#8211; Poids 0,06 kg<\/p>\n<p>Certifi\u00e9 SGS-CEBEC<\/p>\n<p>Produit neuf ou d&rsquo;occasion, pouvant pr\u00e9senter quelques traces.<br \/>\nProvient de surplus ou retir\u00e9 d&rsquo;une installation en parfait \u00e9tat de fonctionnement.<br \/>\nUniquement en envoi via Mondial Relay ou Colissimo. Pas d&rsquo;enl\u00e8vement sur place.<\/p>\n","protected":false},"excerpt":{"rendered":"<p>Disjoncteur fusible automatique (\u00e0 poussoir) \u00e0 broches 20mm 230V \u00e0 400V CEBEC 3000<br \/>\nMarque : Gardix, ABB, Legrand, Stotz ou Vynckier.<br \/>\nAmp\u00e9rage : 4A 6A 10A 15A 16A 20A au choix.<\/p>\n","protected":false},"featured_media":531,"comment_status":"open","ping_status":"closed","template":"","meta":[],"product_brand":[],"product_cat":[32,40,29,33,23,94,44,88,42,26,84,87],"product_tag":[],"class_list":{"0":"post-359","1":"product","2":"type-product","3":"status-publish","4":"has-post-thumbnail","6":"product_cat-10a","7":"product_cat-15a","8":"product_cat-16a","9":"product_cat-20a","10":"product_cat-a-poussoir","11":"product_cat-disruptor","12":"product_cat-entre-axe-20mm","13":"product_cat-gardix","14":"product_cat-m7mm","15":"product_cat-plastique","16":"product_cat-stotz","17":"product_cat-vynckier","19":"first","20":"instock","21":"shipping-taxable","22":"purchasable","23":"product-type-variable","24":"has-default-attributes"},"_links":{"self":[{"href":"https:\/\/tybou.eu\/wordpress\/e-breizh\/wp-json\/wp\/v2\/product\/359","targetHints":{"allow":["GET"]}}],"collection":[{"href":"https:\/\/tybou.eu\/wordpress\/e-breizh\/wp-json\/wp\/v2\/product"}],"about":[{"href":"https:\/\/tybou.eu\/wordpress\/e-breizh\/wp-json\/wp\/v2\/types\/product"}],"replies":[{"embeddable":true,"href":"https:\/\/tybou.eu\/wordpress\/e-breizh\/wp-json\/wp\/v2\/comments?post=359"}],"wp:featuredmedia":[{"embeddable":true,"href":"https:\/\/tybou.eu\/wordpress\/e-breizh\/wp-json\/wp\/v2\/media\/531"}],"wp:attachment":[{"href":"https:\/\/tybou.eu\/wordpress\/e-breizh\/wp-json\/wp\/v2\/media?parent=359"}],"wp:term":[{"taxonomy":"product_brand","embeddable":true,"href":"https:\/\/tybou.eu\/wordpress\/e-breizh\/wp-json\/wp\/v2\/product_brand?post=359"},{"taxonomy":"product_cat","embeddable":true,"href":"https:\/\/tybou.eu\/wordpress\/e-breizh\/wp-json\/wp\/v2\/product_cat?post=359"},{"taxonomy":"product_tag","embeddable":true,"href":"https:\/\/tybou.eu\/wordpress\/e-breizh\/wp-json\/wp\/v2\/product_tag?post=359"}],"curies":[{"name":"wp","href":"https:\/\/api.w.org\/{rel}","templated":true}]}}