{"id":262,"date":"2024-11-10T16:53:14","date_gmt":"2024-11-10T16:53:14","guid":{"rendered":"https:\/\/tybou.eu\/wordpress\/e-breizh\/?post_type=product&#038;p=262"},"modified":"2026-04-03T09:52:38","modified_gmt":"2026-04-03T09:52:38","slug":"disjoncteur-bascule-broches-20mm-7mm","status":"publish","type":"product","link":"https:\/\/tybou.eu\/wordpress\/e-breizh\/product\/disjoncteur-bascule-broches-20mm-7mm\/","title":{"rendered":"Disjoncteur \u00e0 bascule \u00e0 broches 20mm\/7mm"},"content":{"rendered":"<p>1 fusible automatique disjoncteur \u00e0 bascule, \u00e0 broches, unipolaire de protection du r\u00e9seau \u00e9lectrique contre les surcharges et les courts-circuits.<\/p>\n<p>Vous voulez remplacer un porte-fusible par un disjoncteur automatique, appel\u00e9 aussi \u00ab\u00a0fusible automatique\u00a0\u00bb ?<br \/>\nOu moderniser une ancienne installation \u00e9lectrique sans tout refaire !!<br \/>\nOu encore passer des fusibles au disjoncteur automatique ?<br \/>\nCe disjoncteur peut remplacer les fusibles \u00e0 broches NBN C 61-143 (souvent \u00e0 fil en plomb) dans les installations existantes.<\/p>\n<p>Caract\u00e9ristiques<br \/>\n&#8211; Disjoncteur \u00e0 broche \/ Fusible automatique<br \/>\n&#8211; Courant maximum de 2A 4A 6A 10A 16A 20A 25A 32A 40A au choix<br \/>\n&#8211; Pour r\u00e9seaux 220V \u00e0 400V<br \/>\n&#8211; Pouvoir de coupure 3000A<br \/>\n&#8211; Entre-axe des broches de 20mm (2cm)<br \/>\n&#8211; Diam\u00e8tre des broches : 7mm<br \/>\n&#8211; Largeur 17,5 mm<br \/>\n&#8211; Hauteur 55,5 mm<br \/>\n&#8211; Longueur 57,5 mm<br \/>\n&#8211; Marque Gardix, ABB, Legrand, Stotz ou Vynckier,<br \/>\n&#8211; Poids 0,06 kg<\/p>\n<p>Certifi\u00e9 SGS-CEBEC<\/p>\n<p>Produit neuf ou d&rsquo;occasion, pouvant pr\u00e9senter quelques traces.<br \/>\nProvient de surplus ou retir\u00e9 d&rsquo;une installation en parfait \u00e9tat de fonctionnement.<br \/>\nUniquement en envoi via Mondial Relay, BPost ou Colissimo. Pas d&rsquo;enl\u00e8vement sur place.<\/p>\n","protected":false},"excerpt":{"rendered":"<p>Disjoncteur fusible automatique (\u00e0 bascule) \u00e0 broches 20mm\/7mm 230V \u00e0 400V CEBEC 3000<br \/>\nMarque : Gardix, ABB, Legrand, Stotz ou Vynckier.<br \/>\nAmp\u00e9rage 2A 4A 6A 10A 16A 20A 25A 32A 40A au choix.<\/p>\n","protected":false},"featured_media":571,"comment_status":"open","ping_status":"closed","template":"","meta":[],"product_brand":[],"product_cat":[47,30,31,32,29,33,34,35,36,18,44,88,85,42,26,84,87],"product_tag":[],"class_list":{"0":"post-262","1":"product","2":"type-product","3":"status-publish","4":"has-post-thumbnail","6":"product_cat-02a","7":"product_cat-04a","8":"product_cat-06a","9":"product_cat-10a","10":"product_cat-16a","11":"product_cat-20a","12":"product_cat-25a","13":"product_cat-32a","14":"product_cat-40a","15":"product_cat-a-bascule","16":"product_cat-entre-axe-20mm","17":"product_cat-gardix","18":"product_cat-legrand","19":"product_cat-m7mm","20":"product_cat-plastique","21":"product_cat-stotz","22":"product_cat-vynckier","24":"first","25":"instock","26":"shipping-taxable","27":"purchasable","28":"product-type-variable","29":"has-default-attributes"},"_links":{"self":[{"href":"https:\/\/tybou.eu\/wordpress\/e-breizh\/wp-json\/wp\/v2\/product\/262","targetHints":{"allow":["GET"]}}],"collection":[{"href":"https:\/\/tybou.eu\/wordpress\/e-breizh\/wp-json\/wp\/v2\/product"}],"about":[{"href":"https:\/\/tybou.eu\/wordpress\/e-breizh\/wp-json\/wp\/v2\/types\/product"}],"replies":[{"embeddable":true,"href":"https:\/\/tybou.eu\/wordpress\/e-breizh\/wp-json\/wp\/v2\/comments?post=262"}],"wp:featuredmedia":[{"embeddable":true,"href":"https:\/\/tybou.eu\/wordpress\/e-breizh\/wp-json\/wp\/v2\/media\/571"}],"wp:attachment":[{"href":"https:\/\/tybou.eu\/wordpress\/e-breizh\/wp-json\/wp\/v2\/media?parent=262"}],"wp:term":[{"taxonomy":"product_brand","embeddable":true,"href":"https:\/\/tybou.eu\/wordpress\/e-breizh\/wp-json\/wp\/v2\/product_brand?post=262"},{"taxonomy":"product_cat","embeddable":true,"href":"https:\/\/tybou.eu\/wordpress\/e-breizh\/wp-json\/wp\/v2\/product_cat?post=262"},{"taxonomy":"product_tag","embeddable":true,"href":"https:\/\/tybou.eu\/wordpress\/e-breizh\/wp-json\/wp\/v2\/product_tag?post=262"}],"curies":[{"name":"wp","href":"https:\/\/api.w.org\/{rel}","templated":true}]}}