{"id":291,"date":"2024-11-10T17:56:39","date_gmt":"2024-11-10T17:56:39","guid":{"rendered":"https:\/\/tybou.eu\/wordpress\/e-breizh\/?page_id=291"},"modified":"2025-10-10T21:28:52","modified_gmt":"2025-10-10T21:28:52","slug":"a-propos","status":"publish","type":"page","link":"https:\/\/tybou.eu\/wordpress\/e-breizh\/a-propos\/","title":{"rendered":"\u00c0 propos&#8230;"},"content":{"rendered":"\n<p>Ayant r\u00e9alis\u00e9 la mise \u00e0 niveau de l&rsquo;installation \u00e9lectrique dans plusieurs des logements (exemple <a href=\"https:\/\/tybou.eu\/wordpress\/blog\/2021\/09\/25\/remplacement-vieux-tableau-electrique\/\">ici<\/a>) par lesquels je suis pass\u00e9, j&rsquo;ai pu constater le co\u00fbt de cette op\u00e9ration et le mat\u00e9riel qu&rsquo;il reste apr\u00e8s l&rsquo;op\u00e9ration, mat\u00e9riel en parfait \u00e9tat de marche pour la majeure partie.<\/p>\n\n\n\n<p>C&rsquo;est \u00e0 ces occasions que j&rsquo;ai pu retirer d&rsquo;anciens disjoncteurs \u00e0 broches, des fusibles, des porte-fusibles et autres \u00e9quipements qui fonctionnent tr\u00e8s bien et peuvent rendre de grands services pour ceux qui ne peuvent ou ne veulent pas se lancer dans ce genre de chantier.<\/p>\n\n\n\n<p>Ainsi, vous trouverez sur ce site du mat\u00e9riel vous permettant de remplacer un ancien module de tableau \u00e9lectrique, un fusible ou fil \u00e0 plomb par un disjoncteur automatique, appel\u00e9 aussi \u00ab\u00a0fusible automatique\u00a0\u00bb. Cela permet aussi de moderniser une ancienne installation \u00e9lectrique sans avoir \u00e0 tout refaire. De plus, vous am\u00e9liorez la s\u00e9curit\u00e9 de votre installation en passant des fusibles au disjoncteur automatique r\u00e9-armable, en ajoutant des disjoncteurs diff\u00e9rentiels, en l&rsquo;automatisant avec une minuterie ou un contacteur jour\/nuit, &#8230;<br>Vous trouverez \u00e9galement des fusibles en porcelaine, c\u00e9ramique ou plastique pour remplacer un qui ne fonctionnerait plus. \u00c9galement, d&rsquo;autres modules de tableau \u00e9lectrique d&rsquo;occasion. Chaque article est test\u00e9 avant son exp\u00e9dition.<\/p>\n\n\n\n<p>L&rsquo;ensemble des produit de ce site sont donc, soit en \u00e9tat neuf (stock inutilis\u00e9) ou d&rsquo;occasion, pouvant pr\u00e9senter quelques traces d&rsquo;utilisation ou d&rsquo;usure.<\/p>\n\n\n\n<p>Merci d&rsquo;\u00eatre venu consulter ma boutique !<\/p>\n\n\n\n<p>Coordonn\u00e9es compl\u00e8tes (web-master et vendeur) :<br>Bertrand Bousquet-Hourat<br>Avenue Jean Vanhaelen, 10<br>1160 Bruxelles<br>Belgique<br>GSM: +32 484 12 29 41<\/p>\n\n\n\n<h3 class=\"wp-block-heading\">Consignes de s\u00e9curit\u00e9 et indications de danger<\/h3>\n\n\n\n<p>Veuillez noter que les travaux \u00e9lectriques et \u00e9lectrotechniques sont exclusivement r\u00e9serv\u00e9s \u00e0 des \u00e9lectriciens sp\u00e9cialis\u00e9s ou doivent \u00eatre effectu\u00e9s sous la surveillance et la conduite de ces derniers. Veuillez respecter les normes et les prescriptions d&rsquo;installation \u00e9lectrique sp\u00e9cifiques \u00e0 votre pays, qui peuvent \u00e9ventuellement diff\u00e9rer de celles de la Belgique, et demandez conseil aupr\u00e8s d&rsquo;un installateur \u00e9lectrique local. Veuillez respecter en outre les consignes de s\u00e9curit\u00e9 et les prescriptions les plus r\u00e9centes concernant les produits en consultant le site du fabricant et\/ou les descriptions des produits et les instructions d&rsquo;installation qui s&rsquo;y trouvent.<\/p>\n\n\n\n<h3 class=\"wp-block-heading\">Conditions de vente entre particuliers<\/h3>\n\n\n\n<p>Les conditions de vente entre particuliers applicable sur ce site sont disponibles <a href=\"https:\/\/tybou.eu\/wordpress\/e-breizh\/vente-entre-particuliers-conditions\/\">ici<\/a>.<\/p>\n\n\n\n<p><\/p>\n","protected":false},"excerpt":{"rendered":"<p>Ayant r\u00e9alis\u00e9 la mise \u00e0 niveau de l&rsquo;installation \u00e9lectrique dans plusieurs des logements (exemple ici) par lesquels je suis pass\u00e9, j&rsquo;ai pu constater le co\u00fbt de cette op\u00e9ration et le mat\u00e9riel qu&rsquo;il reste apr\u00e8s l&rsquo;op\u00e9ration, mat\u00e9riel en parfait \u00e9tat de marche pour la majeure partie. C&rsquo;est \u00e0 ces occasions que j&rsquo;ai pu retirer d&rsquo;anciens disjoncteurs [&hellip;]<\/p>\n","protected":false},"author":1,"featured_media":0,"parent":0,"menu_order":0,"comment_status":"closed","ping_status":"closed","template":"","meta":{"footnotes":""},"class_list":["post-291","page","type-page","status-publish","hentry"],"_links":{"self":[{"href":"https:\/\/tybou.eu\/wordpress\/e-breizh\/wp-json\/wp\/v2\/pages\/291","targetHints":{"allow":["GET"]}}],"collection":[{"href":"https:\/\/tybou.eu\/wordpress\/e-breizh\/wp-json\/wp\/v2\/pages"}],"about":[{"href":"https:\/\/tybou.eu\/wordpress\/e-breizh\/wp-json\/wp\/v2\/types\/page"}],"author":[{"embeddable":true,"href":"https:\/\/tybou.eu\/wordpress\/e-breizh\/wp-json\/wp\/v2\/users\/1"}],"replies":[{"embeddable":true,"href":"https:\/\/tybou.eu\/wordpress\/e-breizh\/wp-json\/wp\/v2\/comments?post=291"}],"version-history":[{"count":13,"href":"https:\/\/tybou.eu\/wordpress\/e-breizh\/wp-json\/wp\/v2\/pages\/291\/revisions"}],"predecessor-version":[{"id":800,"href":"https:\/\/tybou.eu\/wordpress\/e-breizh\/wp-json\/wp\/v2\/pages\/291\/revisions\/800"}],"wp:attachment":[{"href":"https:\/\/tybou.eu\/wordpress\/e-breizh\/wp-json\/wp\/v2\/media?parent=291"}],"curies":[{"name":"wp","href":"https:\/\/api.w.org\/{rel}","templated":true}]}}