{"id":88,"date":"2020-08-30T19:40:59","date_gmt":"2020-08-30T19:40:59","guid":{"rendered":"https:\/\/tybou.eu\/wordpress\/api\/?post_type=product&#038;p=88"},"modified":"2026-02-15T23:28:44","modified_gmt":"2026-02-15T21:28:44","slug":"cire-dabeille-qualite-alimentaire","status":"publish","type":"product","link":"https:\/\/tybou.eu\/wordpress\/api\/product\/cire-dabeille-qualite-alimentaire\/","title":{"rendered":"Cire d&rsquo;abeille &#8211; Qualit\u00e9 alimentaire &#8211; 40g"},"content":{"rendered":"<p>Pure cire d&rsquo;abeilles. Elle provient des opercules retir\u00e9s durant l&rsquo;extraction du miel. C&rsquo;est la cire la plus pure qui puisse \u00eatre r\u00e9colt\u00e9e. Elle peut donc entrer en contacte avec les aliments, comme par exemple lorsqu&rsquo;elle est utilis\u00e9e pour imbiber du tissu servant \u00e0 emballer les aliments (beewrap) ou en \u00e9tanch\u00e9ification pour des gourdes m\u00e9di\u00e9vales.<\/p>\n<p>Parfaite \u00e9galement pour la r\u00e9alisation de cosm\u00e9tiques maisons ou de savons.<\/p>\n<p>Cette cire a \u00e9t\u00e9 produite par les abeilles en saison, puis r\u00e9colt\u00e9e, filtr\u00e9e et moul\u00e9e \u00e0 la main par moi m\u00eame. Elle est, bien s\u00fbr, d\u2019origine 100% Bruxelles\/Belgique.<\/p>\n<p>Disponible en moulage de forme carr\u00e9, comme sur les photos.<\/p>\n<p>Le poids du pain de cire est de 40g (\u00e0 5% pr\u00e8s).<\/p>\n<p>Par contre, pour la r\u00e9alisation de bougies ou encaustique pour les meubles, je vous conseille de prendre la cire provenant de la fonte des cadres, moins cher et de moins bonne qualit\u00e9 (en vente aussi sur ce site, voir \u00ab produits similaires \u00bb ci-dessous).<\/p>\n","protected":false},"excerpt":{"rendered":"<p>Pure cire d&rsquo;abeilles (d&rsquo;opercules).<\/p>\n","protected":false},"featured_media":89,"comment_status":"open","ping_status":"closed","template":"","meta":[],"product_brand":[],"product_cat":[38,22],"product_tag":[],"class_list":{"0":"post-88","1":"product","2":"type-product","3":"status-publish","4":"has-post-thumbnail","6":"product_cat-alimentaire","7":"product_cat-cire","9":"first","10":"instock","11":"shipping-taxable","12":"purchasable","13":"product-type-simple"},"_links":{"self":[{"href":"https:\/\/tybou.eu\/wordpress\/api\/wp-json\/wp\/v2\/product\/88","targetHints":{"allow":["GET"]}}],"collection":[{"href":"https:\/\/tybou.eu\/wordpress\/api\/wp-json\/wp\/v2\/product"}],"about":[{"href":"https:\/\/tybou.eu\/wordpress\/api\/wp-json\/wp\/v2\/types\/product"}],"replies":[{"embeddable":true,"href":"https:\/\/tybou.eu\/wordpress\/api\/wp-json\/wp\/v2\/comments?post=88"}],"wp:featuredmedia":[{"embeddable":true,"href":"https:\/\/tybou.eu\/wordpress\/api\/wp-json\/wp\/v2\/media\/89"}],"wp:attachment":[{"href":"https:\/\/tybou.eu\/wordpress\/api\/wp-json\/wp\/v2\/media?parent=88"}],"wp:term":[{"taxonomy":"product_brand","embeddable":true,"href":"https:\/\/tybou.eu\/wordpress\/api\/wp-json\/wp\/v2\/product_brand?post=88"},{"taxonomy":"product_cat","embeddable":true,"href":"https:\/\/tybou.eu\/wordpress\/api\/wp-json\/wp\/v2\/product_cat?post=88"},{"taxonomy":"product_tag","embeddable":true,"href":"https:\/\/tybou.eu\/wordpress\/api\/wp-json\/wp\/v2\/product_tag?post=88"}],"curies":[{"name":"wp","href":"https:\/\/api.w.org\/{rel}","templated":true}]}}