{"id":628,"date":"2025-10-05T20:26:42","date_gmt":"2025-10-05T18:26:42","guid":{"rendered":"https:\/\/tybou.eu\/wordpress\/api\/?post_type=product&#038;p=628"},"modified":"2026-02-03T20:58:11","modified_gmt":"2026-02-03T18:58:11","slug":"miel-printemps-2025","status":"publish","type":"product","link":"https:\/\/tybou.eu\/wordpress\/api\/product\/miel-printemps-2025\/","title":{"rendered":"Miel Printemps 2025"},"content":{"rendered":"<p>Pot de miel r\u00e9colt\u00e9 au printemps de 2025, issue du rucher de Bruxelles (Haren).<\/p>\n<p>Origine 100% Bruxelles\/Belgique.<\/p>\n<p>Toutes fleurs.<\/p>\n<p>Toutes les op\u00e9rations de r\u00e9colte, extraction et mise en pot ont \u00e9t\u00e9 r\u00e9alis\u00e9es \u00e0 la main et \u00e0 froid. Le miel conserve ainsi toutes ses vertus.<\/p>\n<p>Disponible en pot de 150, 300g, 500g et 1kg jusqu&rsquo;\u00e0 \u00e9puisement du stock.<\/p>\n<p>Ce miel est onctueux pour l&rsquo;instant. Apr\u00e8s cristallisation, il deviendra peut-\u00eatre un peu plus onctueux solide en terme de consistance. Sous toute ses formes, il restera toujours excellent !<\/p>\n","protected":false},"excerpt":{"rendered":"<p>Miel r\u00e9colt\u00e9 au printemps de 2025 sur Bruxelles.<\/p>\n","protected":false},"featured_media":632,"comment_status":"open","ping_status":"closed","template":"","meta":[],"product_brand":[],"product_cat":[64,55,63,59,54,30,37,16,31],"product_tag":[],"class_list":{"0":"post-628","1":"product","2":"type-product","3":"status-publish","4":"has-post-thumbnail","6":"product_cat-150g","7":"product_cat-pot-de-1kg","8":"product_cat-63","9":"product_cat-300g","10":"product_cat-pot-de-500g","11":"product_cat-ete","12":"product_cat-haren","13":"product_cat-miel","14":"product_cat-printemps","16":"first","17":"instock","18":"shipping-taxable","19":"purchasable","20":"product-type-variable"},"_links":{"self":[{"href":"https:\/\/tybou.eu\/wordpress\/api\/wp-json\/wp\/v2\/product\/628","targetHints":{"allow":["GET"]}}],"collection":[{"href":"https:\/\/tybou.eu\/wordpress\/api\/wp-json\/wp\/v2\/product"}],"about":[{"href":"https:\/\/tybou.eu\/wordpress\/api\/wp-json\/wp\/v2\/types\/product"}],"replies":[{"embeddable":true,"href":"https:\/\/tybou.eu\/wordpress\/api\/wp-json\/wp\/v2\/comments?post=628"}],"wp:featuredmedia":[{"embeddable":true,"href":"https:\/\/tybou.eu\/wordpress\/api\/wp-json\/wp\/v2\/media\/632"}],"wp:attachment":[{"href":"https:\/\/tybou.eu\/wordpress\/api\/wp-json\/wp\/v2\/media?parent=628"}],"wp:term":[{"taxonomy":"product_brand","embeddable":true,"href":"https:\/\/tybou.eu\/wordpress\/api\/wp-json\/wp\/v2\/product_brand?post=628"},{"taxonomy":"product_cat","embeddable":true,"href":"https:\/\/tybou.eu\/wordpress\/api\/wp-json\/wp\/v2\/product_cat?post=628"},{"taxonomy":"product_tag","embeddable":true,"href":"https:\/\/tybou.eu\/wordpress\/api\/wp-json\/wp\/v2\/product_tag?post=628"}],"curies":[{"name":"wp","href":"https:\/\/api.w.org\/{rel}","templated":true}]}}