{"id":569,"date":"2025-02-15T19:41:53","date_gmt":"2025-02-15T17:41:53","guid":{"rendered":"https:\/\/tybou.eu\/wordpress\/api\/?post_type=product&#038;p=569"},"modified":"2026-02-03T20:58:11","modified_gmt":"2026-02-03T18:58:11","slug":"miel-2024","status":"publish","type":"product","link":"https:\/\/tybou.eu\/wordpress\/api\/product\/miel-2024\/","title":{"rendered":"Miel 2024"},"content":{"rendered":"<p>Pot de miel r\u00e9colt\u00e9 en 2024, issue du rucher de Bruxelles (Haren).<\/p>\n<p>Origine 100% Bruxelles\/Belgique.<\/p>\n<p>Toutes fleurs.<\/p>\n<p>Toutes les op\u00e9rations de r\u00e9colte, extraction et mise en pot ont \u00e9t\u00e9 r\u00e9alis\u00e9es \u00e0 la main et \u00e0 froid. Le miel conserve ainsi toutes ses vertues.<\/p>\n<p>Disponible en pot de 300g, 500g et 1kg jusqu&rsquo;\u00e0 \u00e9puisement du stock.<\/p>\n<p>Ce miel est onctueux ou un peu plus solide en terme de consistance. Sous toute ses formes, il restera toujours excellent !<\/p>\n","protected":false},"excerpt":{"rendered":"<p>Miel r\u00e9colt\u00e9 en 2024 sur Bruxelles.<\/p>\n","protected":false},"featured_media":575,"comment_status":"open","ping_status":"closed","template":"","meta":[],"product_brand":[],"product_cat":[62,59,54,37,16],"product_tag":[],"class_list":{"0":"post-569","1":"product","2":"type-product","3":"status-publish","4":"has-post-thumbnail","6":"product_cat-62","7":"product_cat-300g","8":"product_cat-pot-de-500g","9":"product_cat-haren","10":"product_cat-miel","12":"first","13":"instock","14":"shipping-taxable","15":"purchasable","16":"product-type-variable","17":"has-default-attributes"},"_links":{"self":[{"href":"https:\/\/tybou.eu\/wordpress\/api\/wp-json\/wp\/v2\/product\/569","targetHints":{"allow":["GET"]}}],"collection":[{"href":"https:\/\/tybou.eu\/wordpress\/api\/wp-json\/wp\/v2\/product"}],"about":[{"href":"https:\/\/tybou.eu\/wordpress\/api\/wp-json\/wp\/v2\/types\/product"}],"replies":[{"embeddable":true,"href":"https:\/\/tybou.eu\/wordpress\/api\/wp-json\/wp\/v2\/comments?post=569"}],"wp:featuredmedia":[{"embeddable":true,"href":"https:\/\/tybou.eu\/wordpress\/api\/wp-json\/wp\/v2\/media\/575"}],"wp:attachment":[{"href":"https:\/\/tybou.eu\/wordpress\/api\/wp-json\/wp\/v2\/media?parent=569"}],"wp:term":[{"taxonomy":"product_brand","embeddable":true,"href":"https:\/\/tybou.eu\/wordpress\/api\/wp-json\/wp\/v2\/product_brand?post=569"},{"taxonomy":"product_cat","embeddable":true,"href":"https:\/\/tybou.eu\/wordpress\/api\/wp-json\/wp\/v2\/product_cat?post=569"},{"taxonomy":"product_tag","embeddable":true,"href":"https:\/\/tybou.eu\/wordpress\/api\/wp-json\/wp\/v2\/product_tag?post=569"}],"curies":[{"name":"wp","href":"https:\/\/api.w.org\/{rel}","templated":true}]}}