{"id":458,"date":"2023-08-11T19:08:04","date_gmt":"2023-08-11T17:08:04","guid":{"rendered":"https:\/\/tybou.eu\/wordpress\/api\/?post_type=product&#038;p=458"},"modified":"2025-09-11T23:54:05","modified_gmt":"2025-09-11T21:54:05","slug":"cire-dabeille-bougies-encaustique","status":"publish","type":"product","link":"https:\/\/tybou.eu\/wordpress\/api\/product\/cire-dabeille-bougies-encaustique\/","title":{"rendered":"Cire d&rsquo;abeille &#8211; Bougies\/Encaustique"},"content":{"rendered":"<p>Pure cire d&rsquo;abeilles. Elle provient de la fonte (dans un c\u00e9rificateur solaire) des cadres de ruche.<\/p>\n<p>Cette cire est destin\u00e9e \u00e0 la r\u00e9alisation de produits non alimentaires (bougies, encaustique) car elle provient de tous les cadres de la ruche, dont ceux du corps qui ont parfois plusieurs ann\u00e9es.<\/p>\n<p>Pour la r\u00e9alisation de beewrap, de cosm\u00e9tiques ou de savons, je vous conseille plut\u00f4t de prendre la cire de qualit\u00e9 alimentaire (en vente aussi sur ce site, voir \u00ab\u00a0produits similaires\u00a0\u00bb ci-dessous).<\/p>\n<p>Cette cire a \u00e9t\u00e9 r\u00e9colt\u00e9e, fondue en c\u00e9rificateur solaire, puis filtr\u00e9e et moul\u00e9e \u00e0 la main par moi m\u00eame. Elle est, bien s\u00fbr, d\u2019origine 100% Bruxelles\/Belgique.<\/p>\n<p>Disponible en moulage de forme hexagonal, comme sur les photos, d&rsquo;un poids maximum de 25g.<br \/>\nLa vente se fait au poids, par lot de 100g, 250g, 500g, 1Kg (\u00e0 5% pr\u00e8s). Chaque lot sera constitu\u00e9 par un ensemble de moulages hexagonaux pour atteindre le poids command\u00e9.<\/p>\n","protected":false},"excerpt":{"rendered":"<p>Pure cire d&rsquo;abeilles r\u00e9colt\u00e9e, fondue en c\u00e9rificateur solaire, puis filtr\u00e9e et moul\u00e9e \u00e0 la main par moi m\u00eame.<\/p>\n<p>D\u2019origine 100% Bruxelles\/Belgique.<\/p>\n","protected":false},"featured_media":459,"comment_status":"open","ping_status":"closed","template":"","meta":[],"product_brand":[],"product_cat":[22,39],"product_tag":[],"class_list":{"0":"post-458","1":"product","2":"type-product","3":"status-publish","4":"has-post-thumbnail","6":"product_cat-cire","7":"product_cat-non-alimentaire","9":"first","10":"instock","11":"shipping-taxable","12":"purchasable","13":"product-type-variable","14":"has-default-attributes"},"_links":{"self":[{"href":"https:\/\/tybou.eu\/wordpress\/api\/wp-json\/wp\/v2\/product\/458","targetHints":{"allow":["GET"]}}],"collection":[{"href":"https:\/\/tybou.eu\/wordpress\/api\/wp-json\/wp\/v2\/product"}],"about":[{"href":"https:\/\/tybou.eu\/wordpress\/api\/wp-json\/wp\/v2\/types\/product"}],"replies":[{"embeddable":true,"href":"https:\/\/tybou.eu\/wordpress\/api\/wp-json\/wp\/v2\/comments?post=458"}],"wp:featuredmedia":[{"embeddable":true,"href":"https:\/\/tybou.eu\/wordpress\/api\/wp-json\/wp\/v2\/media\/459"}],"wp:attachment":[{"href":"https:\/\/tybou.eu\/wordpress\/api\/wp-json\/wp\/v2\/media?parent=458"}],"wp:term":[{"taxonomy":"product_brand","embeddable":true,"href":"https:\/\/tybou.eu\/wordpress\/api\/wp-json\/wp\/v2\/product_brand?post=458"},{"taxonomy":"product_cat","embeddable":true,"href":"https:\/\/tybou.eu\/wordpress\/api\/wp-json\/wp\/v2\/product_cat?post=458"},{"taxonomy":"product_tag","embeddable":true,"href":"https:\/\/tybou.eu\/wordpress\/api\/wp-json\/wp\/v2\/product_tag?post=458"}],"curies":[{"name":"wp","href":"https:\/\/api.w.org\/{rel}","templated":true}]}}