{"id":181,"date":"2020-09-14T22:03:05","date_gmt":"2020-09-14T22:03:05","guid":{"rendered":"https:\/\/tybou.eu\/wordpress\/api\/?page_id=181"},"modified":"2025-07-08T15:26:02","modified_gmt":"2025-07-08T13:26:02","slug":"a-propos-de-lapiculteur","status":"publish","type":"page","link":"https:\/\/tybou.eu\/wordpress\/api\/a-propos-de-lapiculteur\/","title":{"rendered":"\u00c0 propos&#8230;"},"content":{"rendered":"\n<h2 class=\"wp-block-heading\"><strong>\u00c0 propos de l&rsquo;apiculteur et de ce site&#8230;<\/strong><\/h2>\n\n\n\n<p>Passion, d\u00e9couverte, rencontre et retour au lien qui nous uni \u00e0 la nature sont les premi\u00e8res id\u00e9es qui me viennent \u00e0 l&rsquo;esprit \u00e0 propos de l&rsquo;apiculture.<\/p>\n\n\n<div class=\"wp-block-image\">\n<figure class=\"aligncenter size-large is-resized\"><img loading=\"lazy\" decoding=\"async\" width=\"1024\" height=\"589\" src=\"https:\/\/tybou.eu\/wordpress\/api\/wp-content\/uploads\/sites\/8\/2020\/09\/Bertrand-1024x589.jpg\" alt=\"\" class=\"wp-image-157\" style=\"width:485px;height:279px\" srcset=\"https:\/\/tybou.eu\/wordpress\/api\/wp-content\/uploads\/sites\/8\/2020\/09\/Bertrand-1024x589.jpg 1024w, https:\/\/tybou.eu\/wordpress\/api\/wp-content\/uploads\/sites\/8\/2020\/09\/Bertrand-300x173.jpg 300w, https:\/\/tybou.eu\/wordpress\/api\/wp-content\/uploads\/sites\/8\/2020\/09\/Bertrand-768x442.jpg 768w, https:\/\/tybou.eu\/wordpress\/api\/wp-content\/uploads\/sites\/8\/2020\/09\/Bertrand-1536x884.jpg 1536w, https:\/\/tybou.eu\/wordpress\/api\/wp-content\/uploads\/sites\/8\/2020\/09\/Bertrand-2048x1179.jpg 2048w, https:\/\/tybou.eu\/wordpress\/api\/wp-content\/uploads\/sites\/8\/2020\/09\/Bertrand-416x239.jpg 416w\" sizes=\"auto, (max-width: 1024px) 100vw, 1024px\" \/><figcaption class=\"wp-element-caption\">Bertrand Bousquet-Hourat<\/figcaption><\/figure>\n<\/div>\n\n\n<p>Passionn\u00e9 par l&rsquo;apiculture, c&rsquo;est aupr\u00e8s d&rsquo;autres apiculteurs que j&rsquo;ai commenc\u00e9 \u00e0 contribuer au suivi de ruches sur la r\u00e9gion Bruxelloise.<\/p>\n\n\n\n<p>En 2016, j&rsquo;ai d\u00e9marr\u00e9 une formation de 2 ann\u00e9es \u00e0 la SRABE (Soci\u00e9t\u00e9 Royale  d&rsquo;Apiculture de Bruxelles et ses Environs <a href=\"http:\/\/api-bxl.be\/\">http:\/\/api-bxl.be\/<\/a> ) qui m&rsquo;a permise d&rsquo;acqu\u00e9rir de la connaissance et un peu de pratique. En d\u00e9marrant avec une premi\u00e8re colonie d&rsquo;abeilles locales re\u00e7ue en 2017, j&rsquo;ai pu, au fil des ann\u00e9es, \u00e9tendre mon cheptel et dispose aujourd&rsquo;hui d&rsquo;une dizaine de ruches r\u00e9parties sur 3 ruchers, situ\u00e9s \u00e0 Auderghem,  Woluw\u00e9-Saint-Pierre et Haren.<\/p>\n\n\n\n<p>Je pratique l&rsquo;apiculture comme ind\u00e9pendant compl\u00e9mentaire en plus et en dehors de mon m\u00e9tier \u00ab\u00a0de base\u00a0\u00bb d&rsquo;ing\u00e9nieur en informatique et \u00e9lectronique. Ma pratique, bien que non labellis\u00e9e \u00ab\u00a0BIO\u00a0\u00bb, correspond \u00e0 celle enseign\u00e9e \u00e0 la SRABE \u00e0 savoir similaire en tous points \u00e0 une pratique \u00ab\u00a0BIO\u00a0\u00bb :<\/p>\n\n\n\n<ul class=\"wp-block-list\">\n<li>Renouvellement r\u00e9gulier de la cire des ruches avec de la pure cire d&rsquo;abeilles, issue des opercules.<\/li>\n\n\n\n<li>Les traitements combinent des mesures de pr\u00e9vention et la lutte biotechnique (cadres \u00e0 m\u00e2les pour r\u00e9duire la population de varroa) avant d\u2019avoir recours aux m\u00e9dicaments \u00e0 base de produits autoris\u00e9s en apiculture biologique (acide formique ou oxalique).<\/li>\n\n\n\n<li>Suivi des colonies pour laisser suffisamment de r\u00e9serve de miel aux colonies, \u00e9vitant de devoir les nourrir. Ajout de miel issue des colonies ou de sirop si besoin. Pas de nourrissement prot\u00e9ique (pollen), ni d&rsquo;utilisation de levures ou de spiruline. Le nourrissage n\u2019est r\u00e9alis\u00e9 que lorsque la survie des ruches est menac\u00e9e en raison des conditions climatiques.<\/li>\n\n\n\n<li>J&rsquo;ai fabriqu\u00e9 mes ruches (corps, hausses et de nombreux cadres) en bois brut. Comme traitement de protection, j&rsquo;ai tremp\u00e9 l&rsquo;ensemble dans de <a href=\"https:\/\/tybou.eu\/wordpress\/blog\/2018\/04\/14\/traitement-ruches-huile-de-lin-a-120\/\">l&rsquo;huile de lin chauff\u00e9e \u00e0 120\u00b0<\/a>. Certains \u00e9l\u00e9ments de la ruche sont en plastique : nourrisseur, grille \u00e0 reine, plancher. Ceux en bois sont d\u00e9sinfect\u00e9s \u00e0 la flamme directe (chalumeau) lorsqu&rsquo;ils sont recycl\u00e9s dans le rucher.<\/li>\n\n\n\n<li>Le miel est extrait, stock\u00e9 et mis en pots \u00e0 froid pour conserver sa qualit\u00e9 et la richesse des \u00e9l\u00e9ments qui le composent.<\/li>\n<\/ul>\n\n\n\n<p>Je produits donc du miel sur Bruxelles. J&rsquo;habite \u00e0 Auderghem, \u00e0 proximit\u00e9 de la place Pinoy et de la station de m\u00e9tro Herrmann-Debroux. Je vends ma production essentiellement via le bouche \u00e0 oreilles et aux amis\/famille.<br> <br>Vous pourrez en trouver parfois quelques pots de ma production dans une \u00e9picerie, boulangerie ou autre magasin BIO sur Bruxelles. Je conditionne le miel en format 300g et 500g principalement, parfois quelques pots de 1Kg. Je vous propose \u00e9galement de la cire issue de mes ruches.<\/p>\n\n\n<div class=\"wp-block-image\">\n<figure class=\"aligncenter size-large is-resized\"><img loading=\"lazy\" decoding=\"async\" width=\"1024\" height=\"482\" src=\"https:\/\/tybou.eu\/wordpress\/api\/wp-content\/uploads\/sites\/8\/2020\/09\/Miel-1024x482.jpg\" alt=\"\" class=\"wp-image-161\" style=\"width:671px;height:316px\" srcset=\"https:\/\/tybou.eu\/wordpress\/api\/wp-content\/uploads\/sites\/8\/2020\/09\/Miel-1024x482.jpg 1024w, https:\/\/tybou.eu\/wordpress\/api\/wp-content\/uploads\/sites\/8\/2020\/09\/Miel-300x141.jpg 300w, https:\/\/tybou.eu\/wordpress\/api\/wp-content\/uploads\/sites\/8\/2020\/09\/Miel-768x361.jpg 768w, https:\/\/tybou.eu\/wordpress\/api\/wp-content\/uploads\/sites\/8\/2020\/09\/Miel-1536x722.jpg 1536w, https:\/\/tybou.eu\/wordpress\/api\/wp-content\/uploads\/sites\/8\/2020\/09\/Miel-2048x963.jpg 2048w, https:\/\/tybou.eu\/wordpress\/api\/wp-content\/uploads\/sites\/8\/2020\/09\/Miel-416x196.jpg 416w\" sizes=\"auto, (max-width: 1024px) 100vw, 1024px\" \/><figcaption class=\"wp-element-caption\">Les diff\u00e9rents produits en vente &#8211; saison 2019<br><\/figcaption><\/figure>\n<\/div>\n\n\n<p>Produisant, entre autre, une denr\u00e9e alimentaire qui doit \u00eatre tra\u00e7able, je suis enregistr\u00e9 aupr\u00e8s de l&rsquo;AFSCA (No 9.005.217.595) en tant qu&rsquo;apiculteur producteur de produits de la ruche. Chacun des ruchers dispose de son propre num\u00e9ro d&rsquo;\u00e9tablissement. J&rsquo;ai d\u00e9clar\u00e9 mon activit\u00e9 sous le nom \u00ab\u00a0API Tybou\u00a0\u00bb en septembre 2019 aupr\u00e8s de la BCE (Banque Carrefour des Entreprises) sous le No 0751.931.033. B\u00e9n\u00e9ficiant du \u00ab<em>R\u00e9gime particulier de franchise des petites entreprises<\/em>\u00bb, je peux \u00e9mettre des factures sans porter en compte de TVA. Le compte bancaire associ\u00e9 \u00e0 cette entreprise est le suivant : IBAN : BE50 7390 2821 9018, BIC : KREDBEBB.<\/p>\n\n\n\n<p>Ce site web vient donc compl\u00e9ter les autres canaux de vente, principalement le bouche \u00e0 oreille. Con\u00e7u d\u00e9but 2020, je le maintiens du mieux possible. Toutes vos remarques sont les bienvenues !!!<br>Les photos proviennent de celles que j&rsquo;ai prises, ou qui m&rsquo;ont \u00e9t\u00e9 transmises suite \u00e0 des activit\u00e9s apicoles (visites de ruches, r\u00e9cup\u00e9ration d&rsquo;essaim, animation pour des groupes&#8230;).<br>Pour les dessins, celui de l&rsquo;\u00e9tiquette de mes pots de miel provient de mon fils \u00c9louan, et le logo du site, d&rsquo;une ni\u00e8ce de la propri\u00e9taire du terrain h\u00e9bergeant mon rucher d&rsquo;Auderghem.<\/p>\n\n\n\n<p>Merci pour vos achats me permettant de couvrir mes frais annuels relatifs \u00e0 mon activit\u00e9 apicole. Bien s\u00fbr, un professionnel qui souhaiterait vivre de son activit\u00e9 apicole devrait, soit vendre bien plus cher son miel, soit disposer de plusieurs centaines de ruches pour assurer les revenus suffisants. Ici, le prix de vente est align\u00e9 sur le prix pratiqu\u00e9 par les autres apiculteurs membres de la SRABE. Il permet de couvrir les frais de production du miel, tels que mat\u00e9riels (bois, \u00e9quipements et outils apicoles, pots, nourrissage, traitements&#8230;), les frais de souscription (SRABE &amp; assurance, revues apicoles) et autres services (site web, solution de paiement&#8230;) uniquement. Le temps que je consacre au suivi, extraction, vente, fabrication du mat\u00e9riel et sa maintenance, animations p\u00e9dagogiques et autre est pris sur mon temps personnel, de loisir. C&rsquo;est une passion pour moi, et je ne compte donc pas ce temps-l\u00e0. Ceci permet donc de maintenir un prix \u00ab\u00a0co\u00fbtant\u00a0\u00bb sur le miel et la cire, et similaire au prix du miel propos\u00e9 sur la r\u00e9gion Bruxelloise par les professionnels, \u00e9vitant ainsi une concurrence d\u00e9loyale.<\/p>\n\n\n<div class=\"wp-block-image\">\n<figure class=\"aligncenter size-large is-resized\"><img loading=\"lazy\" decoding=\"async\" width=\"1024\" height=\"681\" src=\"https:\/\/tybou.eu\/wordpress\/api\/wp-content\/uploads\/sites\/8\/2020\/09\/DSC_7754-Medium-1024x681.jpg\" alt=\"\" class=\"wp-image-222\" style=\"width:660px;height:439px\" srcset=\"https:\/\/tybou.eu\/wordpress\/api\/wp-content\/uploads\/sites\/8\/2020\/09\/DSC_7754-Medium-1024x681.jpg 1024w, https:\/\/tybou.eu\/wordpress\/api\/wp-content\/uploads\/sites\/8\/2020\/09\/DSC_7754-Medium-300x199.jpg 300w, https:\/\/tybou.eu\/wordpress\/api\/wp-content\/uploads\/sites\/8\/2020\/09\/DSC_7754-Medium-768x511.jpg 768w, https:\/\/tybou.eu\/wordpress\/api\/wp-content\/uploads\/sites\/8\/2020\/09\/DSC_7754-Medium-416x277.jpg 416w, https:\/\/tybou.eu\/wordpress\/api\/wp-content\/uploads\/sites\/8\/2020\/09\/DSC_7754-Medium.jpg 1155w\" sizes=\"auto, (max-width: 1024px) 100vw, 1024px\" \/><figcaption class=\"wp-element-caption\">Les diff\u00e9rents produits en vente &#8211; saison 2020<\/figcaption><\/figure>\n<\/div>\n\n\n<p><\/p>\n","protected":false},"excerpt":{"rendered":"<p>\u00c0 propos de l&rsquo;apiculteur et de ce site&#8230; Passion, d\u00e9couverte, rencontre et retour au lien qui nous uni \u00e0 la nature sont les premi\u00e8res id\u00e9es qui me viennent \u00e0 l&rsquo;esprit \u00e0 propos de l&rsquo;apiculture. Passionn\u00e9 par l&rsquo;apiculture, c&rsquo;est aupr\u00e8s d&rsquo;autres apiculteurs que j&rsquo;ai commenc\u00e9 \u00e0 contribuer au suivi de ruches sur la r\u00e9gion Bruxelloise. En [&hellip;]<\/p>\n","protected":false},"author":1,"featured_media":0,"parent":0,"menu_order":0,"comment_status":"closed","ping_status":"closed","template":"","meta":{"footnotes":""},"class_list":["post-181","page","type-page","status-publish","hentry"],"_links":{"self":[{"href":"https:\/\/tybou.eu\/wordpress\/api\/wp-json\/wp\/v2\/pages\/181","targetHints":{"allow":["GET"]}}],"collection":[{"href":"https:\/\/tybou.eu\/wordpress\/api\/wp-json\/wp\/v2\/pages"}],"about":[{"href":"https:\/\/tybou.eu\/wordpress\/api\/wp-json\/wp\/v2\/types\/page"}],"author":[{"embeddable":true,"href":"https:\/\/tybou.eu\/wordpress\/api\/wp-json\/wp\/v2\/users\/1"}],"replies":[{"embeddable":true,"href":"https:\/\/tybou.eu\/wordpress\/api\/wp-json\/wp\/v2\/comments?post=181"}],"version-history":[{"count":9,"href":"https:\/\/tybou.eu\/wordpress\/api\/wp-json\/wp\/v2\/pages\/181\/revisions"}],"predecessor-version":[{"id":612,"href":"https:\/\/tybou.eu\/wordpress\/api\/wp-json\/wp\/v2\/pages\/181\/revisions\/612"}],"wp:attachment":[{"href":"https:\/\/tybou.eu\/wordpress\/api\/wp-json\/wp\/v2\/media?parent=181"}],"curies":[{"name":"wp","href":"https:\/\/api.w.org\/{rel}","templated":true}]}}